{"id":10,"date":"2020-11-11T12:46:06","date_gmt":"2020-11-11T11:46:06","guid":{"rendered":"http:\/\/fonderie-infocom.net\/research\/carsten-wilhelm\/?page_id=10"},"modified":"2026-04-12T14:54:33","modified_gmt":"2026-04-12T12:54:33","slug":"publications","status":"publish","type":"page","link":"http:\/\/fonderie-infocom.net\/research\/carsten-wilhelm\/publications\/","title":{"rendered":"Publications"},"content":{"rendered":"\n<p><a href=\"http:\/\/fonderie-infocom.net\/research\/carsten-wilhelm\/publications-par-domaine\/\" data-type=\"page\" data-id=\"212\">Publication par domaine<\/a><\/p>\n\n\n\n<h4 class=\"wp-block-heading\"><strong>S\u00e9lection de Publications<\/strong><br><\/h4>\n\n\n\n<p><strong>2026<\/strong><\/p>\n\n\n\n<p>(appel en cours) avec Laurent Collet&nbsp;: Intelligences Artificielles g\u00e9n\u00e9ratives (GenAI) et m\u00e9tiers de la communication : \u00e9volutions professionnelles, adaptations des formations, conceptualisations scientifiques, RFSIC (publication pr\u00e9vue en 2026) : <a href=\"https:\/\/journals.openedition.org\/rfsic\/16816\">https:\/\/journals.openedition.org\/rfsic\/16816<\/a><\/p>\n\n\n\n<p><strong>2025<\/strong><\/p>\n\n\n\n<p>dossier de revue, avec Dmitry Epstein, Philipp K. Masur, Kelly Quinn, Lemi Baruh and Christoph Lutz (2025), <em>Social Media &amp; Society<\/em> : \u00ab\u00a0Comparative Approaches To Studying Privacy: Opening Up New Perspectives\u00a0\u00bb <a href=\"https:\/\/journals.sagepub.com\/topic\/collections-sms\/sms-1-comparative_approaches_to_studying_privacy?publicationCode=sms\">https:\/\/journals.sagepub.com\/topic\/collections-sms\/sms-1-comparative_approaches_to_studying_privacy?publicationCode=sms<\/a><\/p>\n\n\n\n<p>avec Masur, P. K., Epstein, D., Quinn, K., Wilhelm, C., Baruh, L., &amp; Lutz, C. (2025). Comparative privacy research: Literature review, framework, and research agenda. The Information Society, 41(2), 69\u201390. https:\/\/doi-org.scd-proxy.uha.fr\/10.1080\/01972243.2025.2451863<\/p>\n\n\n\n<p>avec Laurent Collet, Michel Durampart, Jean-Claude Domenget (2025) \u00ab\u00a0La formation \u00e0 l\u2019IA g\u00e9n\u00e9rative : enjeux \u00e9thiques en contexte de transformation num\u00e9rique\u00a0\u00bb, dans Marc Trestini, Philippe Viallon, Ismahane Ouadah. Actes du colloque Congr\u00e8s Orbicom \u2013 GTnum IA2GE &#8211; ITI LIRIC. Communication, Intelligence Artificielle, Rem\u00e9diation, Ethique et Inclusion (CIAREI), Sep 2025, Strasbourg, France. 1 (1), 2026, p.90-96. 978-2-9598396-2-7. \u27e8hal-05562630\u27e9<\/p>\n\n\n\n<p><strong>2024<\/strong><\/p>\n\n\n\n<p>avec Dmitry Epstein, Nicolas John, Andra Siibak, Christine Barats (2024), \u00ab A moment of turbulence: Privacy considerations in the pivot to distance learning during COVID-19 in higher education in Estonia, France and Israel \u00bb. New Media and Society, 8_2024, en ligne https:\/\/journals.sagepub.com\/doi\/pdf\/10.1177\/14614448241270406<\/p>\n\n\n\n<p>Pour une comparaison des m\u00e9diatisations des expertises scientifiques\u202f: Le cas de l\u2019Allemagne. Dans L. Corroy &amp; C. Chauzal-Larguier (\u00c9ds), L\u2019expertise dans les m\u00e9dias pendant la pand\u00e9mie\u202f: De la diversit\u00e9 d\u2019experts \u00e0 la cacophonie. Londres, Paris: ISTE Group. 102-127.<\/p>\n\n\n\n<p><strong>2023<\/strong><\/p>\n\n\n\n<p>avec Stefanie Averbeck-Lietz, Sarah Cordonnier, Fabien Bonnet (2023). Understanding and Stimulating the (Still) Neglected German-French Milieu in Communication and Media Studies. History of Media Studies, 3. https:\/\/doi.org\/10.32376\/d895a0ea.9aea0574<\/p>\n\n\n\n<p><strong>2022<\/strong><\/p>\n\n\n\n<p>avec Lars Rinsdorf \u00ab A German Perspective on Research Ethics in Communication Studies. Interview with Lars Rinsdorf \u00bb, Revue fran\u00e7aise des sciences de l\u2019information et de la communication [En ligne], 25 | 2022, mis en ligne le 01 septembre 2022, consult\u00e9 le 19 octobre 2022. URL : https:\/\/doi.org\/10.4000\/rfsic.13198 [Entretien, non expertis\u00e9e en double aveugle]*<\/p>\n\n\n\n<p>dossier de revue <em>Questionner l\u2019\u00e9thique depuis les SIC en contexte num\u00e9rique<\/em><strong>, <\/strong>Revue fran\u00e7aise des sciences de l\u2019information et de la communication, n\u00b025, <a href=\"https:\/\/journals.openedition.org\/rfsic\/11529\">https:\/\/journals.openedition.org\/rfsic\/11529<\/a>, avec le Groupe d\u2019\u00e9tude et de recherche GENIC, publication sept. 2022<\/p>\n\n\n\n<p>avec Ina Dietzsch, (2022). Interview avec Ina Dietzsch. Interfaces num\u00e9riques, 11(1) Culture.s du technique, de l\u2019innovation et de la communication : imaginaires, potentialit\u00e9s, utopies. URL : https:\/\/www.unilim.fr\/interfaces-numeriques\/4753 [Entretien, non expertis\u00e9e en double aveugle]*<\/p>\n\n\n\n<p>avec Christine Barats, \u00ab L\u2019universit\u00e9 \u00e0 la maison ou la plasticit\u00e9 de la vie priv\u00e9e en temps de Covid-19 \u00bb, <em>Quaderni<\/em>, 106, 2022, 65-80. <a href=\"https:\/\/doi.org\/10.4000\/quaderni.2308\">https:\/\/doi.org\/10.4000\/quaderni.2308<\/a><\/p>\n\n\n\n<p>avec Christine Barats, Dmitry Epstein, Nicolas John et Andra Siibak (2022), \u00ab Enseignement en ligne et vie priv\u00e9e : premiers r\u00e9sultats d\u2019une enqu\u00eate comparative en Estonie, en France et en Israel \u00bb, Les Cahiers de la SFSIC [En ligne], Collection, Num\u00e9ro 17, Rubrique Questions de recherche, URL : https:\/\/www.sfsic.org\/publications-sfsic\/cahiers\/cahiers-de-la-sfsic-17\/<\/p>\n\n\n\n<p>\u00ab Comparer les imaginaires sociaux du num\u00e9rique en SIC&nbsp;: vers une th\u00e9orie critique situ\u00e9e des rationalisations num\u00e9riques \u00bb. <em>Approches Th\u00e9oriques en Information-Communication (ATIC)<\/em>, 3, 109-129. <a href=\"https:\/\/doi.org\/10.3917\/atic.003.0109\">https:\/\/doi.org\/10.3917\/atic.003.0109<\/a><\/p>\n\n\n\n<p>dossier de revue <em>Culture.s du technique, de l\u2019innovation et de la communication&nbsp;: imaginaires, potentialit\u00e9s, utopies<\/em>, Interfaces Num\u00e9riques,Vol 11(1), 2022, avec Eleni Mitropoulou<br><\/p>\n\n\n\n<p><strong>2021<\/strong><\/p>\n\n\n\n<p>Pr\u00e9-Print (\u00e9valuation en cours)&nbsp;: avec Philipp K. Masur, Dmitry Epstein, Kelly Quinn, Lemi Baruh et Christoph Lutz (2021). \u00ab A Comparative Privacy Research Framework \u00bb.&nbsp;<em>SocArXiv.&nbsp;<\/em><a href=\"https:\/\/doi.org\/10.31235\/osf.io\/fjqhs\">https:\/\/doi.org\/10.31235\/osf.io\/fjqhs<\/a><\/p>\n\n\n\n<p>avec C\u00e9cile Dolbeau-Bandin, \u00ab Comment apprivoiser son public avec un robot dit social ? La sentence artificielle ventriloque de la soci\u00e9t\u00e9 Hanson Robotics Limited \u00bb, <em>Communication, technologies et d\u00e9veloppement<\/em>, 10, 2021, URL : <a href=\"https:\/\/journals.openedition.org\/ctd\/5790#tocto1n4\">https:\/\/journals.openedition.org\/ctd\/5790<\/a><br><br>\u00ab Approche socio-culturelle et comparative des repr\u00e9sentations du num\u00e9rique. Vie priv\u00e9e et &lsquo;hygi\u00e8ne de vie num\u00e9rique&rsquo; en Allemagne \u00bb. <em>Interfaces num\u00e9riques<\/em>, 10 (2). <a href=\"https:\/\/doi.org\/10.25965\/interfaces-numeriques.4589\">https:\/\/doi.org\/10.25965\/interfaces-numeriques.4589<\/a><br><\/p>\n\n\n\n<p><strong>2020<\/strong><br> avec et Jean-Fran\u00e7ois Havard et Fran\u00e7ois Malick Diouf, \u00ab&nbsp;<a rel=\"noreferrer noopener\" href=\"https:\/\/www.cairn.info\/revue-communication-et-langages-2020-3-page-35.htm\" target=\"_blank\">Un Imam \u00ab&nbsp;connect\u00e9&nbsp;\u00bb au S\u00e9n\u00e9gal. Auto-entreprenariat religieux et strat\u00e9gie \u00ab&nbsp;agendatique&nbsp;\u00bb<\/a>, Communication et langages, n\u00b0205<br><\/p>\n\n\n\n<p>avec Jean-Claude Domenget et Cl\u00e9mence Andreys, \u00ab Vin et alt\u00e9rit\u00e9 dans un monde num\u00e9rique\u202f: Pour une approche info-communicationnelle \u00bb. In A. Voegele, S. M. A. Goldblum, T. Nicklas, F. Toudoire-Surlapierre, M. Faure, H.-R. Institut de recherche en langues et litt\u00e9ratures europ\u00e9ennes (Mulhouse, &amp; M. Centre interdisciplinaire de recherche sur les langues et la pens\u00e9e (Reims (\u00c9ds.), Vin &amp; alt\u00e9rit\u00e9\u202f: Le vin \u00e0 l\u2019\u00e9preuve des sciences humaines<br>&nbsp;<br>avec J.C., Domenget, J.-C., &amp; Andr\u00e9ys, C., \u00ab Facteurs de professionnalisation de la fili\u00e8re des vins du Jura \u00bb [Actes du colloque Univigne 2020 \u00ab \u00bbRegards crois\u00e9s sur les transformations des fili\u00e8res et des acteurs de la vigne et du vin \u00bb, Reims, Epure<br><\/p>\n\n\n\n<p><strong> 2019<\/strong><br>dossier de revue avec Claire Scopsi, Khaled Zouari, <a rel=\"noreferrer noopener\" href=\"https:\/\/journals.openedition.org\/rfsic\/3768\" target=\"_blank\">Migrants et migrations en SIC<\/a>, pour la Revue fran\u00e7aise des sciences de l\u2019information et de la communication, n\u00b017, (2019) <\/p>\n\n\n\n<p>dossier de revue avec Fabien Bonnet et Eleni Mitropoulou <a rel=\"noreferrer noopener\" href=\"https:\/\/www.unilim.fr\/interfaces-numeriques\/3723\" target=\"_blank\">Design et la fonction communication : Rencontre et esquisses paradigmatiques autour de la relation au public<\/a>, pour Interfaces num\u00e9riques (2019) <\/p>\n\n\n\n<p>avec S. Averbeck-Lietz et.al. \u00ab&nbsp;<a rel=\"noreferrer noopener\" href=\"https:\/\/doi.org\/10.1007\/s11616-019-00504-3\" target=\"_blank\">Communication Studies in France : Looking for a \u201cTerre du milieu\u201d ?<\/a>&nbsp;\u00bb, Publizistik 64:363\u2013380. <a href=\"https:\/\/doi.org\/10.1007\/s11616-019-00504-3\">https:\/\/doi.org\/10.1007\/s11616-019-00504-3<\/a><br><\/p>\n\n\n\n<p><strong> 2018<\/strong><br> avec J.-C. Domenget, \u00ab&nbsp;L\u2019\u00e9thique des pratiques de recherche li\u00e9es au num\u00e9rique en SIC&nbsp;: le r\u00f4le de la Soci\u00e9t\u00e9 Fran\u00e7aise des Sciences de l\u2019information et de la communication&nbsp;\u00bb, dans G. Chartron et.al. L\u2019\u00e9thique en contexte info-communicationnel num\u00e9rique : D\u00e9ontologie, r\u00e9gulation, algorithme, espace public. DeBoeck Sup\u00e9rieur : Louvain-La-Neuve. pp. 101-112.<br><\/p>\n\n\n\n<p><strong>2017<\/strong><br> avec S. Bosler,  \u00ab <a rel=\"noreferrer noopener\" href=\"https:\/\/lesenjeux.univ-grenoble-alpes.fr\/2017-supplementB\/06-Bosler-Wilhelm\/\" target=\"_blank\">La politique des \u00e9tudes d\u2019usage : une m\u00e9ta-analyse internationale des \u00e9tudes sur les m\u00e9dias num\u00e9riques<\/a> \u00bb, Les Enjeux de l&rsquo;Information et de la Communication, n\u00b018\/3A, 2017, p.73 \u00e0 86, consult\u00e9 le lundi 2 avril 2018<br><br> avec O.Thevenin, \u00ab The French Context of Internet Studies: Sociability and digital practice \u00bb,  in Kommunikationswissenschaft im internationalen Vergleich : Transnationale Perspektiven, (sous dir. de) S. Averbeck-Lietz, Springer VS, Wiesbaden, pp 161-184.<br><\/p>\n\n\n\n<p><strong>2016<\/strong><br> \u00ab<a rel=\"noreferrer noopener\" href=\"https:\/\/journals.openedition.org\/communicationorganisation\/5215\" target=\"_blank\">Dans le halo des MOOC, la rationalit\u00e9 communicationnelle de la formation 2.0<\/a>\u00bb, Communication et Organisations 49, 87-100.<br><br> avec C. Roth, C, \u00ab&nbsp;<a rel=\"noreferrer noopener\" href=\"http:\/\/rfsic.revues.org\/2451\" target=\"_blank\">M\u00e9dias culturels et Interculturalit\u00e9&nbsp;: regards crois\u00e9s France-Allemagne<\/a>&nbsp;\u00bb, Revue fran\u00e7aise des sciences de l\u2019information et de la communication [En ligne], 9&nbsp;|&nbsp;2016, mis en ligne le 01 septembre 2016, consult\u00e9 le 23 septembre 2018. <br><\/p>\n\n\n\n<p><strong>2015<\/strong><br> avec L. Collet, (dirs.), Num\u00e9rique, \u00e9ducation et apprentissage : Enjeux communicationnels. Paris : L\u2019Harmattan.<br><\/p>\n\n\n\n<p><strong>2014<\/strong><br> avec Vacher B., Andonova Y., Kogan A., Le Bis I., Monjaret A., Ravalison N.,<a rel=\"noreferrer noopener\" href=\"https:\/\/www.pressesdesmines.com\/produit\/vive-la-technologie\/\" target=\"_blank\"> Vive la technologie ? Trait\u00e9 de bricolage r\u00e9fl\u00e9chi pour \u00e9pris de libert\u00e9, Paris<\/a>, Presses des Mines, coll. Les Carnets de Lilith. [ouvrage collectif] <\/p>\n\n\n\n<p><a href=\"http:\/\/fonderie-infocom.net\/research\/carsten-wilhelm\/references-references-veroffentlichungen\/\" data-type=\"page\" data-id=\"608\">Toutes publications \/ All References \/ Alle Ver\u00f6ffentlichungen<\/a><\/p>\n\n\n\n<p><\/p>\n\n\n\n<p><a href=\"https:\/\/orcid.org\/0000-0002-5037-4946\">ORCID<\/a> \/ <a rel=\"noreferrer noopener\" href=\"https:\/\/cv.archives-ouvertes.fr\/carsten-wilhelm\" target=\"_blank\">HAL<\/a> \/ <a rel=\"noreferrer noopener\" href=\"https:\/\/scholar.google.com\/citations?user=FTN7wYsAAAAJ&amp;hl=de&amp;oi=ao\" target=\"_blank\">Google Scholar<\/a><br><a rel=\"noreferrer noopener\" href=\"https:\/\/www.researchgate.net\/profile\/Carsten_Wilhelm\" target=\"_blank\">Researchgate<\/a> \/ <a rel=\"noreferrer noopener\" href=\"https:\/\/uha.academia.edu\/CarstenWILHELM\" target=\"_blank\">Academia<\/a><\/p>\n","protected":false},"excerpt":{"rendered":"<p>Publication par domaine S\u00e9lection de Publications 2026 (appel en cours) avec Laurent Collet&nbsp;: Intelligences Artificielles g\u00e9n\u00e9ratives (GenAI) et m\u00e9tiers de la communication : \u00e9volutions professionnelles, adaptations des formations, conceptualisations scientifiques, RFSIC (publication pr\u00e9vue en 2026) : https:\/\/journals.openedition.org\/rfsic\/16816 2025 dossier de revue, avec Dmitry Epstein, Philipp K. Masur, Kelly Quinn, Lemi Baruh and Christoph Lutz (2025),<\/p>\n<div class=\"more-link\">\n             <a href=\"http:\/\/fonderie-infocom.net\/research\/carsten-wilhelm\/publications\/\" class=\"read-more\">Read More<i class=\"fa fa-caret-right\"><\/i><\/a>\n        <\/div>\n","protected":false},"author":1,"featured_media":633,"parent":0,"menu_order":0,"comment_status":"closed","ping_status":"closed","template":"","meta":{"footnotes":""},"class_list":["post-10","page","type-page","status-publish","has-post-thumbnail","hentry"],"_links":{"self":[{"href":"http:\/\/fonderie-infocom.net\/research\/carsten-wilhelm\/wp-json\/wp\/v2\/pages\/10","targetHints":{"allow":["GET"]}}],"collection":[{"href":"http:\/\/fonderie-infocom.net\/research\/carsten-wilhelm\/wp-json\/wp\/v2\/pages"}],"about":[{"href":"http:\/\/fonderie-infocom.net\/research\/carsten-wilhelm\/wp-json\/wp\/v2\/types\/page"}],"author":[{"embeddable":true,"href":"http:\/\/fonderie-infocom.net\/research\/carsten-wilhelm\/wp-json\/wp\/v2\/users\/1"}],"replies":[{"embeddable":true,"href":"http:\/\/fonderie-infocom.net\/research\/carsten-wilhelm\/wp-json\/wp\/v2\/comments?post=10"}],"version-history":[{"count":55,"href":"http:\/\/fonderie-infocom.net\/research\/carsten-wilhelm\/wp-json\/wp\/v2\/pages\/10\/revisions"}],"predecessor-version":[{"id":735,"href":"http:\/\/fonderie-infocom.net\/research\/carsten-wilhelm\/wp-json\/wp\/v2\/pages\/10\/revisions\/735"}],"wp:featuredmedia":[{"embeddable":true,"href":"http:\/\/fonderie-infocom.net\/research\/carsten-wilhelm\/wp-json\/wp\/v2\/media\/633"}],"wp:attachment":[{"href":"http:\/\/fonderie-infocom.net\/research\/carsten-wilhelm\/wp-json\/wp\/v2\/media?parent=10"}],"curies":[{"name":"wp","href":"https:\/\/api.w.org\/{rel}","templated":true}]}}