{"id":14,"date":"2020-11-11T12:46:43","date_gmt":"2020-11-11T11:46:43","guid":{"rendered":"http:\/\/fonderie-infocom.net\/research\/carsten-wilhelm\/?page_id=14"},"modified":"2024-12-08T16:55:26","modified_gmt":"2024-12-08T15:55:26","slug":"enseignement-teaching","status":"publish","type":"page","link":"http:\/\/fonderie-infocom.net\/research\/carsten-wilhelm\/enseignement-teaching\/","title":{"rendered":"Enseignement \/ Teaching"},"content":{"rendered":"\n<p>Responsable du Master Information-communication<\/p>\n\n\n\n<p>Responsable p\u00e9dagogique Master 2 parcours communication et \u00e9dition num\u00e9rique (CEN) et communication publique et culturelle (CPC)<\/p>\n\n\n<div class=\"su-tabs su-tabs-style-default su-tabs-mobile-stack\" data-active=\"1\" data-scroll-offset=\"0\" data-anchor-in-url=\"no\"><div class=\"su-tabs-nav\"><span class=\"\" data-url=\"\" data-target=\"blank\" tabindex=\"0\" role=\"button\">Enseignements<\/span><span class=\"\" data-url=\"\" data-target=\"blank\" tabindex=\"0\" role=\"button\">Teaching<\/span><span class=\"\" data-url=\"\" data-target=\"blank\" tabindex=\"0\" role=\"button\">Lehre<\/span><\/div><div class=\"su-tabs-panes\"><div class=\"su-tabs-pane su-u-clearfix su-u-trim\" data-title=\"Enseignements\">Enseignements g\u00e9n\u00e9raux de des SIC : Culture num\u00e9rique, Communication interculturelle, Media Studies\u2026<br \/>\nEnseignements sp\u00e9cialis\u00e9s : M\u00e9thodologie de recherche, Visualisation des donn\u00e9es, Anthropologie de la communication, Communication et ESS, Socio\u00e9conomie du num\u00e9rique et de l\u2019innovation.<br \/>\nEncadrement de stages (M1, M2), alternances et projets de recherche collectifs (M2), de m\u00e9moires de recherche (M1, M2),<br \/>\nEncadrement de recherches doctorales (1 soutenue, 1 en cours)<br \/>\nEnseignements aux niveaux L3, M1 et M2 en sciences de l\u2019information et de la communication &#8211; Masters communication et \u00e9dition num\u00e9rique, MEEF Professeur documentaliste, Master ESS\u2026 en tant que titulaire \u00e0 l&rsquo;UHA et vacations en France mais aussi \u00e0 l&rsquo;\u00e9tranger (Franco Media, Albert-Ludwigs-Universit\u00e4t Freiburg).<br \/>\n<\/div>\n<div class=\"su-tabs-pane su-u-clearfix su-u-trim\" data-title=\"Teaching\">Bachelor courses : Digital culture and Society, Intercultural communication, Media Studies \u2026<br \/>\nMasters courses : Research Methodology, Data visualization, Anthropology of communication, Social and Solidarity communication, Digital socioeconomics and innovation.<br \/>\nSupervision of internships (M1, M2), work-study programs and collective research projects (M2), research dissertations (M1, M2),<br \/>\nSupervision of doctoral research (1 successfully completed, 1 in progress).<br \/>\nTeaching at L3, M1 and M2 levels in communication and media studies &#8211; Masters in communication and digital publishing, MEEF Prof documentalist, Master ESS \u2026 at the UHA and other universities in France and also abroad (Franco Media, Albert- Ludwigs-Universit\u00e4t Freiburg)<br \/>\n<\/div>\n<div class=\"su-tabs-pane su-u-clearfix su-u-trim\" data-title=\"Lehre\">Bachelor-Studieng\u00e4nge: Digitale Kultur und Gesellschaft, Interkulturelle Kommunikation, Medienwissenschaft \u2026<br \/>\nMasterstudieng\u00e4nge: Forschungsmethodik, Datenvisualisierung, Anthropologie der Kommunikation, Sozial- und Solidarit\u00e4tskommunikation, Digitale Sozio\u00f6konomie und Innovation.<br \/>\nBetreuung von Praktika und Masterarbeiten (M1, M2), Arbeitsstudienprogrammen und kollektiven Forschungsprojekten (M2), Forschungsarbeiten (M1, M2),<br \/>\nBetreuung der Doktorarbeit (1 verteidigt, 1 in Bearbeitung).<br \/>\nLehre auf den Ebenen L3, M1 und M2 in der KoWi &#8211; Master in Kommunikation und digitalem Publizieren, MEEF-Professor Dokumentalist, Master ESS \u2026 an der UHA und in anderen Universit\u00e4ten in Frankreich, aber auch in Deutschland (Franco Media, Albert-Ludwigs-Universit\u00e4t Freiburg )<br \/>\n<\/div><\/div><\/div>\n\n\n\n<p>Directeur du d\u00e9partement InfoCom \u00e0 la FSESJ UHA 2016-2021 et 2022-2023<\/p>\n\n\n\n<p><span style=\"text-decoration: underline;\">Formations courtes suivies<\/span><\/p>\n\n\n\n<p><a href=\"https:\/\/openbadgefactory.com\/v1\/assertion\/e81b40820835d65a9c543dc0a09472bc461467eb\">Validation INRIA &#8211; Intelligence artificielle pour et par les enseignants<\/a> [FUNMOOC]\n\n\n\n<p>Protection de la vie priv\u00e9e dans le monde<br>num\u00e9rique &#8211; INRIA (2019) [FUNMOOC]\n\n\n\n<p>Open Educational Ressources (MOOC)<\/p>\n\n\n\n<p><\/p>\n","protected":false},"excerpt":{"rendered":"<p>Responsable du Master Information-communication Responsable p\u00e9dagogique Master 2 parcours communication et \u00e9dition num\u00e9rique (CEN) et communication publique et culturelle (CPC) Directeur du d\u00e9partement InfoCom \u00e0 la FSESJ UHA 2016-2021 et 2022-2023 Formations courtes suivies Validation INRIA &#8211; Intelligence artificielle pour et par les enseignants [FUNMOOC] Protection de la vie priv\u00e9e dans le mondenum\u00e9rique &#8211; INRIA<\/p>\n<div class=\"more-link\">\n             <a href=\"http:\/\/fonderie-infocom.net\/research\/carsten-wilhelm\/enseignement-teaching\/\" class=\"read-more\">Read More<i class=\"fa fa-caret-right\"><\/i><\/a>\n        <\/div>\n","protected":false},"author":1,"featured_media":275,"parent":0,"menu_order":0,"comment_status":"closed","ping_status":"closed","template":"","meta":{"footnotes":""},"class_list":["post-14","page","type-page","status-publish","has-post-thumbnail","hentry"],"_links":{"self":[{"href":"http:\/\/fonderie-infocom.net\/research\/carsten-wilhelm\/wp-json\/wp\/v2\/pages\/14","targetHints":{"allow":["GET"]}}],"collection":[{"href":"http:\/\/fonderie-infocom.net\/research\/carsten-wilhelm\/wp-json\/wp\/v2\/pages"}],"about":[{"href":"http:\/\/fonderie-infocom.net\/research\/carsten-wilhelm\/wp-json\/wp\/v2\/types\/page"}],"author":[{"embeddable":true,"href":"http:\/\/fonderie-infocom.net\/research\/carsten-wilhelm\/wp-json\/wp\/v2\/users\/1"}],"replies":[{"embeddable":true,"href":"http:\/\/fonderie-infocom.net\/research\/carsten-wilhelm\/wp-json\/wp\/v2\/comments?post=14"}],"version-history":[{"count":47,"href":"http:\/\/fonderie-infocom.net\/research\/carsten-wilhelm\/wp-json\/wp\/v2\/pages\/14\/revisions"}],"predecessor-version":[{"id":681,"href":"http:\/\/fonderie-infocom.net\/research\/carsten-wilhelm\/wp-json\/wp\/v2\/pages\/14\/revisions\/681"}],"wp:featuredmedia":[{"embeddable":true,"href":"http:\/\/fonderie-infocom.net\/research\/carsten-wilhelm\/wp-json\/wp\/v2\/media\/275"}],"wp:attachment":[{"href":"http:\/\/fonderie-infocom.net\/research\/carsten-wilhelm\/wp-json\/wp\/v2\/media?parent=14"}],"curies":[{"name":"wp","href":"https:\/\/api.w.org\/{rel}","templated":true}]}}