{"id":157,"date":"2020-11-22T23:07:23","date_gmt":"2020-11-22T22:07:23","guid":{"rendered":"http:\/\/fonderie-infocom.net\/research\/carsten-wilhelm\/?page_id=157"},"modified":"2022-05-31T13:17:03","modified_gmt":"2022-05-31T11:17:03","slug":"research-groups-and-projects","status":"publish","type":"page","link":"http:\/\/fonderie-infocom.net\/research\/carsten-wilhelm\/projets\/research-groups-and-projects\/","title":{"rendered":"Projets, Groupes, R\u00e9seaux &#8211; Projects, Groups, Networks &#8211; Projekte, Gruppen, Netzwerke"},"content":{"rendered":"\n<p>see ? German and French are not that difficult !<\/p>\n\n\n\n<p>Publication par projets et groupes, r\u00e9seaux de recherche Publications by research groups, networks and projects Ver\u00f6ffentkichungen nach Projekten, Gruppen und Netzwerken geordnet<\/p>\n\n\n<div class=\"su-accordion su-u-trim\"><div class=\"su-spoiler su-spoiler-style-default su-spoiler-icon-plus su-spoiler-closed\" data-scroll-offset=\"0\" data-anchor-in-url=\"no\"><div class=\"su-spoiler-title\" tabindex=\"0\" role=\"button\"><span class=\"su-spoiler-icon\"><\/span>Projet et r\u00e9seaux CUMEN \u2013 Cultures des m\u00e9dias num\u00e9riques<br \/>\nProject and Network on Digital Media Cultures<\/div><div class=\"su-spoiler-content su-u-clearfix su-u-trim\">\u00ab Approche socio-culturelle et comparative des repr\u00e9sentations du num\u00e9rique. Vie priv\u00e9e et \u2018hygi\u00e8ne de vie num\u00e9rique\u2019 en Allemagne \u00bb. Interfaces num\u00e9riques, 10 (2). https:\/\/doi.org\/10.25965\/interfaces-numeriques.4589<\/p>\n<p>(2019) coordination d&rsquo;un num\u00e9ro de revue (2019) avec Claire Scopsi, Khaled Zouari et Gino Gramaccia, Migrants et migrations en SIC, Revue fran\u00e7aise des sciences de l\u2019information et de la communication, n\u00b017, https:\/\/journals.openedition.org\/rfsic\/6101<\/p>\n<p>(2019) \u00ab Inside a transnational mediaculture:  the controversy surrounding e-sports \u00bb, Communication Beyond Boundaries, 69th Annual Conference of the Interactional Communication Association, 24-29 May 2019 Washington D.C.<\/p>\n<p>(2018) \u00bb From the apparatus to transcultural datafication: the methodological and ethical challenge of international projects on digital media use \u00bb, in Defending methodological pluralism in communication research, Voices, 68th Annual Conference of the Interactional Communication Association, Prague.<\/p>\n<p>(2018) avec Mitropoulou Eleni, \u00ab Le transfrontalier comme valeur de communication \u00bb, Colloque international et pluridisciplinaire Le Transfrontalier. Pratiques et figurations, organis\u00e9 par Ille, FLSH, Universite\u0301 de Haute-Alsace<\/p>\n<p>(2017) avec S. Bosler, \u00ab\u00a0La politique des \u00e9tudes d\u2019usage : une m\u00e9ta-analyse internationale des \u00e9tudes sur les m\u00e9dias num\u00e9riques\u00a0\u00bb, Les Enjeux de l&rsquo;Information et de la Communication, n\u00b018\/3A, 2017, p.73 \u00e0 86.<\/p>\n<p>(2017) \u00ab Internet Studies and French studies of use \u2013 Minitel, media-cultures and digital methods as social objects \u00bb What objects do to Communication? Towards a theory of communicating objects, Interventions, 67th Annual Conference of the Interactional Communication Association, 25-29 mai 2017, San Diego.<\/p>\n<p>(2016) avec S. Bosler, S. Wiesinger, L. Rothenberger, \u00abCUMEN \u2013 An International Transborder and Intercultural Study of Media Use: Perceptions of Methodological Issues and First Results\u00bb, 18th Annual Conference of the Methods Division of the German Communication Association (DGPuK), September 21-23, 2016, Universit\u00e9 d\u2019Amsterdam.<\/p>\n<p>(2016) \u00abUsages des m\u00e9dias et de la culture : une recherche transfrontali\u00e8re et interculturelle\u00bb 84\u00b0 Congr\u00e8s ACFAS Colloque Recherches sur les publics de la culture : esth\u00e9tique, communication et \u00e9ducation, th\u00e9ories et m\u00e9thodes, 9 et 10 Mai 2016 Montr\u00e9al, Qu\u00e9bec.<\/div><\/div> <su_big><\/p>\n<div class=\"su-spoiler su-spoiler-style-default su-spoiler-icon-plus su-spoiler-closed\" data-scroll-offset=\"0\" data-anchor-in-url=\"no\"><div class=\"su-spoiler-title\" tabindex=\"0\" role=\"button\"><span class=\"su-spoiler-icon\"><\/span>Projet CIVIN \u2013 Communication interculturelle viti-vinicole<br \/>\nIntercultural communication in the Wine Business<\/div><div class=\"su-spoiler-content su-u-clearfix su-u-trim\">(2020) avec Jean-Claude Demonget et Cl\u00e9mence Andreys, Vin et alt\u00e9rit\u00e9 dans un monde num\u00e9rique\u202f: Pour une approche info-communicationnelle. In A. Voegele, S. M. A. Goldblum, T. Nicklas, F. Toudoire-Surlapierre, M. Faure, H.-R. Institut de recherche en langues et litt\u00e9ratures europ\u00e9ennes (Mulhouse, &amp; M. Centre interdisciplinaire de recherche sur les langues et la pens\u00e9e (Reims (\u00c9ds.), Vin &amp; alt\u00e9rit\u00e9\u202f: Le vin \u00e0 l\u2019\u00e9preuve des sciences humaines<\/p>\n<p>(2020) avec J.C., Domenget, J.-C., &amp; Andr\u00e9ys, C., \u00ab Facteurs de professionnalisation de la fili\u00e8re des vins du Jura \u00bb [Actes du colloque Univigne 2020 \u00ab\u00a0\u00a0\u00bbRegards crois\u00e9s sur les transformations des fili\u00e8res et des acteurs de la vigne et du vin \u00bb, Reims, Epure<\/div><\/div>\n<div class=\"su-spoiler su-spoiler-style-default su-spoiler-icon-plus su-spoiler-closed\" data-scroll-offset=\"0\" data-anchor-in-url=\"no\"><div class=\"su-spoiler-title\" tabindex=\"0\" role=\"button\"><span class=\"su-spoiler-icon\"><\/span>Comparative Privacy Research Network (CPRN)<\/div><div class=\"su-spoiler-content su-u-clearfix su-u-trim\">(2021) \u00ab Approche socio-culturelle et comparative des repr\u00e9sentations du num\u00e9rique\u00bb, Interfaces Num\u00e9riques [in print].<\/p>\n<p>(2019) \u00ab Cultures de la vie priv\u00e9e ? Exploration d&rsquo;un ph\u00e9nom\u00e8ne transculturel \u00e0 l&rsquo;\u00e8re num\u00e9rique \u00bb, colloque \u00ab La libert\u00e9 d\u2019expression \u00e0 l\u2019\u00e8re num\u00e9rique, de l\u2019infox \u00e0 l\u2019intelligence artificielle \u00bb, 8e rencontre annuelle du R\u00e9seau international des chaires UNESCO en communication, universit\u00e9 de Strasbourg, 13-15 mai 2019.<\/p>\n<p>(2018) avec S. Bosler, \u00ab Attitudes toward social media privacy in France and Germany \u00bb, in Searching for the Cheshire Cat: Comparative perspectives on the cultural dimensions of internet and social media privacy, Voices, 68th Annual Conference of the Interactional Communication Association, Prague.<\/p>\n<p>(2017) \u201cLiens num\u00e9riques, Privacy et donn\u00e9es personnelles &#8211; une approche (inter-)culturelle\u201c, Conf\u00e9rence internationale Langue(s) et Culture des M\u00e9dias Num\u00e9riques, Heinrich-Heine Universit\u00e4t D\u00fcsseldorf, 13-14.12.2017.<\/div><\/div><\/div>\n<div class=\"su-spoiler su-spoiler-style-default su-spoiler-icon-plus su-spoiler-closed\" data-scroll-offset=\"0\" data-anchor-in-url=\"no\"><div class=\"su-spoiler-title\" tabindex=\"0\" role=\"button\"><span class=\"su-spoiler-icon\"><\/span>Groupe d'\u00e9tude et de recherche SFSIC GENIC \u2013 Groupe d\u2019\u00e9tude et de recherche sur l\u2019\u00e9thique en information communication<br \/>\nEthics in Research in information communication Research Group<\/div><div class=\"su-spoiler-content su-u-clearfix su-u-trim\">(2018) avec J.-C. Domenget, \u00ab L\u2019\u00e9thique des pratiques de recherche li\u00e9es au num\u00e9rique en SIC : le r\u00f4le de la Soci\u00e9t\u00e9 Fran\u00e7aise des Sciences de l\u2019information et de la communication \u00bb, dans G. Chartron et.al. L\u2019\u00e9thique en contexte info-communicationnel num\u00e9rique : D\u00e9ontologie, r\u00e9gulation, algorithme, espace public. DeBoeck Sup\u00e9rieur : Louvain-La-Neuve. pp. 101-112. <\/p>\n<p>(2018) avec J.C. Domenget, \u00ab Contribution \u00e0 une r\u00e9flexion \u00e9thique sur la recherche li\u00e9e \u00e0 des donn\u00e9es num\u00e9riques \u00bb, colloque Les enjeux \u00e9thiques dans l\u2019enqu\u00eate en sciences sociales, Universit\u00e9 de Lausanne, 8-9 Nov. 2018.<\/p>\n<p>(2017) avec J.-C. Domenget, \u00ab Un n\u00e9cessaire questionnement \u00e9thique sur la recherche \u00e0 l\u2019\u00e8re des Digital Studies \u00bb contribution au Manifeste pour un positionnement des Sciences de l\u2019Information Communication (SIC) vis-\u00e0-vis des Digital Studies (DS) et autres mutations du num\u00e9rique dans Revue Fran\u00e7aise des Sciences de l\u2019information et de la communication 10\/2017. <\/p>\n<p>(2017) avec J.-C. Domenget, \u00ab The French point of view on the Internet Research ethics \u00bb, Networked Publics, Annual Conference of the international Association of Internet Researchers, 18-21 oct. 2017, Tartu.<\/div><\/div><\/su_big><\/p>\n\n\n\n<p><\/p>\n","protected":false},"excerpt":{"rendered":"<p>see ? German and French are not that difficult ! Publication par projets et groupes, r\u00e9seaux de recherche Publications by research groups, networks and projects Ver\u00f6ffentkichungen nach Projekten, Gruppen und Netzwerken geordnet<\/p>\n","protected":false},"author":1,"featured_media":0,"parent":12,"menu_order":1,"comment_status":"closed","ping_status":"closed","template":"","meta":{"footnotes":""},"class_list":["post-157","page","type-page","status-publish","hentry"],"_links":{"self":[{"href":"http:\/\/fonderie-infocom.net\/research\/carsten-wilhelm\/wp-json\/wp\/v2\/pages\/157","targetHints":{"allow":["GET"]}}],"collection":[{"href":"http:\/\/fonderie-infocom.net\/research\/carsten-wilhelm\/wp-json\/wp\/v2\/pages"}],"about":[{"href":"http:\/\/fonderie-infocom.net\/research\/carsten-wilhelm\/wp-json\/wp\/v2\/types\/page"}],"author":[{"embeddable":true,"href":"http:\/\/fonderie-infocom.net\/research\/carsten-wilhelm\/wp-json\/wp\/v2\/users\/1"}],"replies":[{"embeddable":true,"href":"http:\/\/fonderie-infocom.net\/research\/carsten-wilhelm\/wp-json\/wp\/v2\/comments?post=157"}],"version-history":[{"count":40,"href":"http:\/\/fonderie-infocom.net\/research\/carsten-wilhelm\/wp-json\/wp\/v2\/pages\/157\/revisions"}],"predecessor-version":[{"id":591,"href":"http:\/\/fonderie-infocom.net\/research\/carsten-wilhelm\/wp-json\/wp\/v2\/pages\/157\/revisions\/591"}],"up":[{"embeddable":true,"href":"http:\/\/fonderie-infocom.net\/research\/carsten-wilhelm\/wp-json\/wp\/v2\/pages\/12"}],"wp:attachment":[{"href":"http:\/\/fonderie-infocom.net\/research\/carsten-wilhelm\/wp-json\/wp\/v2\/media?parent=157"}],"curies":[{"name":"wp","href":"https:\/\/api.w.org\/{rel}","templated":true}]}}