{"id":74,"date":"2020-11-21T17:22:38","date_gmt":"2020-11-21T16:22:38","guid":{"rendered":"http:\/\/fonderie-infocom.net\/research\/carsten-wilhelm\/?page_id=74"},"modified":"2022-06-07T10:48:15","modified_gmt":"2022-06-07T08:48:15","slug":"organisation-de-manifestations-scientifiques-organisation-of-events-and-conferences","status":"publish","type":"page","link":"http:\/\/fonderie-infocom.net\/research\/carsten-wilhelm\/organisation-de-manifestations-scientifiques-organisation-of-events-and-conferences\/","title":{"rendered":"Organisation"},"content":{"rendered":"\n<h4 class=\"wp-block-heading\"> Colloques internationaux &#8211; International Conferences &#8211; Internationale Konferenzen<\/h4>\n\n\n\n<p>24 et 25 mai, 2022, ICA Preconference <strong><a href=\"https:\/\/comparativeprivacy.org\/2022-ica-preconference\/\">Comparative Privacy and the Literacies of a Networked Age: A Critical Approach<\/a><\/strong>, Mulhouse, UHA, co-financements obtenus 6300\u20ac<br><\/p>\n\n\n\n<p>Co-organisation et animation d\u2019un panel international lors du <strong><em>XXI\u00b0 Congr\u00e8s de la Soci\u00e9t\u00e9 Fran\u00e7aise des Sciences de l\u2019information et de la communication<\/em><\/strong>, Grenoble (en ligne) 9 au 10 juin 2021.<\/p>\n\n\n\n<p>14 mai, 2020 \u2013 28 juin, 2020 <a href=\"https:\/\/comparativeprivacy.org\/2020-online-conference\/\">CPRN \u2013 Virtual multi-session conference<\/a><\/p>\n\n\n\n<p>juin 2019 Co-organisation des <strong>premi\u00e8res Doctorales tri-nationales de la SFSIC-SGKM-DGPuK<\/strong> du 12 au 14 juin 2019 \u00e0 Mulhouse et B\u00e2le, obtention de co-financements 9500 \u20ac, budget global 20000 \u20ac.<br><br>mai 2019 Co-organisation du colloque international <strong>\u00ab\u00a0Searching for the Cheshire Cat\u00a0\u00bb, dans le cadre du congr\u00e8s annuel ICA 2019<\/strong> (Post-conference), Washington D.C.co-financement NovaTris 500\u20ac<\/p>\n\n\n\n<p>d\u00e9cembre 2018 Organisation du <strong>colloque international Culture et M\u00e9dias \u00e0 l\u2019\u00e8re de la diversit\u00e9 2019<\/strong> du 5 au 7 d\u00e9cembre 2018 \u00e0 l\u2019UHA, Obtention de co-financements 5000 \u20ac, budget global 10000 \u20ac.<\/p>\n\n\n\n<p>d\u00e9cembre 2014 avec O. Th\u00e9venin <strong>co-organisation du colloque Culture et M\u00e9dias \u00e0 l\u2019\u00e8re de la diversit\u00e9 2014<\/strong> \u00e0 l\u2019UHA<br>mai 2014 avec Y. Andonova et A.F. Kogan, co-organisation d\u2019un <strong>colloque international sur l\u2019injonction \u00e0 la cr\u00e9ativit\u00e9 et la cr\u00e9ativit\u00e9 sous contrainte<\/strong> dans le cadre de l\u2019ACFAS Montr\u00e9al en 2014<br>                     <\/p>\n\n\n\n<h4 class=\"wp-block-heading\">Journ\u00e9es d&rsquo;\u00e9tude &#8211; Workshops &#8211; Conference cycles &#8211; S\u00e9minaires<\/h4>\n\n\n\n<p><strong>2022<\/strong><\/p>\n\n\n\n<p>Co-organisation avec Eleni Mitropoulou des \u00ab\u00a0conf\u00e9rences en communication\u00a0\u00bb, cycle annuel de conf\u00e9rences \u00e0 l\u2019UHA. <a href=\"https:\/\/www.uha.fr\/fr\/actualites-agenda-1\/agenda\/conferences-en-communication.html\">https:\/\/www.uha.fr\/fr\/actualites-agenda-1\/agenda\/conferences-en-communication.html<\/a>\u00a0<\/p>\n\n\n\n<p><strong>2021<\/strong><\/p>\n\n\n\n<p>Co-organisation du CPRN Online workshop dans le cadre du congr\u00e8s de l\u2019AoIR 2021 avec Kelly Quinn, Dmitry Epstein et Philip Masur, enti\u00e8rement en ligne, 5 octobre 2021 https:\/\/comparativeprivacy.org\/2021-cprn-aoir-satellite-event\/<\/p>\n\n\n\n<p>Co-organisation du Workshop\u00a0\u00bbL\u2019innovation et la R&amp;D dans les \u00e9critures num\u00e9riques\u00a0\u00bb \u00a0Universit\u00e9 Sorbonne-Nouvelle et ARTE Num\u00e9rique, 11-12 janvier 2021, en ligne.<\/p>\n\n\n\n<p><a href=\"http:\/\/fonderie-infocom.net\/research\/mcfa\/evenements-events\/\">Ateliers du projet <strong>Milieux de communication franco-allemands \/ Deutsch-Franz\u00f6sische Kommunikationsmilieus<\/strong> <\/a>16, 23 et 31 mars, 7 et 8 juin, 8 et 9 juillet 2021 (en ligne, organis\u00e9 par trois universit\u00e9s)<\/p>\n\n\n\n<p><strong>2020<\/strong><\/p>\n\n\n\n<p>Co-organisation du CPRN Online workshop avec Kelly Quinn, Dmitry Epstein et Philip Masur, enti\u00e8rement en ligne, 4 s\u00e9ances avec une trentaine de participants r\u00e9guliers, 14.5\u00a0;28.5\u00a0;11.6\u00a0;24.6.2020<br> Co-animation avec Rolf Kailuweit d\u2019une journ\u00e9e d\u2019\u00e9tude \u00ab\u00a0Paysages linguistiques: approches g\u00e9os\u00e9miotiques\u00a0\u00bb (avec pr\u00e9sentation de projets \u00e9tudiants) \u00e0 la HHU D\u00fcsseldorf<br><\/p>\n\n\n\n<p> <strong>2019<\/strong><br><br> Co-animation avec Rolf Kailuweit d\u2019une journ\u00e9e d\u2019\u00e9tude sur les mythologies communicationnelles (avec pr\u00e9sentation de projets \u00e9tudiants) \u00e0 la HHU D\u00fcsseldorf<br><\/p>\n\n\n\n<p> <strong>2018<\/strong><br><br> 3 novembre co-animation avec Elisabetta Locatelli et Jean-Claude Domenget d\u2019un panel sur l\u2019\u00e9thique de la recherche dans le cadre du congr\u00e8s ECREA (Lugano)<br><br> <strong>2017<\/strong><br><br> 17 mars  Organisation d\u2019une journ\u00e9e d\u2019\u00e9tude \u00ab\u00a0Economie des me\u0301dias num\u00e9riques\u00a0\u00bb \u00e0 l\u2019UHA Mulhouse<br> 24 mars Co-organisation d\u2019une journ\u00e9e d\u2019\u00e9tude avec Olivier Th\u00e9venin et Mich\u00e8le Archambault \u00ab\u00a0L\u2019Education aux me\u0301dias au prisme international\u00a0\u00bb \u00e0 l\u2019UHA Mulhouse<br> 17 juin Co-animation d\u2019une journ\u00e9e d\u2019\u00e9tude avec R. Kailuweit \u00ab\u00a0Langues \u2013 migration \u2013 int\u00e9gration \u00ab\u00a0(avec pr\u00e9sentation de projets \u00e9tudiants) \u00e0 ALU Freiburg<br> 8-9 d\u00e9cembre Co-animation d\u2019une journ\u00e9e d\u2019\u00e9tude avec R. Kailuweit  \u00ab\u00a0Langue(s) et Culture des M\u00e9dias Num\u00e9riques\u00a0\u00bb (avec pr\u00e9sentation de projets d\u2019enqu\u00eates \u00e9tudiants) (avec Claire Scopsi, Thilo von Pape, Fabien Bonnet et al.) \u00e0 la HHU D\u00fcsseldorf<br> <\/p>\n\n\n\n<p><strong>2016<\/strong><br><\/p>\n\n\n\n<p>24 juin journ\u00e9e d&rsquo;\u00e9tude \u00ab\u00a0Cultures des m\u00e9dias num\u00e9riques\u00a0\u00bb (avec pr\u00e9sentation de projets \u00e9tudiants) \u00e0 Freiburg<br> 13 d\u00e9cembre journ\u00e9e d&rsquo;\u00e9tude \u00ab\u00a0me\u0301moire.num \u2013 Entre collecte et oubli, enjeux soci\u00e9taux et professionnels\u00a0\u00bb (Mulhouse) (avec Louise Merzeau, Claire Scopsi et al.)<br><\/p>\n\n\n\n<p><strong>2015<\/strong><br> Organisation et animation de la journ\u00e9e d&rsquo;\u00e9tude \u00ab\u00a0M\u00e9thodes digitales : Big Data, Analyse Web et SHS\u00a0\u00bb en 2015 (avec D. Cardon, J.S. Beuscart, V. Bullich et al.)<br><\/p>\n\n\n\n<p><strong>2013<\/strong><br> 22 janvier, Co-animation avec O. Th\u00e9venin d\u2019une journ\u00e9e d\u2019\u00e9tude sur la culture num\u00e9rique \u00e0 Mulhouse<br><\/p>\n\n\n\n<p><strong>2012<\/strong><br> 12 avril, Organisation et co-animation avec O.Th\u00e9venin d\u2019une journ\u00e9e d\u2019\u00e9tude sur les enjeux du num\u00e9rique \u00e0 Mulhouse<br> 5 octobre, Organisation et animation avec le GER Lilith d\u2019une journ\u00e9e d\u2019\u00e9tude sur les \u00absc\u00e8nes de communication\u00bb \u00e0 Mulhouse<br><\/p>\n\n\n\n<p><strong>2007<\/strong><br> Organisation et co-animation avec A.Frame d\u2019un s\u00e9minaire de recherche consacr\u00e9e \u00e0 la communication interculturelle (Dijon)<\/p>\n","protected":false},"excerpt":{"rendered":"<p>Colloques internationaux &#8211; International Conferences &#8211; Internationale Konferenzen 24 et 25 mai, 2022, ICA Preconference Comparative Privacy and the Literacies of a Networked Age: A Critical Approach, Mulhouse, UHA, co-financements obtenus 6300\u20ac Co-organisation et animation d\u2019un panel international lors du XXI\u00b0 Congr\u00e8s de la Soci\u00e9t\u00e9 Fran\u00e7aise des Sciences de l\u2019information et de la communication, Grenoble<\/p>\n<div class=\"more-link\">\n             <a href=\"http:\/\/fonderie-infocom.net\/research\/carsten-wilhelm\/organisation-de-manifestations-scientifiques-organisation-of-events-and-conferences\/\" class=\"read-more\">Read More<i class=\"fa fa-caret-right\"><\/i><\/a>\n        <\/div>\n","protected":false},"author":1,"featured_media":0,"parent":0,"menu_order":0,"comment_status":"closed","ping_status":"closed","template":"","meta":{"footnotes":""},"class_list":["post-74","page","type-page","status-publish","hentry"],"_links":{"self":[{"href":"http:\/\/fonderie-infocom.net\/research\/carsten-wilhelm\/wp-json\/wp\/v2\/pages\/74","targetHints":{"allow":["GET"]}}],"collection":[{"href":"http:\/\/fonderie-infocom.net\/research\/carsten-wilhelm\/wp-json\/wp\/v2\/pages"}],"about":[{"href":"http:\/\/fonderie-infocom.net\/research\/carsten-wilhelm\/wp-json\/wp\/v2\/types\/page"}],"author":[{"embeddable":true,"href":"http:\/\/fonderie-infocom.net\/research\/carsten-wilhelm\/wp-json\/wp\/v2\/users\/1"}],"replies":[{"embeddable":true,"href":"http:\/\/fonderie-infocom.net\/research\/carsten-wilhelm\/wp-json\/wp\/v2\/comments?post=74"}],"version-history":[{"count":14,"href":"http:\/\/fonderie-infocom.net\/research\/carsten-wilhelm\/wp-json\/wp\/v2\/pages\/74\/revisions"}],"predecessor-version":[{"id":627,"href":"http:\/\/fonderie-infocom.net\/research\/carsten-wilhelm\/wp-json\/wp\/v2\/pages\/74\/revisions\/627"}],"wp:attachment":[{"href":"http:\/\/fonderie-infocom.net\/research\/carsten-wilhelm\/wp-json\/wp\/v2\/media?parent=74"}],"curies":[{"name":"wp","href":"https:\/\/api.w.org\/{rel}","templated":true}]}}