{"id":19,"date":"2021-03-08T16:13:21","date_gmt":"2021-03-08T15:13:21","guid":{"rendered":"http:\/\/fonderie-infocom.net\/research\/civin\/?page_id=19"},"modified":"2021-03-08T16:13:47","modified_gmt":"2021-03-08T15:13:47","slug":"productions","status":"publish","type":"page","link":"http:\/\/fonderie-infocom.net\/research\/civin\/productions\/","title":{"rendered":"Productions scientifiques"},"content":{"rendered":"\n<ol class=\"wp-block-list\" type=\"1\"><li>Jean-Claude Domenget, Cl\u00e9mence Andreys et Carsten Wilhelm (2020), Vin et alt\u00e9rit\u00e9 dans un monde num\u00e9rique\u202f: Pour une approche info-communicationnelle. In A. Voegele, S. M. A. Goldblum, T. Nicklas, F. Toudoire-Surlapierre, M. Faure, H.-R. Institut de recherche en langues et litt\u00e9ratures europ\u00e9ennes (Mulhouse, &amp; M. Centre interdisciplinaire de recherche sur les langues et la pens\u00e9e (Reims (\u00c9ds.), Vin &amp; alt\u00e9rit\u00e9\u202f: Le vin \u00e0 l\u2019\u00e9preuve des sciences humaines<\/li><li>Jean-Claude Domenget, Cl\u00e9mence Andreys et Carsten Wilhelm (2020),\u00a0 \u00ab\u00a0Facteurs de professionnalisation de la fili\u00e8re des vins du Jura\u00a0\u00bb Actes du colloque Univigne 2020 \u00ab\u00a0Regards crois\u00e9s sur les transformations des fili\u00e8res et des acteurs de la vigne et du vin \u00bb, Reims, Epure<\/li><\/ol>\n","protected":false},"excerpt":{"rendered":"<p>Jean-Claude Domenget, Cl\u00e9mence Andreys et Carsten Wilhelm (2020), Vin et alt\u00e9rit\u00e9 dans un monde num\u00e9rique\u202f: Pour une approche info-communicationnelle. In A. Voegele, S. M. A. Goldblum, T. Nicklas, F. Toudoire-Surlapierre, M. Faure, H.-R. Institut de recherche en langues et litt\u00e9ratures europ\u00e9ennes (Mulhouse, &amp; M. Centre interdisciplinaire de recherche sur les langues et la pens\u00e9e (Reims &hellip; <\/p>\n<p class=\"link-more\"><a href=\"http:\/\/fonderie-infocom.net\/research\/civin\/productions\/\" class=\"more-link\">Continuer la lecture<span class=\"screen-reader-text\"> de &laquo;&nbsp;Productions scientifiques&nbsp;&raquo;<\/span><\/a><\/p>\n","protected":false},"author":1,"featured_media":0,"parent":0,"menu_order":0,"comment_status":"closed","ping_status":"closed","template":"","meta":{"footnotes":""},"class_list":["post-19","page","type-page","status-publish","hentry"],"_links":{"self":[{"href":"http:\/\/fonderie-infocom.net\/research\/civin\/wp-json\/wp\/v2\/pages\/19","targetHints":{"allow":["GET"]}}],"collection":[{"href":"http:\/\/fonderie-infocom.net\/research\/civin\/wp-json\/wp\/v2\/pages"}],"about":[{"href":"http:\/\/fonderie-infocom.net\/research\/civin\/wp-json\/wp\/v2\/types\/page"}],"author":[{"embeddable":true,"href":"http:\/\/fonderie-infocom.net\/research\/civin\/wp-json\/wp\/v2\/users\/1"}],"replies":[{"embeddable":true,"href":"http:\/\/fonderie-infocom.net\/research\/civin\/wp-json\/wp\/v2\/comments?post=19"}],"version-history":[{"count":2,"href":"http:\/\/fonderie-infocom.net\/research\/civin\/wp-json\/wp\/v2\/pages\/19\/revisions"}],"predecessor-version":[{"id":21,"href":"http:\/\/fonderie-infocom.net\/research\/civin\/wp-json\/wp\/v2\/pages\/19\/revisions\/21"}],"wp:attachment":[{"href":"http:\/\/fonderie-infocom.net\/research\/civin\/wp-json\/wp\/v2\/media?parent=19"}],"curies":[{"name":"wp","href":"https:\/\/api.w.org\/{rel}","templated":true}]}}