{"id":2,"date":"2020-01-09T17:27:50","date_gmt":"2020-01-09T16:27:50","guid":{"rendered":"http:\/\/fonderie-infocom.net\/research\/civin\/?page_id=2"},"modified":"2021-03-08T16:17:18","modified_gmt":"2021-03-08T15:17:18","slug":"page-d-exemple","status":"publish","type":"page","link":"http:\/\/fonderie-infocom.net\/research\/civin\/","title":{"rendered":"Le projet"},"content":{"rendered":"\n<p>Vigne et vin constituent tout \u00e0 la fois des<strong> objets de n\u00e9goce, de science, de culture et de patrimoine.<\/strong><\/p>\n\n\n\n<p>\u00c0 travers cet objet universel, le projet construit des enqu\u00eates sur les modalit\u00e9s de communication des repr\u00e9sentations autour du vin et ses m\u00e9tiers \u00e0 travers les fronti\u00e8res. Il souhaite analyser les mani\u00e8res de transmettre la complexit\u00e9 de la culture viti-vinicole d&rsquo;un pays sans simplification, sp\u00e9cifiquement mais non exclusivement \u00e0 l&rsquo;aide de dispositifs num\u00e9riques, \u00e0 des publics de cultures diff\u00e9rentes. L&rsquo;\u00e9quipe travaille pour cela des terrains vari\u00e9s, tels que la communication transfrontali\u00e8re et la compr\u00e9hension mutuelle des vins en contexte franco-allemand et la communication internationale du vin, particuli\u00e8rement dans le contexte de la promotion des vins grecs en France.<\/p>\n\n\n\n<p>La place du num\u00e9rique sera au c\u0153ur de l\u2019investigation car le secteur viticole mobilise de plus en plus fortement ces outils de communication digitale.<\/p>\n","protected":false},"excerpt":{"rendered":"<p>Vigne et vin constituent tout \u00e0 la fois des objets de n\u00e9goce, de science, de culture et de patrimoine. \u00c0 travers cet objet universel, le projet construit des enqu\u00eates sur les modalit\u00e9s de communication des repr\u00e9sentations autour du vin et ses m\u00e9tiers \u00e0 travers les fronti\u00e8res. Il souhaite analyser les mani\u00e8res de transmettre la complexit\u00e9 &hellip; <\/p>\n<p class=\"link-more\"><a href=\"http:\/\/fonderie-infocom.net\/research\/civin\/\" class=\"more-link\">Continuer la lecture<span class=\"screen-reader-text\"> de &laquo;&nbsp;Le projet&nbsp;&raquo;<\/span><\/a><\/p>\n","protected":false},"author":1,"featured_media":0,"parent":0,"menu_order":0,"comment_status":"closed","ping_status":"open","template":"","meta":{"footnotes":""},"class_list":["post-2","page","type-page","status-publish","hentry"],"_links":{"self":[{"href":"http:\/\/fonderie-infocom.net\/research\/civin\/wp-json\/wp\/v2\/pages\/2","targetHints":{"allow":["GET"]}}],"collection":[{"href":"http:\/\/fonderie-infocom.net\/research\/civin\/wp-json\/wp\/v2\/pages"}],"about":[{"href":"http:\/\/fonderie-infocom.net\/research\/civin\/wp-json\/wp\/v2\/types\/page"}],"author":[{"embeddable":true,"href":"http:\/\/fonderie-infocom.net\/research\/civin\/wp-json\/wp\/v2\/users\/1"}],"replies":[{"embeddable":true,"href":"http:\/\/fonderie-infocom.net\/research\/civin\/wp-json\/wp\/v2\/comments?post=2"}],"version-history":[{"count":2,"href":"http:\/\/fonderie-infocom.net\/research\/civin\/wp-json\/wp\/v2\/pages\/2\/revisions"}],"predecessor-version":[{"id":25,"href":"http:\/\/fonderie-infocom.net\/research\/civin\/wp-json\/wp\/v2\/pages\/2\/revisions\/25"}],"wp:attachment":[{"href":"http:\/\/fonderie-infocom.net\/research\/civin\/wp-json\/wp\/v2\/media?parent=2"}],"curies":[{"name":"wp","href":"https:\/\/api.w.org\/{rel}","templated":true}]}}