{"id":35,"date":"2021-03-08T16:27:06","date_gmt":"2021-03-08T15:27:06","guid":{"rendered":"http:\/\/fonderie-infocom.net\/research\/civin\/?page_id=35"},"modified":"2021-03-08T16:27:06","modified_gmt":"2021-03-08T15:27:06","slug":"lequipe","status":"publish","type":"page","link":"http:\/\/fonderie-infocom.net\/research\/civin\/lequipe\/","title":{"rendered":"L&rsquo;\u00e9quipe"},"content":{"rendered":"\n<p>Eleni Mitropoulou, PR Sciences de l&rsquo;information et de la communication, Universit\u00e9 de Haute Alsace, UHA<\/p>\n\n\n\n<p>Cl\u00e9mence Andreys, MCF, \u00e9tudes germaniques, Universit\u00e9 de Franche-Comt\u00e9 UBFC<\/p>\n\n\n\n<p>* Jean-Claude Domenget, MCF HDR, Sciences de l&rsquo;information et de la communication, Universit\u00e9 de Franche-Comt\u00e9 UBFC<\/p>\n\n\n\n<p>* Carsten Wilhelm, MCF, Sciences de l&rsquo;information et de la communication, Universit\u00e9 de Haute Alsace, UHA<\/p>\n\n\n\n<p><em>* coordinateurs du projet<\/em><\/p>\n\n\n\n<p><br><\/p>\n","protected":false},"excerpt":{"rendered":"<p>Eleni Mitropoulou, PR Sciences de l&rsquo;information et de la communication, Universit\u00e9 de Haute Alsace, UHA Cl\u00e9mence Andreys, MCF, \u00e9tudes germaniques, Universit\u00e9 de Franche-Comt\u00e9 UBFC * Jean-Claude Domenget, MCF HDR, Sciences de l&rsquo;information et de la communication, Universit\u00e9 de Franche-Comt\u00e9 UBFC * Carsten Wilhelm, MCF, Sciences de l&rsquo;information et de la communication, Universit\u00e9 de Haute Alsace, &hellip; <\/p>\n<p class=\"link-more\"><a href=\"http:\/\/fonderie-infocom.net\/research\/civin\/lequipe\/\" class=\"more-link\">Continuer la lecture<span class=\"screen-reader-text\"> de &laquo;&nbsp;L&rsquo;\u00e9quipe&nbsp;&raquo;<\/span><\/a><\/p>\n","protected":false},"author":1,"featured_media":0,"parent":0,"menu_order":0,"comment_status":"closed","ping_status":"closed","template":"","meta":{"footnotes":""},"class_list":["post-35","page","type-page","status-publish","hentry"],"_links":{"self":[{"href":"http:\/\/fonderie-infocom.net\/research\/civin\/wp-json\/wp\/v2\/pages\/35","targetHints":{"allow":["GET"]}}],"collection":[{"href":"http:\/\/fonderie-infocom.net\/research\/civin\/wp-json\/wp\/v2\/pages"}],"about":[{"href":"http:\/\/fonderie-infocom.net\/research\/civin\/wp-json\/wp\/v2\/types\/page"}],"author":[{"embeddable":true,"href":"http:\/\/fonderie-infocom.net\/research\/civin\/wp-json\/wp\/v2\/users\/1"}],"replies":[{"embeddable":true,"href":"http:\/\/fonderie-infocom.net\/research\/civin\/wp-json\/wp\/v2\/comments?post=35"}],"version-history":[{"count":1,"href":"http:\/\/fonderie-infocom.net\/research\/civin\/wp-json\/wp\/v2\/pages\/35\/revisions"}],"predecessor-version":[{"id":36,"href":"http:\/\/fonderie-infocom.net\/research\/civin\/wp-json\/wp\/v2\/pages\/35\/revisions\/36"}],"wp:attachment":[{"href":"http:\/\/fonderie-infocom.net\/research\/civin\/wp-json\/wp\/v2\/media?parent=35"}],"curies":[{"name":"wp","href":"https:\/\/api.w.org\/{rel}","templated":true}]}}