{"id":160,"date":"2021-03-25T09:23:28","date_gmt":"2021-03-25T08:23:28","guid":{"rendered":"http:\/\/fonderie-infocom.net\/research\/mcfa\/?page_id=160"},"modified":"2021-07-07T11:15:50","modified_gmt":"2021-07-07T09:15:50","slug":"atelier-workshop-bremen-conference-89-juli-juillet-2021","status":"publish","type":"page","link":"http:\/\/fonderie-infocom.net\/research\/mcfa\/evenements-events\/atelier-workshop-bremen-conference-89-juli-juillet-2021\/","title":{"rendered":"Atelier \/ Workshop Bremen conf\u00e9rence 8+9 Juli\/juillet 2021"},"content":{"rendered":"\n<p><strong>Atelier \/ Workshop Bremen conf\u00e9rence     <a href=\"#8621\" data-type=\"internal\" data-id=\"#8621\">8\/7<\/a>   +   <a href=\"#9621\" data-type=\"internal\" data-id=\"#9621\">9\/7 <\/a><\/strong><\/p>\n\n\n\n<p><em>Inscription par email jusqu\u2019au 7 juillet 2021:\u00a0<a href=\"mailto:saverbec@uni-bremen.de\">saverbec@uni-bremen.de<\/a><br>Email-Einschreibung bis 7. Juli 2021:\u00a0<a href=\"mailto:saverbec@uni.bremen.de\"><a href=\"mailto:saverbec@uni-bremen.de\">saverbec@uni-bremen.de<\/a><\/a><br>un ZOOM-link va suivre \u2013 Sie erhalten einen Zoom Link<\/em><\/p>\n\n\n\n<p>Milieux journalistiques face au populisme, France et Allemagne<\/p>\n\n\n\n<p>Les soci\u00e9t\u00e9s europ\u00e9ennes, dont la France et l\u2019Allemagne, sont confront\u00e9es \u00e0 une \u00ab incivilit\u00e9 \u00bb (Timothy Garton Ash) croissante dans la communication publique et politique, surtout num\u00e9rique. Elles font face \u00e0 un populisme \u00ab quotidien \u00bb, une m\u00e9fiance vis-\u00e0-vis des \u00ab \u00e9lites \u00bb et des m\u00e9dias dites \u00e9litistes, qui constitue \u00e0 la fois une id\u00e9ologie et une strat\u00e9gie de communication. Cela affecte les milieux professionnels du journalisme en mutation dans et avec un environnement communicationnel num\u00e9rique: les journalistes communiquent eux- m\u00eames dans les m\u00e9dias sociaux comme Twitter, individuellement et\/ou en collaboration comme membres d\u2019une r\u00e9daction\/d\u2019une entreprise des m\u00e9dias.<\/p>\n\n\n\n<p>Cet atelier va demander comment des journalistes et chercheurs en France et en Allemagne d\u00e9finissent la communication populiste et le populisme, comment-ils caract\u00e9risent ce dernier id\u00e9ologiquement et politiquement et quelles sont leurs strat\u00e9gies de le confronter. Ces en- jeux cruciaux, populisme, \u00abhate speech\u00bb et incivilit\u00e9, jusqu\u2019\u00e0 maintenant ne font gu\u00e8re l\u2019objet d\u2019une r\u00e9flexion de recherche franco-allemande. Nous allons ouvrir la route pour les re- cherches franco-allemandes dans les champs du journalisme et populisme.<\/p>\n\n\n\n<blockquote class=\"wp-block-quote is-layout-flow wp-block-quote-is-layout-flow\"><p>Journalistische Milieus und die Herausforderungen des Populismus in Deutschland und Frankreich<\/p><p>Die europ\u00e4ischen Gesellschaften, einschlie\u00dflich Deutschland und Frankreich, sind verst\u00e4rkt mit einer Form politischer Kommunikation konfrontiert, die der Historiker Timothy Garton Ash als \u201eincivility\u201c bezeichnet hat. Dies schlie\u00dft einen beinahe schon allt\u00e4glichen Populismus zu- mal in sozialen Medien ein, begleitet von einer kommunikativen Aggression gegen \u201eEliten\u201c und der einhergehenden Denunziation von \u201eElitemedien\u201c. Populistische Kommunikation ist eingebettet in ideologische und strategische Kontexte. Journalist*innen sind davon direkt betroffen und m\u00fcssen sich dazu verhalten, w\u00e4hrend sich ihr mediales T\u00e4tigkeitsfeld \u00e4ndert, sie etwa selbst in sozialen Medien kommunizieren (als Einzelpersonen und redaktionell). Der Workshop soll auch dazu dienen, zu fragen, wie Journalist*innen in Frankreich populistische Kommunikation und Populismus definieren, wie sie letzteren ideologisch und politisch veror- ten und welche professionellen Handlungsstrategien sie entwickeln, um ihm zu begegnen. Populismus, Hassrede und Inzivilit\u00e4t sind zwar derzeit in beiden L\u00e4ndern Forschungsthemen \u2013 aber wiederum nicht mit Blick aufeinander. Dies wird eingebettet in Fragen deutsch- franz\u00f6sischer Journalismus- und Populismusforschung.<\/p><\/blockquote>\n\n\n\n<div class=\"wp-block-file\"><a href=\"http:\/\/fonderie-infocom.net\/research\/mcfa\/wp-content\/uploads\/sites\/5\/2021\/06\/MILIEUX-Atelier-3_Breme_programme_2.pdf\">MILIEUX-Atelier-3_Breme_programme_2<\/a><a href=\"http:\/\/fonderie-infocom.net\/research\/mcfa\/wp-content\/uploads\/sites\/5\/2021\/06\/MILIEUX-Atelier-3_Breme_programme_2.pdf\" class=\"wp-block-file__button\" download>T\u00e9l\u00e9charger<\/a><\/div>\n\n\n\n<p><\/p>\n\n\n\n<p class=\"has-text-align-center\"><strong>8 juillet \/ 8. Juli 2021<\/strong><\/p>\n\n\n\n<p><strong>9:30<\/strong> Begr\u00fc\u00dfung \/ Introduction : Stefanie Averbeck-Lietz\/Fabien Bonnet\/Sarah Cordonnier\/Carsten Wilhelm<\/p>\n\n\n\n<p class=\"has-text-align-center has-vivid-cyan-blue-color has-text-color\"><strong>Panel 1: Moderation \/ animation Sarah Cordonnier (Lyon)<\/strong><\/p>\n\n\n\n<p><strong>9:45 \u2013 10:30<\/strong> Benjamin Kr\u00e4mer (M\u00fcnchen): Vous avez dit &lsquo;populiste&rsquo;? Die politische Soziologie Pierre Bourdieus und die populistische Kommunikation<\/p>\n\n\n\n<p><strong>10:30 \u2013 11:15 <\/strong>Liane Rothenberger, Vanessa Seidel &amp; Philipp Klaus Meurer (Ilmenau): Migrationsberichterstattung in l\u00e4ndlichen vs. urbanen R\u00e4umen \u0336 ein deutsch-franz\u00f6sischer Vergleich<\/p>\n\n\n\n<p><strong>11:15 \u2013 12:00<\/strong> Jan Schulze Buschoff (Bremen): Rassemblement National-rechtsextreme Populisten oder populistische Rechtsextreme? Eine Einf\u00fchrung in die Begrifflichkeiten<\/p>\n\n\n\n<p><strong>12:00-13:00 PAUSE<\/strong><\/p>\n\n\n\n<p class=\"has-text-align-center has-vivid-cyan-blue-color has-text-color\"><br><strong>Panel 2: Moderation \/ animation Fabien Bonnet<\/strong><\/p>\n\n\n\n<p><strong>13:00 \u2013 13:45<\/strong> Nicolas Hub\u00e9 (Metz): <em>It&rsquo;s all about the elite<\/em>! Quand les journalistes fran\u00e7ais r\u00e9pondent aux critiques des populistes<\/p>\n\n\n\n<p><strong>13:45 \u2013 14:30<\/strong> Viviane Harkort (Bremen): Elit\u00e4re Liaison oder professionelle Distanz? Das journalistisch-politische Spannungsfeld in Deutschland und Frankreich<\/p>\n\n\n\n<p><\/p>\n\n\n\n<p class=\"has-text-align-center\" id=\"9621\"><strong>9 juillet \/ 9. Juli 2021<\/strong><\/p>\n\n\n\n<p><strong>10:00 <\/strong>Begr\u00fc\u00dfung \/ Introduction  Stefanie Averbeck-Lietz<\/p>\n\n\n\n<p class=\"has-text-align-center has-vivid-cyan-blue-color has-text-color\"><strong>Panel 3: Moderation \/ animation Stefanie Averbeck-Lietz<\/strong><\/p>\n\n\n\n<p><strong>10:15 \u2013 11:00<\/strong> Irene Preisinger (M\u00fcnchen): Wer arbeitet im Journalismus? Ein Berufsstand im Fokus<\/p>\n\n\n\n<p><strong>11:00 \u2013 11:45<\/strong> Nayla Fawzi (M\u00fcnchen): Medien als Teil einer abgehobenen Elite? Wie Medienvertrauen und Populismus zusammenh\u00e4ngen<\/p>\n\n\n\n<p><strong>11:45-13:00 PAUSE<\/strong><\/p>\n\n\n\n<p class=\"has-text-align-center has-vivid-cyan-blue-color has-text-color\"><br><strong>Panel 4: Moderation \/ animation Carsten Wilhelm<\/strong><\/p>\n\n\n\n<p><strong>13:00 \u2013 13:45<\/strong> Lisa Bolz (Paris): Die Gelbwesten in der deutschen Presse. Genealogie und Mythos eines franz\u00f6sischen Ph\u00e4nomens<\/p>\n\n\n\n<p><strong>13:45 \u2013 14:30 <\/strong>Hagen Steinhauer (Bremen): \u201eFrankreichs sanfter Autoritarismus. Bedrohung von au\u00dfen, Unterwanderung von innen \u0336 Der Kampfbegriff islamo-gauchisme\u201c<\/p>\n\n\n\n<p><strong>14:30-15:00 PAUSE<\/strong><\/p>\n\n\n\n<p><strong>15:00 \u2013 15:45<\/strong> Cl\u00e9mentine Leroy (Lyon): Brexit et populisme : la crise des m\u00e9dias europ\u00e9ens<\/p>\n\n\n\n<p><strong>15:45 Abschlussdiskussion \/ discussion et r\u00e9sum\u00e9e<\/strong><\/p>\n\n\n\n<p><\/p>\n\n\n\n<div class=\"wp-block-file\"><a href=\"http:\/\/fonderie-infocom.net\/research\/mcfa\/wp-content\/uploads\/sites\/5\/2021\/06\/MILIEUX-Atelier-3_Breme_programme_2-1.pdf\">MILIEUX-Atelier-3_Breme_programme_2-1<\/a><a href=\"http:\/\/fonderie-infocom.net\/research\/mcfa\/wp-content\/uploads\/sites\/5\/2021\/06\/MILIEUX-Atelier-3_Breme_programme_2-1.pdf\" class=\"wp-block-file__button\" download>T\u00e9l\u00e9charger<\/a><\/div>\n\n\n\n<p><\/p>\n","protected":false},"excerpt":{"rendered":"<p>Atelier \/ Workshop Bremen conf\u00e9rence 8\/7 + 9\/7 Inscription par email jusqu\u2019au 7 juillet 2021:\u00a0saverbec@uni-bremen.deEmail-Einschreibung bis 7. Juli 2021:\u00a0saverbec@uni-bremen.deun ZOOM-link va suivre \u2013 Sie erhalten einen Zoom Link Milieux journalistiques face au populisme, France et Allemagne Les soci\u00e9t\u00e9s europ\u00e9ennes, dont la France et l\u2019Allemagne, sont confront\u00e9es \u00e0 une \u00ab incivilit\u00e9 \u00bb (Timothy Garton Ash) croissante &#8230; <a title=\"Atelier \/ Workshop Bremen conf\u00e9rence 8+9 Juli\/juillet 2021\" class=\"read-more\" href=\"http:\/\/fonderie-infocom.net\/research\/mcfa\/evenements-events\/atelier-workshop-bremen-conference-89-juli-juillet-2021\/\" aria-label=\"En savoir plus sur Atelier \/ Workshop Bremen conf\u00e9rence 8+9 Juli\/juillet 2021\">Lire la suite<\/a><\/p>\n","protected":false},"author":1,"featured_media":0,"parent":26,"menu_order":0,"comment_status":"closed","ping_status":"closed","template":"","meta":{"footnotes":""},"class_list":["post-160","page","type-page","status-publish"],"_links":{"self":[{"href":"http:\/\/fonderie-infocom.net\/research\/mcfa\/wp-json\/wp\/v2\/pages\/160","targetHints":{"allow":["GET"]}}],"collection":[{"href":"http:\/\/fonderie-infocom.net\/research\/mcfa\/wp-json\/wp\/v2\/pages"}],"about":[{"href":"http:\/\/fonderie-infocom.net\/research\/mcfa\/wp-json\/wp\/v2\/types\/page"}],"author":[{"embeddable":true,"href":"http:\/\/fonderie-infocom.net\/research\/mcfa\/wp-json\/wp\/v2\/users\/1"}],"replies":[{"embeddable":true,"href":"http:\/\/fonderie-infocom.net\/research\/mcfa\/wp-json\/wp\/v2\/comments?post=160"}],"version-history":[{"count":15,"href":"http:\/\/fonderie-infocom.net\/research\/mcfa\/wp-json\/wp\/v2\/pages\/160\/revisions"}],"predecessor-version":[{"id":249,"href":"http:\/\/fonderie-infocom.net\/research\/mcfa\/wp-json\/wp\/v2\/pages\/160\/revisions\/249"}],"up":[{"embeddable":true,"href":"http:\/\/fonderie-infocom.net\/research\/mcfa\/wp-json\/wp\/v2\/pages\/26"}],"wp:attachment":[{"href":"http:\/\/fonderie-infocom.net\/research\/mcfa\/wp-json\/wp\/v2\/media?parent=160"}],"curies":[{"name":"wp","href":"https:\/\/api.w.org\/{rel}","templated":true}]}}