{"id":26,"date":"2020-01-13T15:16:08","date_gmt":"2020-01-13T14:16:08","guid":{"rendered":"http:\/\/fonderie-infocom.net\/research\/mcfa\/?page_id=26"},"modified":"2021-06-14T14:36:01","modified_gmt":"2021-06-14T12:36:01","slug":"evenements-events","status":"publish","type":"page","link":"http:\/\/fonderie-infocom.net\/research\/mcfa\/evenements-events\/","title":{"rendered":"\u00c9v\u00e8nements \/ Events"},"content":{"rendered":"\n<p><strong><a href=\"http:\/\/fonderie-infocom.net\/research\/mcfa\/evenements-events\/atelier-workshop-lyon-162331-mars-2021\/\">Atelier \/ Workshop Lyon<\/a><\/strong> 16\/23\/31 mars\/M\u00e4rz 2021, en ligne online, <a href=\"#lyonancre\" data-type=\"internal\" data-id=\"#lyonancre\">programme<\/a> &gt;&gt;&gt; <a href=\"https:\/\/docs.google.com\/forms\/d\/e\/1FAIpQLSdIbcI1Ob2YXuDnTn73umDD6PZCqHx-x_klba6ghl_qq2vDJg\/viewform\">Inscription \/ Anmeldung<\/a><\/p>\n\n\n\n<p>Cet atelier a pour objet les milieux scientifiques: les sciences consacr\u00e9es \u00e0 la communication elles-m\u00eames sont une sorte de m\u00e9ta-milieu scientifique pour penser la situation dans les deux pays en int\u00e9grant l\u2019histoire des sciences consacr\u00e9e \u00e0 la communication ou de certains de ces champs de recherche dans les deux pays.<\/p>\n\n\n\n<blockquote class=\"wp-block-quote is-layout-flow wp-block-quote-is-layout-flow\"><p>In diesem Workshop geht es um die wissenschaftlichen Milieus : Die Kommunikationswissenschaften selbst sind eine Art wissenschaftliche Meta-Gemeinschaft, die \u00fcber die Situation in beiden L\u00e4ndern forscht, indem sie die Geschichte der Kommunikationswissenschaften oder einiger derer Forschungsfelder in beiden L\u00e4ndern integriert.<\/p><\/blockquote>\n\n\n\n<p><strong><a href=\"http:\/\/fonderie-infocom.net\/research\/mcfa\/evenements-events\/atelier-workshop-mulhouse-conference-informations-a-venir-informationen-kommen-noch\/\">Atelier \/ Workshop Mulhouse conf\u00e9rence<\/a> 7 + 8 juin\/Juni 2021<\/strong> <strong>(informations \u00e0 venir \/ Informationen kommen noch)<\/strong><\/p>\n\n\n\n<p>Cet atelier s&rsquo;int\u00e9resse aux environnements inter- et\/ou d\u00e9connect\u00e9s Franco-Allemands pour comprendre les usages transfrontaliers des m\u00e9dias dans la r\u00e9gion et plus largement entre les pays afin de questionner les \u00e9carts et les convergences dans la mani\u00e8re d\u2019aborder les projets, particuli\u00e8rement les projets de conception de diff\u00e9rentes natures, notamment num\u00e9riques, entre la France et l\u2019Allemagne. Il s\u2019agira, in fine, de questionner la nature des liens entre les acteurs de ces projets et leur potentielle dimension internationale.<\/p>\n\n\n\n<blockquote class=\"wp-block-quote is-layout-flow wp-block-quote-is-layout-flow\"><p>Dieser Workshop interessiert sich f\u00fcr das deutsch-franz\u00f6sische Umfeld, um die grenz\u00fcberschreitende Nutzung von Medien in der Region und im weiteren Sinne zwischen den L\u00e4ndern zu verstehen, um die L\u00fccken und Konvergenzen in der Herangehensweise an Projekte zu hinterfragen, insbesondere Designprojekte unterschiedlicher Natur, vor allem digital, zwischen Frankreich und Deutschland. Letztlich wird es darum gehen, die Art der Verbindungen zwischen den Akteuren dieser Projekte und ihre m\u00f6gliche internationale Dimension zu hinterfragen.<\/p><\/blockquote>\n\n\n\n<p>\u00dcbersetzt mit www.DeepL.com\/Translator (kostenlose Version)<\/p>\n\n\n\n<p><strong><a href=\"http:\/\/fonderie-infocom.net\/research\/mcfa\/evenements-events\/atelier-workshop-bremen-conference-89-juli-juillet-2021\/\">Atelier \/ Workshop Bremen conf\u00e9rence<\/a> 8+9 juillet\/Juni 2021 (informations \u00e0 venir \/ Informationen kommen noch)<\/strong><\/p>\n\n\n\n<p>Milieux journalistiques face au populisme, France et Allemagne<\/p>\n\n\n\n<p>Les soci\u00e9t\u00e9s europ\u00e9ennes, dont la France et l\u2019Allemagne, sont confront\u00e9es \u00e0 une \u00ab incivilit\u00e9 \u00bb (Timothy Garton Ash) croissante dans la communication publique et politique, surtout num\u00e9rique. Elles font face \u00e0 un populisme \u00ab quotidien \u00bb, une m\u00e9fiance vis-\u00e0-vis des \u00ab \u00e9lites \u00bb et des m\u00e9dias dites \u00e9litistes, qui constitue \u00e0 la fois une id\u00e9ologie et une strat\u00e9gie de communication. Cela affecte les milieux professionnels du journalisme en mutation dans et avec un environnement communicationnel num\u00e9rique: les journalistes communiquent eux- m\u00eames dans les m\u00e9dias sociaux comme Twitter, individuellement et\/ou en collaboration comme membres d\u2019une r\u00e9daction\/d\u2019une entreprise des m\u00e9dias.<\/p>\n\n\n\n<p>Cet atelier va demander comment des journalistes et chercheurs en France et en Allemagne d\u00e9finissent la communication populiste et le populisme, comment-ils caract\u00e9risent ce dernier id\u00e9ologiquement et politiquement et quelles sont leurs strat\u00e9gies de le confronter. Ces en- jeux cruciaux, populisme, \u00abhate speech\u00bb et incivilit\u00e9, jusqu\u2019\u00e0 maintenant ne font gu\u00e8re l\u2019objet d\u2019une r\u00e9flexion de recherche franco-allemande. Nous allons ouvrir la route pour les re- cherches franco-allemandes dans les champs du journalisme et populisme.<\/p>\n\n\n\n<blockquote class=\"wp-block-quote is-layout-flow wp-block-quote-is-layout-flow\"><p>Journalistische Milieus und die Herausforderungen des Populismus in Deutschland und Frankreich<\/p><p>Die europ\u00e4ischen Gesellschaften, einschlie\u00dflich Deutschland und Frankreich, sind verst\u00e4rkt mit einer Form politischer Kommunikation konfrontiert, die der Historiker Timothy Garton Ash als \u201eincivility\u201c bezeichnet hat. Dies schlie\u00dft einen beinahe schon allt\u00e4glichen Populismus zu- mal in sozialen Medien ein, begleitet von einer kommunikativen Aggression gegen \u201eEliten\u201c und der einhergehenden Denunziation von \u201eElitemedien\u201c. Populistische Kommunikation ist eingebettet in ideologische und strategische Kontexte. Journalist*innen sind davon direkt betroffen und m\u00fcssen sich dazu verhalten, w\u00e4hrend sich ihr mediales T\u00e4tigkeitsfeld \u00e4ndert, sie etwa selbst in sozialen Medien kommunizieren (als Einzelpersonen und redaktionell). Der<\/p><p>Workshop soll auch dazu dienen, zu fragen, wie Journalist*innen in Frankreich populistische Kommunikation und Populismus definieren, wie sie letzteren ideologisch und politisch veror- ten und welche professionellen Handlungsstrategien sie entwickeln, um ihm zu begegnen. Populismus, Hassrede und Inzivilit\u00e4t sind zwar derzeit in beiden L\u00e4ndern Forschungsthemen \u2013 aber wiederum nicht mit Blick aufeinander. Dies wird eingebettet in Fragen deutsch- franz\u00f6sischer Journalismus- und Populismusforschung.<\/p><\/blockquote>\n\n\n\n<p><br><\/p>\n\n\n\n<p><\/p>\n","protected":false},"excerpt":{"rendered":"<p>Atelier \/ Workshop Lyon 16\/23\/31 mars\/M\u00e4rz 2021, en ligne online, programme &gt;&gt;&gt; Inscription \/ Anmeldung Cet atelier a pour objet les milieux scientifiques: les sciences consacr\u00e9es \u00e0 la communication elles-m\u00eames sont une sorte de m\u00e9ta-milieu scientifique pour penser la situation dans les deux pays en int\u00e9grant l\u2019histoire des sciences consacr\u00e9e \u00e0 la communication ou de &#8230; <a title=\"\u00c9v\u00e8nements \/ Events\" class=\"read-more\" href=\"http:\/\/fonderie-infocom.net\/research\/mcfa\/evenements-events\/\" aria-label=\"En savoir plus sur \u00c9v\u00e8nements \/ Events\">Lire la suite<\/a><\/p>\n","protected":false},"author":1,"featured_media":0,"parent":0,"menu_order":2,"comment_status":"closed","ping_status":"closed","template":"","meta":{"footnotes":""},"class_list":["post-26","page","type-page","status-publish"],"_links":{"self":[{"href":"http:\/\/fonderie-infocom.net\/research\/mcfa\/wp-json\/wp\/v2\/pages\/26","targetHints":{"allow":["GET"]}}],"collection":[{"href":"http:\/\/fonderie-infocom.net\/research\/mcfa\/wp-json\/wp\/v2\/pages"}],"about":[{"href":"http:\/\/fonderie-infocom.net\/research\/mcfa\/wp-json\/wp\/v2\/types\/page"}],"author":[{"embeddable":true,"href":"http:\/\/fonderie-infocom.net\/research\/mcfa\/wp-json\/wp\/v2\/users\/1"}],"replies":[{"embeddable":true,"href":"http:\/\/fonderie-infocom.net\/research\/mcfa\/wp-json\/wp\/v2\/comments?post=26"}],"version-history":[{"count":36,"href":"http:\/\/fonderie-infocom.net\/research\/mcfa\/wp-json\/wp\/v2\/pages\/26\/revisions"}],"predecessor-version":[{"id":242,"href":"http:\/\/fonderie-infocom.net\/research\/mcfa\/wp-json\/wp\/v2\/pages\/26\/revisions\/242"}],"wp:attachment":[{"href":"http:\/\/fonderie-infocom.net\/research\/mcfa\/wp-json\/wp\/v2\/media?parent=26"}],"curies":[{"name":"wp","href":"https:\/\/api.w.org\/{rel}","templated":true}]}}