{"id":216696,"date":"2021-11-13T23:14:42","date_gmt":"2021-11-13T22:14:42","guid":{"rendered":"http:\/\/fonderie-infocom.net\/premieresepreuvesentrevuesbelfort\/?page_id=216696"},"modified":"2023-04-08T23:49:11","modified_gmt":"2023-04-08T21:49:11","slug":"accueil","status":"publish","type":"page","link":"https:\/\/fonderie-infocom.net\/premieresepreuvesentrevuesbelfort\/","title":{"rendered":"Accueil"},"content":{"rendered":"<p>[et_pb_section fb_built=\u00a0\u00bb1&Prime; specialty=\u00a0\u00bbon\u00a0\u00bb background_color_2=\u00a0\u00bb#c3d6d7&Prime; padding_left_1=\u00a0\u00bb0px\u00a0\u00bb padding_top_bottom_link_1=\u00a0\u00bbfalse\u00a0\u00bb padding_top_bottom_link_2=\u00a0\u00bbfalse\u00a0\u00bb padding_left_right_link_1=\u00a0\u00bbfalse\u00a0\u00bb padding_left_right_link_2=\u00a0\u00bbfalse\u00a0\u00bb admin_label=\u00a0\u00bbHeader\u00a0\u00bb _builder_version=\u00a0\u00bb4.20.0&Prime; background_image=\u00a0\u00bbhttps:\/\/fonderie-infocom.net\/premieresepreuvesentrevuesbelfort\/wp-content\/uploads\/2021\/11\/erik-witsoe-GF8VvBgcJ4o-unsplash.jpg\u00a0\u00bb z_index=\u00a0\u00bb500&Prime; width=\u00a0\u00bb100%\u00a0\u00bb inner_width=\u00a0\u00bb100%\u00a0\u00bb min_height=\u00a0\u00bb392.6px\u00a0\u00bb max_height=\u00a0\u00bb824px\u00a0\u00bb custom_margin=\u00a0\u00bb||0px||false|false\u00a0\u00bb custom_padding=\u00a0\u00bb6vw||0px||false|false\u00a0\u00bb top_divider_height_tablet=\u00a0\u00bb\u00a0\u00bb top_divider_height_phone=\u00a0\u00bb\u00a0\u00bb top_divider_height_last_edited=\u00a0\u00bbon|desktop\u00a0\u00bb global_colors_info=\u00a0\u00bb{}\u00a0\u00bb][et_pb_column type=\u00a0\u00bb1_2&Prime; _builder_version=\u00a0\u00bb4.16&Prime; custom_padding=\u00a0\u00bb|||\u00a0\u00bb global_colors_info=\u00a0\u00bb{}\u00a0\u00bb custom_padding__hover=\u00a0\u00bb|||\u00a0\u00bb][et_pb_button button_url=\u00a0\u00bbhttps:\/\/fonderie-infocom.net\/premieresepreuvesentrevuesbelfort\/?qsm_quiz=concours\u00a0\u00bb button_text=\u00a0\u00bbConcours pour les lyc\u00e9ens\u00a0\u00bb button_alignment=\u00a0\u00bbcenter\u00a0\u00bb _builder_version=\u00a0\u00bb4.20.2&Prime; _module_preset=\u00a0\u00bbdefault\u00a0\u00bb custom_button=\u00a0\u00bbon\u00a0\u00bb button_text_size=\u00a0\u00bb37px\u00a0\u00bb button_text_color=\u00a0\u00bb#FFFFFF\u00a0\u00bb button_bg_color=\u00a0\u00bb#BD7376&Prime; button_icon=\u00a0\u00bb&#x3d;||divi||400&Prime; button_on_hover=\u00a0\u00bboff\u00a0\u00bb button_text_shadow_style=\u00a0\u00bbpreset2&Prime; global_colors_info=\u00a0\u00bb{}\u00a0\u00bb][\/et_pb_button][\/et_pb_column][et_pb_column type=\u00a0\u00bb1_2&Prime; specialty_columns=\u00a0\u00bb2&Prime; _builder_version=\u00a0\u00bb4.16&Prime; custom_padding=\u00a0\u00bb|||\u00a0\u00bb global_colors_info=\u00a0\u00bb{}\u00a0\u00bb custom_padding__hover=\u00a0\u00bb|||\u00a0\u00bb][et_pb_row_inner _builder_version=\u00a0\u00bb4.16&Prime; background_color=\u00a0\u00bb#BD7376&Prime; width=\u00a0\u00bb100%\u00a0\u00bb max_width=\u00a0\u00bb100%\u00a0\u00bb custom_padding=\u00a0\u00bb56px|2.5vw|56px|2.5vw|true|true\u00a0\u00bb global_colors_info=\u00a0\u00bb{}\u00a0\u00bb][et_pb_column_inner saved_specialty_column_type=\u00a0\u00bb1_2&Prime; _builder_version=\u00a0\u00bb4.16&Prime; global_colors_info=\u00a0\u00bb{}\u00a0\u00bb][et_pb_text _builder_version=\u00a0\u00bb4.16&Prime; header_2_font=\u00a0\u00bbRoboto Condensed|700||on|||||\u00a0\u00bb header_2_font_size=\u00a0\u00bb12px\u00a0\u00bb header_2_letter_spacing=\u00a0\u00bb3px\u00a0\u00bb background_layout=\u00a0\u00bbdark\u00a0\u00bb custom_margin=\u00a0\u00bb||10px||false|false\u00a0\u00bb global_colors_info=\u00a0\u00bb{}\u00a0\u00bb]<\/p>\n<h2><span style=\"color: #fc3f3f;\">\u2014<\/span> Le blog du Festival entrevues<\/h2>\n<p>[\/et_pb_text][et_pb_text _builder_version=\u00a0\u00bb4.19.4&Prime; text_font=\u00a0\u00bbRoboto Condensed|700||on|||||\u00a0\u00bb text_text_color=\u00a0\u00bb#FFFFFF\u00a0\u00bb text_font_size=\u00a0\u00bb70px\u00a0\u00bb text_line_height=\u00a0\u00bb1.1em\u00a0\u00bb header_font=\u00a0\u00bbRoboto Condensed|700||on|||||\u00a0\u00bb header_font_size=\u00a0\u00bb94px\u00a0\u00bb header_line_height=\u00a0\u00bb1.1em\u00a0\u00bb background_layout=\u00a0\u00bbdark\u00a0\u00bb width=\u00a0\u00bb100%\u00a0\u00bb header_font_size_tablet=\u00a0\u00bb74px\u00a0\u00bb header_font_size_phone=\u00a0\u00bb54px\u00a0\u00bb header_font_size_last_edited=\u00a0\u00bbon|phone\u00a0\u00bb global_colors_info=\u00a0\u00bb{}\u00a0\u00bb]<\/p>\n<p>Premi\u00e8res \u00c9preuves<\/p>\n<p>[\/et_pb_text][\/et_pb_column_inner][\/et_pb_row_inner][et_pb_row_inner _builder_version=\u00a0\u00bb4.16&Prime; background_color=\u00a0\u00bb#FFFFFF\u00a0\u00bb min_height=\u00a0\u00bb126.8px\u00a0\u00bb custom_margin=\u00a0\u00bb||||false|false\u00a0\u00bb custom_padding=\u00a0\u00bb48px|2.5vw|48px|2.5vw|true|true\u00a0\u00bb border_color_all=\u00a0\u00bb#BD7376&Prime; border_width_left=\u00a0\u00bb2.5vw\u00a0\u00bb global_colors_info=\u00a0\u00bb{}\u00a0\u00bb][et_pb_column_inner saved_specialty_column_type=\u00a0\u00bb1_2&Prime; _builder_version=\u00a0\u00bb4.16&Prime; global_colors_info=\u00a0\u00bb{}\u00a0\u00bb][et_pb_text _builder_version=\u00a0\u00bb4.16&Prime; text_font=\u00a0\u00bbLora||||||||\u00a0\u00bb text_text_color=\u00a0\u00bb#676879&Prime; text_font_size=\u00a0\u00bb16px\u00a0\u00bb text_line_height=\u00a0\u00bb2em\u00a0\u00bb text_font_size_tablet=\u00a0\u00bb15px\u00a0\u00bb text_font_size_phone=\u00a0\u00bb14px\u00a0\u00bb text_font_size_last_edited=\u00a0\u00bbon|phone\u00a0\u00bb global_colors_info=\u00a0\u00bb{}\u00a0\u00bb]<\/p>\n<p>Premi\u00e8res \u00c9preuves vous aide \u00e0 pr\u00e9parer l&rsquo;\u00e9preuve de cin\u00e9ma du Baccalaur\u00e9at !\u00a0<\/p>\n<p>[\/et_pb_text][et_pb_button button_url=\u00a0\u00bbhttps:\/\/fonderie-infocom.net\/premieresepreuvesentrevuesbelfort\/?page_id=216788&Prime; button_text=\u00a0\u00bbL&rsquo;\u00e9preuve\u00a0\u00bb button_alignment=\u00a0\u00bbright\u00a0\u00bb _builder_version=\u00a0\u00bb4.16&Prime; custom_button=\u00a0\u00bbon\u00a0\u00bb button_text_size=\u00a0\u00bb14px\u00a0\u00bb button_text_color=\u00a0\u00bb#ffffff\u00a0\u00bb button_bg_color=\u00a0\u00bb#fc3f3f\u00a0\u00bb button_border_width=\u00a0\u00bb0px\u00a0\u00bb button_border_radius=\u00a0\u00bb0px\u00a0\u00bb button_letter_spacing=\u00a0\u00bb2px\u00a0\u00bb button_font=\u00a0\u00bbRoboto Condensed|700||on|||||\u00a0\u00bb button_icon=\u00a0\u00bb&#x24;||divi||400&Prime; button_on_hover=\u00a0\u00bboff\u00a0\u00bb custom_padding=\u00a0\u00bb16px|36px|16px|22px|true|false\u00a0\u00bb box_shadow_style=\u00a0\u00bbpreset3&Prime; box_shadow_color=\u00a0\u00bbrgba(252,63,63,0.48)\u00a0\u00bb global_colors_info=\u00a0\u00bb{}\u00a0\u00bb custom_padding__hover_enabled=\u00a0\u00bbon|hover\u00a0\u00bb custom_padding__hover=\u00a0\u00bb|40px||26px|true|false\u00a0\u00bb][\/et_pb_button][et_pb_video src=\u00a0\u00bbhttps:\/\/youtu.be\/XKkUxj74-Zk\u00a0\u00bb disabled_on=\u00a0\u00bbon|on|off\u00a0\u00bb _builder_version=\u00a0\u00bb4.20.0&Prime; _module_preset=\u00a0\u00bbdefault\u00a0\u00bb positioning=\u00a0\u00bbfixed\u00a0\u00bb position_origin_f=\u00a0\u00bbbottom_left\u00a0\u00bb vertical_offset=\u00a0\u00bb-3px\u00a0\u00bb horizontal_offset=\u00a0\u00bb-4px\u00a0\u00bb z_index=\u00a0\u00bb295&Prime; width=\u00a0\u00bb21%\u00a0\u00bb sticky_position=\u00a0\u00bbtop_bottom\u00a0\u00bb sticky_offset_top=\u00a0\u00bb3px\u00a0\u00bb sticky_limit_top=\u00a0\u00bbbody\u00a0\u00bb sticky_offset_surrounding=\u00a0\u00bboff\u00a0\u00bb global_colors_info=\u00a0\u00bb{}\u00a0\u00bb][\/et_pb_video][\/et_pb_column_inner][\/et_pb_row_inner][\/et_pb_column][\/et_pb_section][et_pb_section fb_built=\u00a0\u00bb1&Prime; _builder_version=\u00a0\u00bb4.20.0&Prime; _module_preset=\u00a0\u00bbdefault\u00a0\u00bb min_height=\u00a0\u00bb263px\u00a0\u00bb custom_padding=\u00a0\u00bb0px||11px|||\u00a0\u00bb global_colors_info=\u00a0\u00bb{}\u00a0\u00bb][et_pb_row _builder_version=\u00a0\u00bb4.16&Prime; _module_preset=\u00a0\u00bbdefault\u00a0\u00bb global_colors_info=\u00a0\u00bb{}\u00a0\u00bb][et_pb_column type=\u00a0\u00bb4_4&Prime; _builder_version=\u00a0\u00bb4.16&Prime; _module_preset=\u00a0\u00bbdefault\u00a0\u00bb global_colors_info=\u00a0\u00bb{}\u00a0\u00bb][et_pb_text _builder_version=\u00a0\u00bb4.20.4&Prime; text_font=\u00a0\u00bbLora||||||||\u00a0\u00bb text_text_color=\u00a0\u00bb#676879&Prime; text_font_size=\u00a0\u00bb16px\u00a0\u00bb text_line_height=\u00a0\u00bb2em\u00a0\u00bb header_2_font=\u00a0\u00bbRoboto Condensed|700||on|||||\u00a0\u00bb header_2_font_size=\u00a0\u00bb80px\u00a0\u00bb header_2_line_height=\u00a0\u00bb1.1em\u00a0\u00bb custom_margin=\u00a0\u00bb||-20px||false|false\u00a0\u00bb hover_enabled=\u00a0\u00bb0&Prime; text_font_size_tablet=\u00a0\u00bb15px\u00a0\u00bb text_font_size_phone=\u00a0\u00bb14px\u00a0\u00bb text_font_size_last_edited=\u00a0\u00bbon|phone\u00a0\u00bb header_2_font_size_tablet=\u00a0\u00bb50px\u00a0\u00bb header_2_font_size_phone=\u00a0\u00bb30px\u00a0\u00bb header_2_font_size_last_edited=\u00a0\u00bbon|phone\u00a0\u00bb locked=\u00a0\u00bboff\u00a0\u00bb global_colors_info=\u00a0\u00bb{}\u00a0\u00bb sticky_enabled=\u00a0\u00bb0&Prime;]<\/p>\n<h2 style=\"text-align: left;\"><span style=\"color: #000000;\"><span style=\"color: #4a00d8;\"><span style=\"color: #000000;\">Les films de 2023<\/span><\/span><\/span><\/h2>\n<p><span style=\"font-weight: 400;\"><\/span><\/p>\n<p><span style=\"font-weight: 400;\"><\/span><\/p>\n<p>[\/et_pb_text][\/et_pb_column][\/et_pb_row][et_pb_row column_structure=\u00a0\u00bb1_2,1_2&Prime; _builder_version=\u00a0\u00bb4.20.4&Prime; _module_preset=\u00a0\u00bbdefault\u00a0\u00bb global_colors_info=\u00a0\u00bb{}\u00a0\u00bb][et_pb_column type=\u00a0\u00bb1_2&Prime; _builder_version=\u00a0\u00bb4.20.4&Prime; _module_preset=\u00a0\u00bbdefault\u00a0\u00bb global_colors_info=\u00a0\u00bb{}\u00a0\u00bb][et_pb_image src=\u00a0\u00bbhttps:\/\/fonderie-infocom.net\/premieresepreuvesentrevuesbelfort\/wp-content\/uploads\/2021\/11\/Affiche-Ready-Player-One.jpg\u00a0\u00bb alt=\u00a0\u00bbAffiche Ready Player One\u00a0\u00bb title_text=\u00a0\u00bbAffiche Ready Player One\u00a0\u00bb align=\u00a0\u00bbcenter\u00a0\u00bb _builder_version=\u00a0\u00bb4.20.4&Prime; _module_preset=\u00a0\u00bbdefault\u00a0\u00bb max_height=\u00a0\u00bb422px\u00a0\u00bb hover_enabled=\u00a0\u00bb0&Prime; global_colors_info=\u00a0\u00bb{}\u00a0\u00bb url=\u00a0\u00bbhttps:\/\/fonderie-infocom.net\/premieresepreuvesentrevuesbelfort\/?page_id=216831(ouvre%20un%20nouvel%20onglet)\u00a0\u00bb sticky_enabled=\u00a0\u00bb0&Prime;][\/et_pb_image][\/et_pb_column][et_pb_column type=\u00a0\u00bb1_2&Prime; _builder_version=\u00a0\u00bb4.20.4&Prime; _module_preset=\u00a0\u00bbdefault\u00a0\u00bb global_colors_info=\u00a0\u00bb{}\u00a0\u00bb][et_pb_image src=\u00a0\u00bbhttps:\/\/fonderie-infocom.net\/premieresepreuvesentrevuesbelfort\/wp-content\/uploads\/2021\/11\/Affiche-Secret-Beyond-the-door.jpg.jpeg\u00a0\u00bb alt=\u00a0\u00bbAffiche Secret Beyond the door.jpg\u00a0\u00bb title_text=\u00a0\u00bbAffiche Secret Beyond the door.jpg\u00a0\u00bb url=\u00a0\u00bbhttps:\/\/fonderie-infocom.net\/premieresepreuvesentrevuesbelfort\/?page_id=216876&Prime; align=\u00a0\u00bbcenter\u00a0\u00bb _builder_version=\u00a0\u00bb4.20.4&Prime; _module_preset=\u00a0\u00bbdefault\u00a0\u00bb max_height=\u00a0\u00bb422px\u00a0\u00bb global_colors_info=\u00a0\u00bb{}\u00a0\u00bb][\/et_pb_image][\/et_pb_column][\/et_pb_row][\/et_pb_section][et_pb_section fb_built=\u00a0\u00bb1&Prime; specialty=\u00a0\u00bbon\u00a0\u00bb use_background_color_gradient_1=\u00a0\u00bbon\u00a0\u00bb background_color_gradient_stops_1=\u00a0\u00bbrgba(0,0,0,0) 44%|rgba(0,0,0,0) 100%\u00a0\u00bb background_color_gradient_start_1=\u00a0\u00bbrgba(0,0,0,0)\u00a0\u00bb background_color_gradient_end_1=\u00a0\u00bbrgba(0,0,0,0)\u00a0\u00bb background_color_gradient_start_position_1=\u00a0\u00bb44%\u00a0\u00bb _builder_version=\u00a0\u00bb4.16&Prime; _module_preset=\u00a0\u00bbdefault\u00a0\u00bb background_image=\u00a0\u00bbhttps:\/\/fonderie-infocom.net\/premieresepreuvesentrevuesbelfort\/wp-content\/uploads\/2021\/11\/e\u0301tudiante-en-cine\u0301ma-grand.jpg\u00a0\u00bb background_size=\u00a0\u00bbcontain\u00a0\u00bb background_position=\u00a0\u00bbtop_left\u00a0\u00bb global_colors_info=\u00a0\u00bb{}\u00a0\u00bb][et_pb_column type=\u00a0\u00bb1_2&Prime; _builder_version=\u00a0\u00bb4.16&Prime; custom_padding=\u00a0\u00bb|||\u00a0\u00bb global_colors_info=\u00a0\u00bb{}\u00a0\u00bb custom_padding__hover=\u00a0\u00bb|||\u00a0\u00bb][\/et_pb_column][et_pb_column type=\u00a0\u00bb1_2&Prime; specialty_columns=\u00a0\u00bb2&Prime; _builder_version=\u00a0\u00bb4.16&Prime; custom_padding=\u00a0\u00bb|||\u00a0\u00bb global_colors_info=\u00a0\u00bb{}\u00a0\u00bb custom_padding__hover=\u00a0\u00bb|||\u00a0\u00bb][et_pb_row_inner _builder_version=\u00a0\u00bb4.16&Prime; _module_preset=\u00a0\u00bbdefault\u00a0\u00bb global_colors_info=\u00a0\u00bb{}\u00a0\u00bb][et_pb_column_inner saved_specialty_column_type=\u00a0\u00bb1_2&Prime; _builder_version=\u00a0\u00bb4.16&Prime; _module_preset=\u00a0\u00bbdefault\u00a0\u00bb global_colors_info=\u00a0\u00bb{}\u00a0\u00bb][et_pb_text _builder_version=\u00a0\u00bb4.16&Prime; text_font=\u00a0\u00bbLora||||||||\u00a0\u00bb text_text_color=\u00a0\u00bb#676879&Prime; text_font_size=\u00a0\u00bb16px\u00a0\u00bb text_line_height=\u00a0\u00bb2em\u00a0\u00bb header_2_font=\u00a0\u00bbRoboto Condensed|700||on|||||\u00a0\u00bb header_2_font_size=\u00a0\u00bb80px\u00a0\u00bb header_2_line_height=\u00a0\u00bb1.1em\u00a0\u00bb custom_margin=\u00a0\u00bb||||false|false\u00a0\u00bb text_font_size_tablet=\u00a0\u00bb15px\u00a0\u00bb text_font_size_phone=\u00a0\u00bb14px\u00a0\u00bb text_font_size_last_edited=\u00a0\u00bbon|phone\u00a0\u00bb header_2_font_size_tablet=\u00a0\u00bb50px\u00a0\u00bb header_2_font_size_phone=\u00a0\u00bb30px\u00a0\u00bb header_2_font_size_last_edited=\u00a0\u00bbon|phone\u00a0\u00bb text_text_shadow_style=\u00a0\u00bbpreset3&Prime; text_text_shadow_blur_strength=\u00a0\u00bb0.87em\u00a0\u00bb text_text_shadow_color=\u00a0\u00bb#FFFFFF\u00a0\u00bb locked=\u00a0\u00bboff\u00a0\u00bb global_colors_info=\u00a0\u00bb{}\u00a0\u00bb]<\/p>\n<h2><span style=\"color: #000000;\"><span style=\"color: #4a00d8;\"><span style=\"color: #000000;\">L&rsquo;\u00e9preuve <br \/><\/span><\/span><\/span><span style=\"color: #000000;\"><span style=\"color: #4a00d8;\"><span style=\"color: #000000;\">du Bac<\/span><\/span><\/span><\/h2>\n<p><span style=\"font-weight: 400;\"><\/span><\/p>\n<p><span style=\"font-weight: 400;\"><\/span><\/p>\n<p>[\/et_pb_text][et_pb_button button_url=\u00a0\u00bbhttps:\/\/fonderie-infocom.net\/premieresepreuvesentrevuesbelfort\/?page_id=216798&Prime; button_text=\u00a0\u00bbL&rsquo;\u00c9preuve orale \u00a0\u00bb button_alignment=\u00a0\u00bbleft\u00a0\u00bb button_alignment_tablet=\u00a0\u00bbleft\u00a0\u00bb button_alignment_phone=\u00a0\u00bb\u00a0\u00bb button_alignment_last_edited=\u00a0\u00bbon|phone\u00a0\u00bb _builder_version=\u00a0\u00bb4.16&Prime; custom_button=\u00a0\u00bbon\u00a0\u00bb button_text_size=\u00a0\u00bb14px\u00a0\u00bb button_text_color=\u00a0\u00bb#ffffff\u00a0\u00bb button_bg_color=\u00a0\u00bb#fc3f3f\u00a0\u00bb button_border_width=\u00a0\u00bb0px\u00a0\u00bb button_border_radius=\u00a0\u00bb0px\u00a0\u00bb button_letter_spacing=\u00a0\u00bb2px\u00a0\u00bb button_font=\u00a0\u00bbRoboto Condensed|700||on|||||\u00a0\u00bb button_icon=\u00a0\u00bb&#x24;||divi||400&Prime; button_on_hover=\u00a0\u00bboff\u00a0\u00bb custom_padding=\u00a0\u00bb16px|36px|16px|22px|true|false\u00a0\u00bb box_shadow_style=\u00a0\u00bbpreset3&Prime; box_shadow_color=\u00a0\u00bbrgba(252,63,63,0.48)\u00a0\u00bb locked=\u00a0\u00bboff\u00a0\u00bb global_colors_info=\u00a0\u00bb{}\u00a0\u00bb custom_padding__hover_enabled=\u00a0\u00bbon|hover\u00a0\u00bb custom_padding__hover=\u00a0\u00bb|40px||26px|true|false\u00a0\u00bb][\/et_pb_button][et_pb_button button_url=\u00a0\u00bbhttps:\/\/fonderie-infocom.net\/premieresepreuvesentrevuesbelfort\/?page_id=216807&Prime; button_text=\u00a0\u00bbL&rsquo;\u00e9preuve \u00e9crite\u00a0\u00bb button_alignment=\u00a0\u00bbleft\u00a0\u00bb button_alignment_tablet=\u00a0\u00bbleft\u00a0\u00bb button_alignment_phone=\u00a0\u00bb\u00a0\u00bb button_alignment_last_edited=\u00a0\u00bbon|phone\u00a0\u00bb _builder_version=\u00a0\u00bb4.16&Prime; custom_button=\u00a0\u00bbon\u00a0\u00bb button_text_size=\u00a0\u00bb14px\u00a0\u00bb button_text_color=\u00a0\u00bb#ffffff\u00a0\u00bb button_bg_color=\u00a0\u00bb#fc3f3f\u00a0\u00bb button_border_width=\u00a0\u00bb0px\u00a0\u00bb button_border_radius=\u00a0\u00bb0px\u00a0\u00bb button_letter_spacing=\u00a0\u00bb2px\u00a0\u00bb button_font=\u00a0\u00bbRoboto Condensed|700||on|||||\u00a0\u00bb button_icon=\u00a0\u00bb&#x24;||divi||400&Prime; button_on_hover=\u00a0\u00bboff\u00a0\u00bb custom_padding=\u00a0\u00bb16px|36px|16px|22px|true|false\u00a0\u00bb box_shadow_style=\u00a0\u00bbpreset3&Prime; box_shadow_color=\u00a0\u00bbrgba(252,63,63,0.48)\u00a0\u00bb locked=\u00a0\u00bboff\u00a0\u00bb global_colors_info=\u00a0\u00bb{}\u00a0\u00bb custom_padding__hover_enabled=\u00a0\u00bbon|hover\u00a0\u00bb custom_padding__hover=\u00a0\u00bb|40px||26px|true|false\u00a0\u00bb][\/et_pb_button][\/et_pb_column_inner][\/et_pb_row_inner][\/et_pb_column][\/et_pb_section][et_pb_section fb_built=\u00a0\u00bb1&Prime; admin_label=\u00a0\u00bbBlog\u00a0\u00bb _builder_version=\u00a0\u00bb4.16&Prime; z_index=\u00a0\u00bb11&Prime; min_height=\u00a0\u00bb642.4px\u00a0\u00bb custom_margin=\u00a0\u00bb||0px||false|false\u00a0\u00bb custom_padding=\u00a0\u00bb||369px|||\u00a0\u00bb global_colors_info=\u00a0\u00bb{}\u00a0\u00bb][et_pb_row make_equal=\u00a0\u00bbon\u00a0\u00bb _builder_version=\u00a0\u00bb4.20.0&Prime; width=\u00a0\u00bb57%\u00a0\u00bb height=\u00a0\u00bb675px\u00a0\u00bb max_height=\u00a0\u00bb677px\u00a0\u00bb custom_margin=\u00a0\u00bb|auto|-20vw|auto|false|false\u00a0\u00bb custom_margin_tablet=\u00a0\u00bb||100vw||false|false\u00a0\u00bb custom_margin_phone=\u00a0\u00bb0vw||150vw||false|false\u00a0\u00bb custom_margin_last_edited=\u00a0\u00bbon|tablet\u00a0\u00bb global_colors_info=\u00a0\u00bb{}\u00a0\u00bb][et_pb_column type=\u00a0\u00bb4_4&Prime; _builder_version=\u00a0\u00bb4.16&Prime; global_colors_info=\u00a0\u00bb{}\u00a0\u00bb][et_pb_text _builder_version=\u00a0\u00bb4.16&Prime; _module_preset=\u00a0\u00bbdefault\u00a0\u00bb global_colors_info=\u00a0\u00bb{}\u00a0\u00bb]<\/p>\n<h2><span style=\"color: #ff0000;\">\u2014<\/span> Les derniers articles<\/h2>\n<p>[\/et_pb_text][et_pb_blog fullwidth=\u00a0\u00bboff\u00a0\u00bb posts_number=\u00a0\u00bb3&Prime; include_categories=\u00a0\u00bball,20&Prime; show_author=\u00a0\u00bboff\u00a0\u00bb show_date=\u00a0\u00bboff\u00a0\u00bb show_pagination=\u00a0\u00bboff\u00a0\u00bb _builder_version=\u00a0\u00bb4.16&Prime; header_font=\u00a0\u00bbRoboto Condensed|700||on|||||\u00a0\u00bb header_font_size=\u00a0\u00bb20px\u00a0\u00bb header_letter_spacing=\u00a0\u00bb1px\u00a0\u00bb header_line_height=\u00a0\u00bb1.2em\u00a0\u00bb body_font=\u00a0\u00bbLora||||||||\u00a0\u00bb body_text_color=\u00a0\u00bb#676879&Prime; body_line_height=\u00a0\u00bb2em\u00a0\u00bb meta_font=\u00a0\u00bbRoboto Condensed|700||on|||||\u00a0\u00bb meta_text_color=\u00a0\u00bb#fc3f3f\u00a0\u00bb meta_font_size=\u00a0\u00bb12px\u00a0\u00bb meta_letter_spacing=\u00a0\u00bb1px\u00a0\u00bb pagination_font=\u00a0\u00bbRoboto Condensed|700||on|||||\u00a0\u00bb pagination_text_color=\u00a0\u00bb#fc3f3f\u00a0\u00bb pagination_letter_spacing=\u00a0\u00bb1px\u00a0\u00bb min_height=\u00a0\u00bb281px\u00a0\u00bb height=\u00a0\u00bb594px\u00a0\u00bb max_height=\u00a0\u00bb709px\u00a0\u00bb custom_margin=\u00a0\u00bb||-247px||false|false\u00a0\u00bb custom_padding=\u00a0\u00bb||0px||false|false\u00a0\u00bb header_font_size_tablet=\u00a0\u00bb\u00a0\u00bb header_font_size_phone=\u00a0\u00bb18px\u00a0\u00bb header_font_size_last_edited=\u00a0\u00bbon|phone\u00a0\u00bb body_font_size_tablet=\u00a0\u00bb15px\u00a0\u00bb body_font_size_phone=\u00a0\u00bb14px\u00a0\u00bb body_font_size_last_edited=\u00a0\u00bboff|desktop\u00a0\u00bb border_width_all=\u00a0\u00bb0px\u00a0\u00bb box_shadow_style=\u00a0\u00bbpreset3&Prime; box_shadow_vertical=\u00a0\u00bb64px\u00a0\u00bb box_shadow_blur=\u00a0\u00bb80px\u00a0\u00bb box_shadow_spread=\u00a0\u00bb-24px\u00a0\u00bb box_shadow_color=\u00a0\u00bbrgba(24,23,38,0.1)\u00a0\u00bb locked=\u00a0\u00bboff\u00a0\u00bb global_colors_info=\u00a0\u00bb{}\u00a0\u00bb][\/et_pb_blog][et_pb_button button_url=\u00a0\u00bbhttps:\/\/fonderie-infocom.net\/premieresepreuvesentrevuesbelfort\/?page_id=216891&Prime; button_text=\u00a0\u00bbTout le blog\u00a0\u00bb button_alignment=\u00a0\u00bbcenter\u00a0\u00bb button_alignment_tablet=\u00a0\u00bbleft\u00a0\u00bb button_alignment_phone=\u00a0\u00bbright\u00a0\u00bb button_alignment_last_edited=\u00a0\u00bbon|phone\u00a0\u00bb disabled_on=\u00a0\u00bboff|on|on\u00a0\u00bb _builder_version=\u00a0\u00bb4.20.0&Prime; custom_button=\u00a0\u00bbon\u00a0\u00bb button_text_size=\u00a0\u00bb14px\u00a0\u00bb button_text_color=\u00a0\u00bb#ffffff\u00a0\u00bb button_bg_color=\u00a0\u00bb#fc3f3f\u00a0\u00bb button_border_width=\u00a0\u00bb0px\u00a0\u00bb button_border_radius=\u00a0\u00bb0px\u00a0\u00bb button_letter_spacing=\u00a0\u00bb2px\u00a0\u00bb button_font=\u00a0\u00bbRoboto Condensed|700||on|||||\u00a0\u00bb button_icon=\u00a0\u00bb&#x24;||divi||400&Prime; button_on_hover=\u00a0\u00bboff\u00a0\u00bb custom_margin=\u00a0\u00bb1454px||0px||false|false\u00a0\u00bb custom_padding=\u00a0\u00bb16px|36px|16px|27px|true|false\u00a0\u00bb box_shadow_style=\u00a0\u00bbpreset3&Prime; box_shadow_color=\u00a0\u00bbrgba(252,63,63,0.48)\u00a0\u00bb locked=\u00a0\u00bboff\u00a0\u00bb global_colors_info=\u00a0\u00bb{}\u00a0\u00bb custom_padding__hover_enabled=\u00a0\u00bbon|hover\u00a0\u00bb custom_padding__hover=\u00a0\u00bb|40px||26px|true|false\u00a0\u00bb][\/et_pb_button][\/et_pb_column][\/et_pb_row][\/et_pb_section]<\/p>\n","protected":false},"excerpt":{"rendered":"<p>\u2014 Le blog du Festival entrevuesPremi\u00e8res \u00c9preuvesPremi\u00e8res \u00c9preuves vous aide \u00e0 pr\u00e9parer l&rsquo;\u00e9preuve de cin\u00e9ma du Baccalaur\u00e9at !\u00a0Les films de 2023 L&rsquo;\u00e9preuve du Bac \u2014 Les derniers articles<\/p>\n","protected":false},"author":1,"featured_media":0,"parent":0,"menu_order":0,"comment_status":"closed","ping_status":"closed","template":"","meta":{"_et_pb_use_builder":"on","_et_pb_old_content":"","_et_gb_content_width":""},"_links":{"self":[{"href":"https:\/\/fonderie-infocom.net\/premieresepreuvesentrevuesbelfort\/index.php?rest_route=\/wp\/v2\/pages\/216696"}],"collection":[{"href":"https:\/\/fonderie-infocom.net\/premieresepreuvesentrevuesbelfort\/index.php?rest_route=\/wp\/v2\/pages"}],"about":[{"href":"https:\/\/fonderie-infocom.net\/premieresepreuvesentrevuesbelfort\/index.php?rest_route=\/wp\/v2\/types\/page"}],"author":[{"embeddable":true,"href":"https:\/\/fonderie-infocom.net\/premieresepreuvesentrevuesbelfort\/index.php?rest_route=\/wp\/v2\/users\/1"}],"replies":[{"embeddable":true,"href":"https:\/\/fonderie-infocom.net\/premieresepreuvesentrevuesbelfort\/index.php?rest_route=%2Fwp%2Fv2%2Fcomments&post=216696"}],"version-history":[{"count":43,"href":"https:\/\/fonderie-infocom.net\/premieresepreuvesentrevuesbelfort\/index.php?rest_route=\/wp\/v2\/pages\/216696\/revisions"}],"predecessor-version":[{"id":217219,"href":"https:\/\/fonderie-infocom.net\/premieresepreuvesentrevuesbelfort\/index.php?rest_route=\/wp\/v2\/pages\/216696\/revisions\/217219"}],"wp:attachment":[{"href":"https:\/\/fonderie-infocom.net\/premieresepreuvesentrevuesbelfort\/index.php?rest_route=%2Fwp%2Fv2%2Fmedia&parent=216696"}],"curies":[{"name":"wp","href":"https:\/\/api.w.org\/{rel}","templated":true}]}}