{"id":216723,"date":"2021-11-14T11:06:12","date_gmt":"2021-11-14T10:06:12","guid":{"rendered":"http:\/\/fonderie-infocom.net\/premieresepreuvesentrevuesbelfort\/?page_id=216723"},"modified":"2022-11-13T19:37:15","modified_gmt":"2022-11-13T18:37:15","slug":"contact-4","status":"publish","type":"page","link":"https:\/\/fonderie-infocom.net\/premieresepreuvesentrevuesbelfort\/?page_id=216723","title":{"rendered":"Contact"},"content":{"rendered":"<p>[et_pb_section fb_built=\u00a0\u00bb1&Prime; specialty=\u00a0\u00bbon\u00a0\u00bb padding_top_bottom_link_1=\u00a0\u00bbfalse\u00a0\u00bb padding_top_bottom_link_2=\u00a0\u00bbfalse\u00a0\u00bb padding_left_right_link_1=\u00a0\u00bbfalse\u00a0\u00bb padding_left_right_link_2=\u00a0\u00bbfalse\u00a0\u00bb padding_top_1=\u00a0\u00bb0px\u00a0\u00bb padding_top_2=\u00a0\u00bb20px\u00a0\u00bb admin_label=\u00a0\u00bbFooter\u00a0\u00bb _builder_version=\u00a0\u00bb4.13.1&Prime; custom_padding=\u00a0\u00bb59px||0px|||\u00a0\u00bb hover_enabled=\u00a0\u00bb0&Prime; locked=\u00a0\u00bboff\u00a0\u00bb global_colors_info=\u00a0\u00bb{}\u00a0\u00bb background_color_2=\u00a0\u00bbRGBA(0,0,0,0)\u00a0\u00bb sticky_enabled=\u00a0\u00bb0&Prime;][et_pb_column type=\u00a0\u00bb1_3&Prime; _builder_version=\u00a0\u00bb3.25&Prime; custom_padding=\u00a0\u00bb|||\u00a0\u00bb global_colors_info=\u00a0\u00bb{}\u00a0\u00bb custom_padding__hover=\u00a0\u00bb|||\u00a0\u00bb][et_pb_image src=\u00a0\u00bbhttps:\/\/fonderie-infocom.net\/premieresepreuvesentrevuesbelfort\/wp-content\/uploads\/2021\/11\/contact.jpg\u00a0\u00bb alt=\u00a0\u00bbcontact\u00a0\u00bb title_text=\u00a0\u00bbcontact\u00a0\u00bb _builder_version=\u00a0\u00bb4.13.1&Prime; custom_margin=\u00a0\u00bb|||-10vw|false|false\u00a0\u00bb hover_enabled=\u00a0\u00bb0&Prime; box_shadow_style=\u00a0\u00bbpreset3&Prime; box_shadow_vertical=\u00a0\u00bb64px\u00a0\u00bb box_shadow_blur=\u00a0\u00bb80px\u00a0\u00bb box_shadow_spread=\u00a0\u00bb-24px\u00a0\u00bb box_shadow_color=\u00a0\u00bbrgba(24,23,38,0.1)\u00a0\u00bb locked=\u00a0\u00bboff\u00a0\u00bb global_colors_info=\u00a0\u00bb{}\u00a0\u00bb][\/et_pb_image][\/et_pb_column][et_pb_column type=\u00a0\u00bb2_3&Prime; specialty_columns=\u00a0\u00bb2&Prime; _builder_version=\u00a0\u00bb3.25&Prime; custom_padding=\u00a0\u00bb|||\u00a0\u00bb global_colors_info=\u00a0\u00bb{}\u00a0\u00bb custom_padding__hover=\u00a0\u00bb|||\u00a0\u00bb][et_pb_row_inner _builder_version=\u00a0\u00bb4.0.8&Prime; locked=\u00a0\u00bboff\u00a0\u00bb global_colors_info=\u00a0\u00bb{}\u00a0\u00bb][et_pb_column_inner saved_specialty_column_type=\u00a0\u00bb2_3&Prime; _builder_version=\u00a0\u00bb4.0.8&Prime; global_colors_info=\u00a0\u00bb{}\u00a0\u00bb][et_pb_text _builder_version=\u00a0\u00bb4.13.1&Prime; header_2_font=\u00a0\u00bbRoboto Condensed|700||on|||||\u00a0\u00bb header_2_font_size=\u00a0\u00bb80px\u00a0\u00bb header_2_line_height=\u00a0\u00bb1.1em\u00a0\u00bb header_2_font_size_tablet=\u00a0\u00bb50px\u00a0\u00bb header_2_font_size_phone=\u00a0\u00bb30px\u00a0\u00bb header_2_font_size_last_edited=\u00a0\u00bbon|phone\u00a0\u00bb locked=\u00a0\u00bboff\u00a0\u00bb global_colors_info=\u00a0\u00bb{}\u00a0\u00bb]<\/p>\n<h2>Cin\u00e9mas d&rsquo;aujourd&rsquo;hui<\/h2>\n<p>[\/et_pb_text][\/et_pb_column_inner][\/et_pb_row_inner][et_pb_row_inner column_structure=\u00a0\u00bb1_2,1_2&Prime; _builder_version=\u00a0\u00bb4.0.8&Prime; global_colors_info=\u00a0\u00bb{}\u00a0\u00bb][et_pb_column_inner type=\u00a0\u00bb1_2&Prime; saved_specialty_column_type=\u00a0\u00bb2_3&Prime; _builder_version=\u00a0\u00bb4.0.8&Prime; global_colors_info=\u00a0\u00bb{}\u00a0\u00bb][et_pb_text _builder_version=\u00a0\u00bb4.13.1&Prime; text_font=\u00a0\u00bbLora||||||||\u00a0\u00bb text_text_color=\u00a0\u00bb#676879&Prime; text_font_size=\u00a0\u00bb16px\u00a0\u00bb text_line_height=\u00a0\u00bb2em\u00a0\u00bb header_3_font=\u00a0\u00bbRoboto Condensed|700||on|||||\u00a0\u00bb header_3_font_size=\u00a0\u00bb20px\u00a0\u00bb header_3_letter_spacing=\u00a0\u00bb1px\u00a0\u00bb header_3_line_height=\u00a0\u00bb1.2em\u00a0\u00bb max_width=\u00a0\u00bb640px\u00a0\u00bb text_font_size_tablet=\u00a0\u00bb15px\u00a0\u00bb text_font_size_phone=\u00a0\u00bb14px\u00a0\u00bb text_font_size_last_edited=\u00a0\u00bbon|phone\u00a0\u00bb header_3_font_size_tablet=\u00a0\u00bb\u00a0\u00bb header_3_font_size_phone=\u00a0\u00bb18px\u00a0\u00bb header_3_font_size_last_edited=\u00a0\u00bbon|phone\u00a0\u00bb locked=\u00a0\u00bboff\u00a0\u00bb global_colors_info=\u00a0\u00bb{}\u00a0\u00bb]<\/p>\n<h3>Belfort<\/h3>\n<div class=\"gmail_quote\">\n<div>\n<div>\n<div>\n<div id=\"m_-769712777230113457gmail-block-system-main\">\n<div>\n<div id=\"m_-769712777230113457gmail-node-32\">\n<div>\n<div>\n<div>\n<div>\n<div><span>1 bd Richelieu<\/span><\/div>\n<\/div>\n<\/div>\n<\/div>\n<\/div>\n<\/div>\n<\/div>\n<\/div>\n<\/div>\n<\/div>\n<\/div>\n<\/div>\n<div class=\"gmail_quote\">\n<div>\n<div>\n<div>\n<div id=\"m_-769712777230113457gmail-block-system-main\">\n<div>\n<div id=\"m_-769712777230113457gmail-node-32\">\n<div>\n<div>\n<div>\n<div>\n<div><span>90 000 Belfort<\/span><\/div>\n<\/div>\n<\/div>\n<\/div>\n<\/div>\n<\/div>\n<\/div>\n<\/div>\n<\/div>\n<\/div>\n<\/div>\n<\/div>\n<div class=\"gmail_quote\">\n<div>\n<div>\n<div>\n<div id=\"m_-769712777230113457gmail-block-system-main\">\n<div>\n<div id=\"m_-769712777230113457gmail-node-32\">\n<div>\n<div>\n<div>\n<div>\n<div><span>T\u00e9l : 03 70 04 80 90<\/span><\/div>\n<\/div>\n<\/div>\n<\/div>\n<\/div>\n<\/div>\n<\/div>\n<\/div>\n<\/div>\n<\/div>\n<\/div>\n<\/div>\n<p>[\/et_pb_text][\/et_pb_column_inner][et_pb_column_inner type=\u00a0\u00bb1_2&Prime; saved_specialty_column_type=\u00a0\u00bb2_3&Prime; _builder_version=\u00a0\u00bb4.0.8&Prime; global_colors_info=\u00a0\u00bb{}\u00a0\u00bb][et_pb_text _builder_version=\u00a0\u00bb4.13.1&Prime; text_font=\u00a0\u00bbLora||||||||\u00a0\u00bb text_text_color=\u00a0\u00bb#676879&Prime; text_font_size=\u00a0\u00bb16px\u00a0\u00bb text_line_height=\u00a0\u00bb2em\u00a0\u00bb header_3_font=\u00a0\u00bbRoboto Condensed|700||on|||||\u00a0\u00bb header_3_font_size=\u00a0\u00bb20px\u00a0\u00bb header_3_letter_spacing=\u00a0\u00bb1px\u00a0\u00bb header_3_line_height=\u00a0\u00bb1.2em\u00a0\u00bb max_width=\u00a0\u00bb640px\u00a0\u00bb text_font_size_tablet=\u00a0\u00bb15px\u00a0\u00bb text_font_size_phone=\u00a0\u00bb14px\u00a0\u00bb text_font_size_last_edited=\u00a0\u00bbon|phone\u00a0\u00bb header_3_font_size_tablet=\u00a0\u00bb\u00a0\u00bb header_3_font_size_phone=\u00a0\u00bb18px\u00a0\u00bb header_3_font_size_last_edited=\u00a0\u00bbon|phone\u00a0\u00bb locked=\u00a0\u00bboff\u00a0\u00bb global_colors_info=\u00a0\u00bb{}\u00a0\u00bb]<\/p>\n<h3>Paris<\/h3>\n<div class=\"gmail_quote\">\n<div id=\"m_-769712777230113457gmail-block-system-main\">\n<div id=\"m_-769712777230113457gmail-node-32\">\n<div class=\"gmail_quote\">\n<div>\n<div>\n<div>\n<div id=\"m_-769712777230113457gmail-block-system-main\">\n<div>\n<div id=\"m_-769712777230113457gmail-node-32\">\n<div>\n<div>\n<div>\n<div>\n<div><span>87 Bis Rue de Paris,<\/span><\/div>\n<\/div>\n<\/div>\n<\/div>\n<\/div>\n<\/div>\n<\/div>\n<\/div>\n<\/div>\n<\/div>\n<\/div>\n<\/div>\n<div class=\"gmail_quote\">\n<div>\n<div>\n<div>\n<div id=\"m_-769712777230113457gmail-block-system-main\">\n<div>\n<div id=\"m_-769712777230113457gmail-node-32\">\n<div>\n<div>\n<div>\n<div>\n<div><span>93100 Montreuil<\/span><\/div>\n<\/div>\n<\/div>\n<\/div>\n<\/div>\n<\/div>\n<\/div>\n<\/div>\n<\/div>\n<\/div>\n<\/div>\n<\/div>\n<div class=\"gmail_quote\">\n<div>\n<div>\n<div>\n<div id=\"m_-769712777230113457gmail-block-system-main\">\n<div>\n<div id=\"m_-769712777230113457gmail-node-32\">\n<div>\n<div>\n<div>\n<div>\n<div><span>T\u00e9l : 01 41 50 75\u00a000<\/span><\/div>\n<\/div>\n<\/div>\n<\/div>\n<\/div>\n<\/div>\n<\/div>\n<\/div>\n<\/div>\n<\/div>\n<\/div>\n<\/div>\n<\/div>\n<\/div>\n<\/div>\n<p>[\/et_pb_text][et_pb_button button_url=\u00a0\u00bbhttps:\/\/cinemasdaujourdhui.com\/\u00a0\u00bb button_text=\u00a0\u00bben savoir plus\u00a0\u00bb button_alignment=\u00a0\u00bbright\u00a0\u00bb button_alignment_tablet=\u00a0\u00bbleft\u00a0\u00bb button_alignment_phone=\u00a0\u00bb\u00a0\u00bb button_alignment_last_edited=\u00a0\u00bbon|phone\u00a0\u00bb _builder_version=\u00a0\u00bb4.13.1&Prime; custom_button=\u00a0\u00bbon\u00a0\u00bb button_text_size=\u00a0\u00bb14px\u00a0\u00bb button_text_color=\u00a0\u00bb#ffffff\u00a0\u00bb button_bg_color=\u00a0\u00bb#fc3f3f\u00a0\u00bb button_border_width=\u00a0\u00bb0px\u00a0\u00bb button_border_radius=\u00a0\u00bb0px\u00a0\u00bb button_letter_spacing=\u00a0\u00bb2px\u00a0\u00bb button_font=\u00a0\u00bbRoboto Condensed|700||on|||||\u00a0\u00bb button_icon=\u00a0\u00bb&#x24;||divi||400&Prime; button_on_hover=\u00a0\u00bboff\u00a0\u00bb custom_padding=\u00a0\u00bb16px|36px|16px|22px|true|false\u00a0\u00bb box_shadow_style=\u00a0\u00bbpreset3&Prime; box_shadow_color=\u00a0\u00bbrgba(252,63,63,0.48)\u00a0\u00bb locked=\u00a0\u00bboff\u00a0\u00bb global_colors_info=\u00a0\u00bb{}\u00a0\u00bb custom_padding__hover_enabled=\u00a0\u00bbon|hover\u00a0\u00bb custom_padding__hover=\u00a0\u00bb|40px||26px|true|false\u00a0\u00bb][\/et_pb_button][\/et_pb_column_inner][\/et_pb_row_inner][\/et_pb_column][\/et_pb_section][et_pb_section fb_built=\u00a0\u00bb1&Prime; theme_builder_area=\u00a0\u00bbpost_content\u00a0\u00bb _builder_version=\u00a0\u00bb4.13.1&Prime; _module_preset=\u00a0\u00bbdefault\u00a0\u00bb use_background_color_gradient=\u00a0\u00bbon\u00a0\u00bb background_color_gradient_start=\u00a0\u00bb#ffffff\u00a0\u00bb background_color_gradient_end=\u00a0\u00bb#bd7376&Prime; background_color_gradient_start_position=\u00a0\u00bb50%\u00a0\u00bb background_color_gradient_direction=\u00a0\u00bb90deg\u00a0\u00bb background_color_gradient_end_position=\u00a0\u00bb50%\u00a0\u00bb hover_enabled=\u00a0\u00bb0&Prime; sticky_enabled=\u00a0\u00bb0&Prime;][et_pb_row _builder_version=\u00a0\u00bb4.13.1&Prime; _module_preset=\u00a0\u00bbdefault\u00a0\u00bb column_structure=\u00a0\u00bb1_2,1_2&Prime; theme_builder_area=\u00a0\u00bbpost_content\u00a0\u00bb background_color=\u00a0\u00bb#FFFFFF\u00a0\u00bb custom_margin=\u00a0\u00bb||||true|false\u00a0\u00bb border_radii=\u00a0\u00bboff||||\u00a0\u00bb border_width_all=\u00a0\u00bb3px\u00a0\u00bb border_color_all=\u00a0\u00bb#FFFFFF\u00a0\u00bb hover_enabled=\u00a0\u00bb0&Prime; sticky_enabled=\u00a0\u00bb0&Prime;][et_pb_column _builder_version=\u00a0\u00bb4.13.1&Prime; _module_preset=\u00a0\u00bbdefault\u00a0\u00bb type=\u00a0\u00bb1_2&Prime; theme_builder_area=\u00a0\u00bbpost_content\u00a0\u00bb][et_pb_text _builder_version=\u00a0\u00bb4.0.8&Prime; header_font=\u00a0\u00bbRoboto Condensed|700||on|||||\u00a0\u00bb header_font_size=\u00a0\u00bb80px\u00a0\u00bb header_line_height=\u00a0\u00bb1.1em\u00a0\u00bb header_font_size_tablet=\u00a0\u00bb60px\u00a0\u00bb header_font_size_phone=\u00a0\u00bb40px\u00a0\u00bb header_font_size_last_edited=\u00a0\u00bbon|phone\u00a0\u00bb locked=\u00a0\u00bboff\u00a0\u00bb global_colors_info=\u00a0\u00bb{}\u00a0\u00bb theme_builder_area=\u00a0\u00bbpost_content\u00a0\u00bb admin_label=\u00a0\u00bbTexte\u00a0\u00bb]<\/p>\n<h1>ContactS<\/h1>\n<p>[\/et_pb_text][et_pb_text _builder_version=\u00a0\u00bb4.13.1&Prime; text_font=\u00a0\u00bbLora||||||||\u00a0\u00bb text_text_color=\u00a0\u00bb#676879&Prime; text_font_size=\u00a0\u00bb16px\u00a0\u00bb text_line_height=\u00a0\u00bb2em\u00a0\u00bb link_text_color=\u00a0\u00bb#fc3f3f\u00a0\u00bb header_3_font=\u00a0\u00bbRoboto Condensed|700||on|||||\u00a0\u00bb header_3_font_size=\u00a0\u00bb20px\u00a0\u00bb header_3_letter_spacing=\u00a0\u00bb1px\u00a0\u00bb header_3_line_height=\u00a0\u00bb1.2em\u00a0\u00bb max_width=\u00a0\u00bb640px\u00a0\u00bb text_font_size_tablet=\u00a0\u00bb15px\u00a0\u00bb text_font_size_phone=\u00a0\u00bb14px\u00a0\u00bb text_font_size_last_edited=\u00a0\u00bbon|phone\u00a0\u00bb header_3_font_size_tablet=\u00a0\u00bb\u00a0\u00bb header_3_font_size_phone=\u00a0\u00bb18px\u00a0\u00bb header_3_font_size_last_edited=\u00a0\u00bbon|phone\u00a0\u00bb locked=\u00a0\u00bboff\u00a0\u00bb global_colors_info=\u00a0\u00bb{}\u00a0\u00bb theme_builder_area=\u00a0\u00bbpost_content\u00a0\u00bb]<\/p>\n<div class=\"gmail_quote\">\n<div id=\"m_-769712777230113457gmail-block-system-main\">\n<div id=\"m_-769712777230113457gmail-node-32\">\n<h3>Elsa Charbit<\/h3>\n<h3><span style=\"color: #fc3f3f;\">\u2014 <\/span><b style=\"font-size: 16px;\">DIRECTRICE Artistique<\/b><\/h3>\n<h3><span style=\"color: #ffffff;\">\u2014\u2014\u2014 <\/span><\/h3>\n<\/div>\n<\/div>\n<\/div>\n<div class=\"gmail_quote\">\n<h3><span color=\"#000000\"><span face=\"arial, sans-serif\"><b>Elsa Lan\u00e7on<br \/><\/b><\/span><\/span><\/h3>\n<h3><span style=\"color: #fc3f3f;\">\u2014 <\/span><b style=\"font-size: 16px;\">DIRECTRICE DE CIN\u00c9MAS D\u2019AUJOURD\u2019HUI<br \/><a href=\"mailto:el@festival-entrevues.com\" target=\"_blank\" rel=\"noopener\">el@festival-entrevues.com<\/a><\/b><\/h3>\n<\/div>\n<div class=\"gmail_quote\">\n<div class=\"gmail_quote\">\n<div id=\"m_-769712777230113457gmail-block-system-main\">\n<div id=\"m_-769712777230113457gmail-node-32\">\n<h3><span style=\"color: #ffffff;\">\u2014\u2014\u2014 <\/span><\/h3>\n<\/div>\n<\/div>\n<\/div>\n<div class=\"gmail_quote\">\n<h3><span color=\"#000000\"><span face=\"arial, sans-serif\"><b>Audrey Planchet<br \/><\/b><\/span><\/span><\/h3>\n<h3><span style=\"color: #fc3f3f;\">\u2014 <\/span><b style=\"font-size: 16px;\">Charg\u00e9e de communication cin\u00e9mas d&rsquo;aujoud&rsquo;hui &amp; festival entrevues<br \/><a href=\"mailto:communication@festival-entrevues.com\" target=\"_blank\" rel=\"noopener\">communication@festival-entrevues.com<\/a><\/b><\/h3>\n<\/div>\n<\/div>\n<p>&nbsp;<\/p>\n<p>[\/et_pb_text][\/et_pb_column][et_pb_column _builder_version=\u00a0\u00bb4.13.1&Prime; _module_preset=\u00a0\u00bbdefault\u00a0\u00bb type=\u00a0\u00bb1_2&Prime; theme_builder_area=\u00a0\u00bbpost_content\u00a0\u00bb][et_pb_text _builder_version=\u00a0\u00bb4.13.1&Prime; header_2_font=\u00a0\u00bbRoboto Condensed|700||on|||||\u00a0\u00bb header_2_font_size=\u00a0\u00bb12px\u00a0\u00bb header_2_letter_spacing=\u00a0\u00bb3px\u00a0\u00bb custom_margin=\u00a0\u00bb||10px||false|false\u00a0\u00bb hover_enabled=\u00a0\u00bb0&Prime; locked=\u00a0\u00bboff\u00a0\u00bb global_colors_info=\u00a0\u00bb{}\u00a0\u00bb background_color=\u00a0\u00bbRGBA(0,0,0,0)\u00a0\u00bb theme_builder_area=\u00a0\u00bbpost_content\u00a0\u00bb sticky_enabled=\u00a0\u00bb0&Prime;]<\/p>\n<h1>\u2014 Les partenaires<\/h1>\n<p>[\/et_pb_text][et_pb_text _builder_version=\u00a0\u00bb4.13.1&Prime; text_font=\u00a0\u00bbLora||||||||\u00a0\u00bb text_font_size=\u00a0\u00bb16px\u00a0\u00bb text_line_height=\u00a0\u00bb2em\u00a0\u00bb hover_enabled=\u00a0\u00bb0&Prime; text_font_size_tablet=\u00a0\u00bb15px\u00a0\u00bb text_font_size_phone=\u00a0\u00bb14px\u00a0\u00bb text_font_size_last_edited=\u00a0\u00bbon|phone\u00a0\u00bb locked=\u00a0\u00bboff\u00a0\u00bb global_colors_info=\u00a0\u00bb{}\u00a0\u00bb header_text_color=\u00a0\u00bb#BD7376&Prime; header_font=\u00a0\u00bb|300|||||||\u00a0\u00bb header_2_text_color=\u00a0\u00bb#BD7376&Prime; link_text_color=\u00a0\u00bb#BD7376&Prime; sticky_enabled=\u00a0\u00bb0&Prime; theme_builder_area=\u00a0\u00bbpost_content\u00a0\u00bb background_color=\u00a0\u00bb#FFFFFF\u00a0\u00bb]<\/p>\n<p><span>Le Festival Entrevues est organis\u00e9 par la\u00a0<a href=\"http:\/\/www.ville-belfort.fr\/\">Ville de Belfort<\/a>\u00a0et\u00a0<a href=\"http:\/\/www.cinemasdaujourdhui.com\/\">Cin\u00e9mas d\u2019aujourd\u2019hui<\/a>\u00a0avec le soutien du\u00a0<a href=\"http:\/\/www.franche-comte.fr\/\">Conseil r\u00e9gional de Franche-Comt\u00e9<\/a>,\u00a0<a href=\"http:\/\/www.cg90.fr\/\">Conseil g\u00e9n\u00e9ral du Territoire de Belfort<\/a>,<a href=\"http:\/\/www.cnc.fr\/web\/fr;jsessionid=E5310C61950A74037E34EAA4770667DC.liferay\">Centre national de la cin\u00e9matographie et de l\u2019image anim\u00e9e<\/a>,\u00a0<a href=\"http:\/\/www.culturecommunication.gouv.fr\/\">Minist\u00e8re de la culture et de la communication<\/a>,\u00a0<a href=\"http:\/\/www.cinematheque.fr\/\">La Cin\u00e9math\u00e8que fran\u00e7aise<\/a>,\u00a0TANDEM,\u00a0<a href=\"http:\/\/www.cineplus.fr\/\">Cin\u00e9 +<\/a>, et\u00a0<a href=\"http:\/\/www.cinemasgaumontpathe.com\/cinemas\/cinema-pathe-belfort\/\">Cin\u00e9ma Path\u00e9-Belfort<\/a><\/span><span>.<\/span><em><span>\u00a0<\/span><\/em><\/p>\n<p>[\/et_pb_text][\/et_pb_column][\/et_pb_row][\/et_pb_section]<\/p>\n","protected":false},"excerpt":{"rendered":"<p>Cin\u00e9mas d&rsquo;aujourd&rsquo;huiBelfort 1 bd Richelieu 90 000 Belfort T\u00e9l : 03 70 04 80 90 Paris 87 Bis Rue de Paris, 93100 Montreuil T\u00e9l : 01 41 50 75\u00a000 ContactS Elsa Charbit \u2014 DIRECTRICE Artistique \u2014\u2014\u2014 Elsa Lan\u00e7on \u2014 DIRECTRICE DE CIN\u00c9MAS D\u2019AUJOURD\u2019HUIel@festival-entrevues.com \u2014\u2014\u2014 Audrey Planchet \u2014 Charg\u00e9e de communication cin\u00e9mas d&rsquo;aujoud&rsquo;hui &amp; festival entrevuescommunication@festival-entrevues.com [&hellip;]<\/p>\n","protected":false},"author":1,"featured_media":0,"parent":0,"menu_order":0,"comment_status":"closed","ping_status":"closed","template":"","meta":{"_et_pb_use_builder":"on","_et_pb_old_content":"","_et_gb_content_width":""},"_links":{"self":[{"href":"https:\/\/fonderie-infocom.net\/premieresepreuvesentrevuesbelfort\/index.php?rest_route=\/wp\/v2\/pages\/216723"}],"collection":[{"href":"https:\/\/fonderie-infocom.net\/premieresepreuvesentrevuesbelfort\/index.php?rest_route=\/wp\/v2\/pages"}],"about":[{"href":"https:\/\/fonderie-infocom.net\/premieresepreuvesentrevuesbelfort\/index.php?rest_route=\/wp\/v2\/types\/page"}],"author":[{"embeddable":true,"href":"https:\/\/fonderie-infocom.net\/premieresepreuvesentrevuesbelfort\/index.php?rest_route=\/wp\/v2\/users\/1"}],"replies":[{"embeddable":true,"href":"https:\/\/fonderie-infocom.net\/premieresepreuvesentrevuesbelfort\/index.php?rest_route=%2Fwp%2Fv2%2Fcomments&post=216723"}],"version-history":[{"count":8,"href":"https:\/\/fonderie-infocom.net\/premieresepreuvesentrevuesbelfort\/index.php?rest_route=\/wp\/v2\/pages\/216723\/revisions"}],"predecessor-version":[{"id":217106,"href":"https:\/\/fonderie-infocom.net\/premieresepreuvesentrevuesbelfort\/index.php?rest_route=\/wp\/v2\/pages\/216723\/revisions\/217106"}],"wp:attachment":[{"href":"https:\/\/fonderie-infocom.net\/premieresepreuvesentrevuesbelfort\/index.php?rest_route=%2Fwp%2Fv2%2Fmedia&parent=216723"}],"curies":[{"name":"wp","href":"https:\/\/api.w.org\/{rel}","templated":true}]}}