{"id":216767,"date":"2021-11-14T21:38:23","date_gmt":"2021-11-14T20:38:23","guid":{"rendered":"http:\/\/fonderie-infocom.net\/premieresepreuvesentrevuesbelfort\/?page_id=216767"},"modified":"2022-11-13T18:36:12","modified_gmt":"2022-11-13T17:36:12","slug":"cinemas-daujourdhui","status":"publish","type":"page","link":"https:\/\/fonderie-infocom.net\/premieresepreuvesentrevuesbelfort\/?page_id=216767","title":{"rendered":"Cin\u00e9mas d&rsquo;aujourd&rsquo;hui"},"content":{"rendered":"<p>[et_pb_section fb_built=\u00a0\u00bb1&Prime; _builder_version=\u00a0\u00bb4.13.1&Prime; _module_preset=\u00a0\u00bbdefault\u00a0\u00bb use_background_color_gradient=\u00a0\u00bbon\u00a0\u00bb background_color_gradient_start=\u00a0\u00bb#ffffff\u00a0\u00bb background_color_gradient_end=\u00a0\u00bb#bd7376&Prime; background_color_gradient_direction=\u00a0\u00bb270deg\u00a0\u00bb background_color_gradient_start_position=\u00a0\u00bb50%\u00a0\u00bb background_color_gradient_end_position=\u00a0\u00bb14%\u00a0\u00bb min_height=\u00a0\u00bb301px\u00a0\u00bb hover_enabled=\u00a0\u00bb0&Prime; global_colors_info=\u00a0\u00bb{}\u00a0\u00bb sticky_enabled=\u00a0\u00bb0&Prime;][et_pb_row _builder_version=\u00a0\u00bb4.13.1&Prime; _module_preset=\u00a0\u00bbdefault\u00a0\u00bb global_colors_info=\u00a0\u00bb{}\u00a0\u00bb][et_pb_column type=\u00a0\u00bb4_4&Prime; _builder_version=\u00a0\u00bb4.13.1&Prime; _module_preset=\u00a0\u00bbdefault\u00a0\u00bb global_colors_info=\u00a0\u00bb{}\u00a0\u00bb][et_pb_image src=\u00a0\u00bbhttps:\/\/fonderie-infocom.net\/premieresepreuvesentrevuesbelfort\/wp-content\/uploads\/2021\/03\/CINEMAS-D-AUJOURD-HUI-1.jpg\u00a0\u00bb alt=\u00a0\u00bbLogo Cin\u00e9mas d&rsquo;Aujourd&rsquo;hui\u00a0\u00bb title_text=\u00a0\u00bbLogo Cin\u00e9mas d&rsquo;Aujourd&rsquo;hui\u00a0\u00bb align=\u00a0\u00bbcenter\u00a0\u00bb _builder_version=\u00a0\u00bb4.13.1&Prime; _module_preset=\u00a0\u00bbdefault\u00a0\u00bb min_height=\u00a0\u00bb196px\u00a0\u00bb height=\u00a0\u00bb209px\u00a0\u00bb global_colors_info=\u00a0\u00bb{}\u00a0\u00bb][\/et_pb_image][\/et_pb_column][\/et_pb_row][\/et_pb_section][et_pb_section fb_built=\u00a0\u00bb1&Prime; admin_label=\u00a0\u00bbStats\u00a0\u00bb _builder_version=\u00a0\u00bb4.13.1&Prime; background_color=\u00a0\u00bbRGBA(0,0,0,0)\u00a0\u00bb use_background_color_gradient=\u00a0\u00bbon\u00a0\u00bb background_color_gradient_start=\u00a0\u00bbrgba(0,0,0,0)\u00a0\u00bb background_color_gradient_end=\u00a0\u00bb#ffffff\u00a0\u00bb background_color_gradient_direction=\u00a0\u00bb90deg\u00a0\u00bb background_color_gradient_start_position=\u00a0\u00bb17%\u00a0\u00bb background_color_gradient_end_position=\u00a0\u00bb0%\u00a0\u00bb z_index=\u00a0\u00bb10&Prime; custom_padding=\u00a0\u00bb6vw||6vw||true|false\u00a0\u00bb locked=\u00a0\u00bboff\u00a0\u00bb global_colors_info=\u00a0\u00bb{}\u00a0\u00bb][et_pb_row _builder_version=\u00a0\u00bb4.0.8&Prime; global_colors_info=\u00a0\u00bb{}\u00a0\u00bb][et_pb_column type=\u00a0\u00bb4_4&Prime; _builder_version=\u00a0\u00bb4.0.8&Prime; global_colors_info=\u00a0\u00bb{}\u00a0\u00bb][et_pb_text _builder_version=\u00a0\u00bb4.13.1&Prime; header_2_font=\u00a0\u00bbRoboto Condensed|700||on|||||\u00a0\u00bb header_2_font_size=\u00a0\u00bb80px\u00a0\u00bb header_2_line_height=\u00a0\u00bb1.1em\u00a0\u00bb background_layout=\u00a0\u00bbdark\u00a0\u00bb header_2_font_size_tablet=\u00a0\u00bb50px\u00a0\u00bb header_2_font_size_phone=\u00a0\u00bb30px\u00a0\u00bb header_2_font_size_last_edited=\u00a0\u00bbon|phone\u00a0\u00bb global_colors_info=\u00a0\u00bb{}\u00a0\u00bb header_2_2_font_size_phone=\u00a0\u00bb30px\u00a0\u00bb header_3_2_font_size_phone=\u00a0\u00bb30px\u00a0\u00bb header_4_2_font_size_phone=\u00a0\u00bb30px\u00a0\u00bb header_5_2_font_size_phone=\u00a0\u00bb30px\u00a0\u00bb header_6_2_font_size_phone=\u00a0\u00bb30px\u00a0\u00bb header_2_2_font_size_tablet=\u00a0\u00bb50px\u00a0\u00bb header_3_2_font_size_tablet=\u00a0\u00bb50px\u00a0\u00bb header_4_2_font_size_tablet=\u00a0\u00bb50px\u00a0\u00bb header_5_2_font_size_tablet=\u00a0\u00bb50px\u00a0\u00bb header_6_2_font_size_tablet=\u00a0\u00bb50px\u00a0\u00bb header_2_2_font_size_last_edited=\u00a0\u00bbon|phone\u00a0\u00bb header_3_2_font_size_last_edited=\u00a0\u00bbon|phone\u00a0\u00bb header_4_2_font_size_last_edited=\u00a0\u00bbon|phone\u00a0\u00bb header_5_2_font_size_last_edited=\u00a0\u00bbon|phone\u00a0\u00bb header_6_2_font_size_last_edited=\u00a0\u00bbon|phone\u00a0\u00bb]<\/p>\n<h2><span style=\"color: #000000;\">Cin\u00e9mas d&rsquo;aujourd&rsquo;hui<\/span><\/h2>\n<p>[\/et_pb_text][et_pb_text _builder_version=\u00a0\u00bb4.13.1&Prime; text_font=\u00a0\u00bbLora||||||||\u00a0\u00bb text_text_color=\u00a0\u00bb#676879&Prime; text_font_size=\u00a0\u00bb16px\u00a0\u00bb text_line_height=\u00a0\u00bb2em\u00a0\u00bb custom_padding=\u00a0\u00bb||0px|||\u00a0\u00bb text_font_size_tablet=\u00a0\u00bb15px\u00a0\u00bb text_font_size_phone=\u00a0\u00bb14px\u00a0\u00bb text_font_size_last_edited=\u00a0\u00bbon|phone\u00a0\u00bb locked=\u00a0\u00bboff\u00a0\u00bb global_colors_info=\u00a0\u00bb{}\u00a0\u00bb]<\/p>\n<p><span>L\u2019association <strong>Cin\u00e9mas d\u2019Aujourd\u2019hui<\/strong>, cr\u00e9\u00e9e en 1990, programme et soutient le cin\u00e9ma d\u2019auteur et coordonne les dispositifs scolaires d\u2019\u00e9ducation \u00e0 l\u2019image au Cin\u00e9ma Path\u00e9 au sein duquel elle est implant\u00e9e. Elle organise Entrevues, le festival international du film de Belfort, chaque ann\u00e9e au mois de novembre.<\/span><\/p>\n<p>&nbsp;<\/p>\n<p>[\/et_pb_text][et_pb_button button_url=\u00a0\u00bbhttps:\/\/cinemasdaujourdhui.com\/\u00a0\u00bb button_text=\u00a0\u00bben savoir plus\u00a0\u00bb button_alignment=\u00a0\u00bbleft\u00a0\u00bb button_alignment_tablet=\u00a0\u00bbleft\u00a0\u00bb button_alignment_phone=\u00a0\u00bb\u00a0\u00bb button_alignment_last_edited=\u00a0\u00bbon|phone\u00a0\u00bb _builder_version=\u00a0\u00bb4.13.1&Prime; custom_button=\u00a0\u00bbon\u00a0\u00bb button_text_size=\u00a0\u00bb14px\u00a0\u00bb button_text_color=\u00a0\u00bb#ffffff\u00a0\u00bb button_bg_color=\u00a0\u00bb#fc3f3f\u00a0\u00bb button_border_width=\u00a0\u00bb0px\u00a0\u00bb button_border_radius=\u00a0\u00bb0px\u00a0\u00bb button_letter_spacing=\u00a0\u00bb2px\u00a0\u00bb button_font=\u00a0\u00bbRoboto Condensed|700||on|||||\u00a0\u00bb button_icon=\u00a0\u00bb&#x24;||divi||400&Prime; button_on_hover=\u00a0\u00bboff\u00a0\u00bb custom_padding=\u00a0\u00bb16px|36px|16px|22px|true|false\u00a0\u00bb box_shadow_style=\u00a0\u00bbpreset3&Prime; box_shadow_color=\u00a0\u00bbrgba(252,63,63,0.48)\u00a0\u00bb locked=\u00a0\u00bboff\u00a0\u00bb global_colors_info=\u00a0\u00bb{}\u00a0\u00bb custom_padding__hover_enabled=\u00a0\u00bbon|hover\u00a0\u00bb custom_padding__hover=\u00a0\u00bb|40px||26px|true|false\u00a0\u00bb][\/et_pb_button][\/et_pb_column][\/et_pb_row][\/et_pb_section]<\/p>\n","protected":false},"excerpt":{"rendered":"<p>Cin\u00e9mas d&rsquo;aujourd&rsquo;huiL\u2019association Cin\u00e9mas d\u2019Aujourd\u2019hui, cr\u00e9\u00e9e en 1990, programme et soutient le cin\u00e9ma d\u2019auteur et coordonne les dispositifs scolaires d\u2019\u00e9ducation \u00e0 l\u2019image au Cin\u00e9ma Path\u00e9 au sein duquel elle est implant\u00e9e. Elle organise Entrevues, le festival international du film de Belfort, chaque ann\u00e9e au mois de novembre. &nbsp;<\/p>\n","protected":false},"author":1,"featured_media":0,"parent":0,"menu_order":0,"comment_status":"closed","ping_status":"closed","template":"","meta":{"_et_pb_use_builder":"on","_et_pb_old_content":"","_et_gb_content_width":""},"_links":{"self":[{"href":"https:\/\/fonderie-infocom.net\/premieresepreuvesentrevuesbelfort\/index.php?rest_route=\/wp\/v2\/pages\/216767"}],"collection":[{"href":"https:\/\/fonderie-infocom.net\/premieresepreuvesentrevuesbelfort\/index.php?rest_route=\/wp\/v2\/pages"}],"about":[{"href":"https:\/\/fonderie-infocom.net\/premieresepreuvesentrevuesbelfort\/index.php?rest_route=\/wp\/v2\/types\/page"}],"author":[{"embeddable":true,"href":"https:\/\/fonderie-infocom.net\/premieresepreuvesentrevuesbelfort\/index.php?rest_route=\/wp\/v2\/users\/1"}],"replies":[{"embeddable":true,"href":"https:\/\/fonderie-infocom.net\/premieresepreuvesentrevuesbelfort\/index.php?rest_route=%2Fwp%2Fv2%2Fcomments&post=216767"}],"version-history":[{"count":5,"href":"https:\/\/fonderie-infocom.net\/premieresepreuvesentrevuesbelfort\/index.php?rest_route=\/wp\/v2\/pages\/216767\/revisions"}],"predecessor-version":[{"id":217092,"href":"https:\/\/fonderie-infocom.net\/premieresepreuvesentrevuesbelfort\/index.php?rest_route=\/wp\/v2\/pages\/216767\/revisions\/217092"}],"wp:attachment":[{"href":"https:\/\/fonderie-infocom.net\/premieresepreuvesentrevuesbelfort\/index.php?rest_route=%2Fwp%2Fv2%2Fmedia&parent=216767"}],"curies":[{"name":"wp","href":"https:\/\/api.w.org\/{rel}","templated":true}]}}