{"id":216778,"date":"2021-11-14T22:17:51","date_gmt":"2021-11-14T21:17:51","guid":{"rendered":"http:\/\/fonderie-infocom.net\/premieresepreuvesentrevuesbelfort\/?page_id=216778"},"modified":"2022-11-13T18:35:45","modified_gmt":"2022-11-13T17:35:45","slug":"festival-entrevues-2","status":"publish","type":"page","link":"https:\/\/fonderie-infocom.net\/premieresepreuvesentrevuesbelfort\/?page_id=216778","title":{"rendered":"festival entrevues"},"content":{"rendered":"<p>[et_pb_section fb_built=\u00a0\u00bb1&Prime; _builder_version=\u00a0\u00bb4.13.1&Prime; _module_preset=\u00a0\u00bbdefault\u00a0\u00bb use_background_color_gradient=\u00a0\u00bbon\u00a0\u00bb background_color_gradient_start=\u00a0\u00bb#ffffff\u00a0\u00bb background_color_gradient_end=\u00a0\u00bb#bd7376&Prime; background_color_gradient_direction=\u00a0\u00bb270deg\u00a0\u00bb background_color_gradient_start_position=\u00a0\u00bb50%\u00a0\u00bb background_color_gradient_end_position=\u00a0\u00bb50%\u00a0\u00bb min_height=\u00a0\u00bb301px\u00a0\u00bb hover_enabled=\u00a0\u00bb0&Prime; global_colors_info=\u00a0\u00bb{}\u00a0\u00bb background_color=\u00a0\u00bbRGBA(0,0,0,0)\u00a0\u00bb border_color_all=\u00a0\u00bbRGBA(0,0,0,0)\u00a0\u00bb sticky_enabled=\u00a0\u00bb0&Prime;][et_pb_row _builder_version=\u00a0\u00bb4.13.1&Prime; _module_preset=\u00a0\u00bbdefault\u00a0\u00bb global_colors_info=\u00a0\u00bb{}\u00a0\u00bb][et_pb_column type=\u00a0\u00bb4_4&Prime; _builder_version=\u00a0\u00bb4.13.1&Prime; _module_preset=\u00a0\u00bbdefault\u00a0\u00bb global_colors_info=\u00a0\u00bb{}\u00a0\u00bb][et_pb_image src=\u00a0\u00bbhttps:\/\/fonderie-infocom.net\/premieresepreuvesentrevuesbelfort\/wp-content\/uploads\/2021\/03\/te\u0301le\u0301chargement.png\u00a0\u00bb alt=\u00a0\u00bblogo festival entrevues\u00a0\u00bb title_text=\u00a0\u00bblogo festival entrevues\u00a0\u00bb align=\u00a0\u00bbcenter\u00a0\u00bb _builder_version=\u00a0\u00bb4.13.1&Prime; _module_preset=\u00a0\u00bbdefault\u00a0\u00bb min_height=\u00a0\u00bb196px\u00a0\u00bb height=\u00a0\u00bb209px\u00a0\u00bb hover_enabled=\u00a0\u00bb0&Prime; global_colors_info=\u00a0\u00bb{}\u00a0\u00bb background_color=\u00a0\u00bbRGBA(0,0,0,0)\u00a0\u00bb sticky_enabled=\u00a0\u00bb0&Prime;][\/et_pb_image][\/et_pb_column][\/et_pb_row][\/et_pb_section][et_pb_section fb_built=\u00a0\u00bb1&Prime; admin_label=\u00a0\u00bbStats\u00a0\u00bb _builder_version=\u00a0\u00bb4.13.1&Prime; background_color=\u00a0\u00bbRGBA(0,0,0,0)\u00a0\u00bb use_background_color_gradient=\u00a0\u00bbon\u00a0\u00bb background_color_gradient_start=\u00a0\u00bbrgba(0,0,0,0)\u00a0\u00bb background_color_gradient_end=\u00a0\u00bb#ffffff\u00a0\u00bb background_color_gradient_direction=\u00a0\u00bb90deg\u00a0\u00bb background_color_gradient_start_position=\u00a0\u00bb17%\u00a0\u00bb background_color_gradient_end_position=\u00a0\u00bb0%\u00a0\u00bb z_index=\u00a0\u00bb10&Prime; custom_padding=\u00a0\u00bb6vw||6vw||true|false\u00a0\u00bb locked=\u00a0\u00bboff\u00a0\u00bb global_colors_info=\u00a0\u00bb{}\u00a0\u00bb][et_pb_row _builder_version=\u00a0\u00bb4.0.8&Prime; global_colors_info=\u00a0\u00bb{}\u00a0\u00bb][et_pb_column type=\u00a0\u00bb4_4&Prime; _builder_version=\u00a0\u00bb4.0.8&Prime; global_colors_info=\u00a0\u00bb{}\u00a0\u00bb][et_pb_text _builder_version=\u00a0\u00bb4.13.1&Prime; _module_preset=\u00a0\u00bbdefault\u00a0\u00bb min_height=\u00a0\u00bb28px\u00a0\u00bb global_colors_info=\u00a0\u00bb{}\u00a0\u00bb]<\/p>\n<h2><span style=\"color: #ff0000;\">\u2014 <span style=\"color: #000000;\">Festival international du film<\/span><\/span><\/h2>\n<p>[\/et_pb_text][et_pb_text _builder_version=\u00a0\u00bb4.13.1&Prime; header_2_font=\u00a0\u00bbRoboto Condensed|700||on|||||\u00a0\u00bb header_2_font_size=\u00a0\u00bb80px\u00a0\u00bb header_2_line_height=\u00a0\u00bb1.1em\u00a0\u00bb background_layout=\u00a0\u00bbdark\u00a0\u00bb custom_margin=\u00a0\u00bb-20px||||false|false\u00a0\u00bb header_2_font_size_tablet=\u00a0\u00bb50px\u00a0\u00bb header_2_font_size_phone=\u00a0\u00bb30px\u00a0\u00bb header_2_font_size_last_edited=\u00a0\u00bbon|phone\u00a0\u00bb global_colors_info=\u00a0\u00bb{}\u00a0\u00bb header_2_2_font_size_phone=\u00a0\u00bb30px\u00a0\u00bb header_3_2_font_size_phone=\u00a0\u00bb30px\u00a0\u00bb header_4_2_font_size_phone=\u00a0\u00bb30px\u00a0\u00bb header_5_2_font_size_phone=\u00a0\u00bb30px\u00a0\u00bb header_6_2_font_size_phone=\u00a0\u00bb30px\u00a0\u00bb header_2_2_font_size_tablet=\u00a0\u00bb50px\u00a0\u00bb header_3_2_font_size_tablet=\u00a0\u00bb50px\u00a0\u00bb header_4_2_font_size_tablet=\u00a0\u00bb50px\u00a0\u00bb header_5_2_font_size_tablet=\u00a0\u00bb50px\u00a0\u00bb header_6_2_font_size_tablet=\u00a0\u00bb50px\u00a0\u00bb header_2_2_font_size_last_edited=\u00a0\u00bbon|phone\u00a0\u00bb header_3_2_font_size_last_edited=\u00a0\u00bbon|phone\u00a0\u00bb header_4_2_font_size_last_edited=\u00a0\u00bbon|phone\u00a0\u00bb header_5_2_font_size_last_edited=\u00a0\u00bbon|phone\u00a0\u00bb header_6_2_font_size_last_edited=\u00a0\u00bbon|phone\u00a0\u00bb]<\/p>\n<h2><span style=\"color: #000000;\">ENTREVUES Belfort<\/span><span style=\"color: #000000;\"><\/span><\/h2>\n<p>[\/et_pb_text][et_pb_text _builder_version=\u00a0\u00bb4.13.1&Prime; text_font=\u00a0\u00bbLora||||||||\u00a0\u00bb text_text_color=\u00a0\u00bb#676879&Prime; text_font_size=\u00a0\u00bb16px\u00a0\u00bb text_line_height=\u00a0\u00bb2em\u00a0\u00bb custom_padding=\u00a0\u00bb||0px|||\u00a0\u00bb text_font_size_tablet=\u00a0\u00bb15px\u00a0\u00bb text_font_size_phone=\u00a0\u00bb14px\u00a0\u00bb text_font_size_last_edited=\u00a0\u00bbon|phone\u00a0\u00bb locked=\u00a0\u00bboff\u00a0\u00bb global_colors_info=\u00a0\u00bb{}\u00a0\u00bb]<\/p>\n<p><strong>Cr\u00e9\u00e9 par Janine Bazin en 1986, Entrevues est le festival international du film de Belfort. Il est d\u00e9di\u00e9 au jeune cin\u00e9ma contemporain, ind\u00e9pendant et novateur \u00e0 travers une comp\u00e9tition internationale de premi\u00e8res oeuvres (1er, 2\u00e8me et 3\u00e8me films), des r\u00e9trospectivesd&rsquo;auteurs et une aide \u00e0 la post-production.<\/strong><\/p>\n<p>&nbsp;<\/p>\n<h3>La 36\u00e8me \u00e9dition se d\u00e9roulera du 21 au 28 novembre 2021.<\/h3>\n<p>&nbsp;<\/p>\n<h4><strong><span style=\"color: #ff0000;\">\u2014\u00a0<\/span> La comp\u00e9tition internationale<\/strong><\/h4>\n<p>La comp\u00e9tition internationale\u00a0est <strong>consacr\u00e9e aux premiers, seconds et troisi\u00e8mes films<\/strong> : fictions et documentaires, longs et courts m\u00e9trages. Elle est dot\u00e9e de nombreux\u00a0<span style=\"color: #ff0000;\"><a href=\"https:\/\/www.festival-entrevues.com\/fr\/les-prix\" style=\"color: #ff0000;\">prix<\/a>.<\/span> <strong>De nombreux premiers films de jeunes cin\u00e9astes, fran\u00e7ais et \u00e9trangers, aujourd\u2019hui reconnus ont \u00e9t\u00e9 s\u00e9lectionn\u00e9s \u00e0 Belfort.<\/strong><br \/>Entre autres : Pedro Costa, Alain Guiraudie, Athina Rachel Tsangari, Jafar Panahi, Miguel Gomes, Rabah Ameur-Zaim\u00e8che, Leos Carax, Josh et Benny Safdie, Kleber Mendon\u00e7a Filho, Radu Jude, Yousry Nasrallah, Jos\u00e9 Luis Guerin, Nicolas Pereda, Sergei Loznitsa, Kelly Reichardt, Raya Martin, Abdellatif Kechiche, Yorgos Lanthimos, Laurent Cantet, Serge Bozon, Claire Simon, Lars von Trier, Laurent Achard, Brillante Mendoza, David Gordon Green, Albert Serra, Darren Aronofsky, Gianfranco Rosi, Abderrahmane Sissako, Patric Chiha, Corneliu Porumboiu, Arnaud des Palli\u00e8res ou Tariq Teguia\u2026<\/p>\n<p><strong><\/strong><\/p>\n<h4><strong><span style=\"color: #ff0000;\">\u2014\u00a0<\/span> Le soutien \u00e0 la post-production<\/strong><\/h4>\n<p><strong><\/strong><\/p>\n<p>Entrevues propose \u00e9galement un i<strong>mportant soutien \u00e0 la post-production<\/strong> pour des premiers, deuxi\u00e8mes ou troisi\u00e8mes longs m\u00e9trages :<span style=\"color: #ff0000;\">\u00a0<a href=\"https:\/\/www.festival-entrevues.com\/fr\/films-en-cours-2016\" style=\"color: #ff0000;\">\u00a0[Films en cours]<\/a>.<\/span><\/p>\n<p>Entre les auteurs d&rsquo;hier et d&rsquo;aujourd&rsquo;hui, entrevues dresse le tableau des innovations cin\u00e9matographiques \u00e0 l&rsquo;oeuvre dans le cin\u00e9ma mondial.<\/p>\n<p>&nbsp;<\/p>\n<p>[\/et_pb_text][et_pb_button button_url=\u00a0\u00bbhttps:\/\/www.festival-entrevues.com\/fr\u00a0\u00bb button_text=\u00a0\u00bben savoir plus\u00a0\u00bb button_alignment=\u00a0\u00bbleft\u00a0\u00bb button_alignment_tablet=\u00a0\u00bbleft\u00a0\u00bb button_alignment_phone=\u00a0\u00bb\u00a0\u00bb button_alignment_last_edited=\u00a0\u00bbon|phone\u00a0\u00bb _builder_version=\u00a0\u00bb4.13.1&Prime; custom_button=\u00a0\u00bbon\u00a0\u00bb button_text_size=\u00a0\u00bb14px\u00a0\u00bb button_text_color=\u00a0\u00bb#ffffff\u00a0\u00bb button_bg_color=\u00a0\u00bb#fc3f3f\u00a0\u00bb button_border_width=\u00a0\u00bb0px\u00a0\u00bb button_border_radius=\u00a0\u00bb0px\u00a0\u00bb button_letter_spacing=\u00a0\u00bb2px\u00a0\u00bb button_font=\u00a0\u00bbRoboto Condensed|700||on|||||\u00a0\u00bb button_icon=\u00a0\u00bb&#x24;||divi||400&Prime; button_on_hover=\u00a0\u00bboff\u00a0\u00bb custom_padding=\u00a0\u00bb16px|36px|16px|22px|true|false\u00a0\u00bb box_shadow_style=\u00a0\u00bbpreset3&Prime; box_shadow_color=\u00a0\u00bbrgba(252,63,63,0.48)\u00a0\u00bb locked=\u00a0\u00bboff\u00a0\u00bb global_colors_info=\u00a0\u00bb{}\u00a0\u00bb custom_padding__hover_enabled=\u00a0\u00bbon|hover\u00a0\u00bb custom_padding__hover=\u00a0\u00bb|40px||26px|true|false\u00a0\u00bb][\/et_pb_button][\/et_pb_column][\/et_pb_row][\/et_pb_section]<\/p>\n","protected":false},"excerpt":{"rendered":"<p>\u2014 Festival international du filmENTREVUES BelfortCr\u00e9\u00e9 par Janine Bazin en 1986, Entrevues est le festival international du film de Belfort. Il est d\u00e9di\u00e9 au jeune cin\u00e9ma contemporain, ind\u00e9pendant et novateur \u00e0 travers une comp\u00e9tition internationale de premi\u00e8res oeuvres (1er, 2\u00e8me et 3\u00e8me films), des r\u00e9trospectivesd&rsquo;auteurs et une aide \u00e0 la post-production. &nbsp; La 36\u00e8me \u00e9dition [&hellip;]<\/p>\n","protected":false},"author":1,"featured_media":0,"parent":0,"menu_order":0,"comment_status":"closed","ping_status":"closed","template":"","meta":{"_et_pb_use_builder":"on","_et_pb_old_content":"","_et_gb_content_width":""},"_links":{"self":[{"href":"https:\/\/fonderie-infocom.net\/premieresepreuvesentrevuesbelfort\/index.php?rest_route=\/wp\/v2\/pages\/216778"}],"collection":[{"href":"https:\/\/fonderie-infocom.net\/premieresepreuvesentrevuesbelfort\/index.php?rest_route=\/wp\/v2\/pages"}],"about":[{"href":"https:\/\/fonderie-infocom.net\/premieresepreuvesentrevuesbelfort\/index.php?rest_route=\/wp\/v2\/types\/page"}],"author":[{"embeddable":true,"href":"https:\/\/fonderie-infocom.net\/premieresepreuvesentrevuesbelfort\/index.php?rest_route=\/wp\/v2\/users\/1"}],"replies":[{"embeddable":true,"href":"https:\/\/fonderie-infocom.net\/premieresepreuvesentrevuesbelfort\/index.php?rest_route=%2Fwp%2Fv2%2Fcomments&post=216778"}],"version-history":[{"count":5,"href":"https:\/\/fonderie-infocom.net\/premieresepreuvesentrevuesbelfort\/index.php?rest_route=\/wp\/v2\/pages\/216778\/revisions"}],"predecessor-version":[{"id":217091,"href":"https:\/\/fonderie-infocom.net\/premieresepreuvesentrevuesbelfort\/index.php?rest_route=\/wp\/v2\/pages\/216778\/revisions\/217091"}],"wp:attachment":[{"href":"https:\/\/fonderie-infocom.net\/premieresepreuvesentrevuesbelfort\/index.php?rest_route=%2Fwp%2Fv2%2Fmedia&parent=216778"}],"curies":[{"name":"wp","href":"https:\/\/api.w.org\/{rel}","templated":true}]}}