{"id":216807,"date":"2021-11-15T10:00:30","date_gmt":"2021-11-15T09:00:30","guid":{"rendered":"https:\/\/fonderie-infocom.net\/premieresepreuvesentrevuesbelfort\/?page_id=216807"},"modified":"2022-11-16T15:46:03","modified_gmt":"2022-11-16T14:46:03","slug":"lepreuve-ecrite","status":"publish","type":"page","link":"https:\/\/fonderie-infocom.net\/premieresepreuvesentrevuesbelfort\/?page_id=216807","title":{"rendered":"L&rsquo;\u00e9preuve \u00e9crite"},"content":{"rendered":"<p>[et_pb_section fb_built=\u00a0\u00bb1&Prime; specialty=\u00a0\u00bbon\u00a0\u00bb use_background_color_gradient_1=\u00a0\u00bbon\u00a0\u00bb background_color_gradient_start_1=\u00a0\u00bbrgba(0,0,0,0)\u00a0\u00bb background_color_gradient_end_1=\u00a0\u00bbrgba(0,0,0,0)\u00a0\u00bb background_color_gradient_start_position_1=\u00a0\u00bb44%\u00a0\u00bb _builder_version=\u00a0\u00bb4.13.1&Prime; _module_preset=\u00a0\u00bbdefault\u00a0\u00bb background_image=\u00a0\u00bbhttps:\/\/fonderie-infocom.net\/premieresepreuvesentrevuesbelfort\/wp-content\/uploads\/2021\/11\/e\u0301preuve-e\u0301crite.jpg\u00a0\u00bb background_size=\u00a0\u00bbcontain\u00a0\u00bb background_position=\u00a0\u00bbtop_right\u00a0\u00bb global_colors_info=\u00a0\u00bb{}\u00a0\u00bb][et_pb_column type=\u00a0\u00bb1_2&Prime; _builder_version=\u00a0\u00bb3.25&Prime; custom_padding=\u00a0\u00bb|||\u00a0\u00bb global_colors_info=\u00a0\u00bb{}\u00a0\u00bb custom_padding__hover=\u00a0\u00bb|||\u00a0\u00bb][et_pb_text _builder_version=\u00a0\u00bb4.13.1&Prime; _module_preset=\u00a0\u00bbdefault\u00a0\u00bb min_height=\u00a0\u00bb26px\u00a0\u00bb custom_margin=\u00a0\u00bb||6px||false|false\u00a0\u00bb global_colors_info=\u00a0\u00bb{}\u00a0\u00bb]<\/p>\n<h2><span style=\"color: #ffffff;\">\u2014\u00a0<\/span><\/h2>\n<p>[\/et_pb_text][et_pb_text _builder_version=\u00a0\u00bb4.13.1&Prime; _module_preset=\u00a0\u00bbdefault\u00a0\u00bb min_height=\u00a0\u00bb26px\u00a0\u00bb custom_margin=\u00a0\u00bb||6px||false|false\u00a0\u00bb global_colors_info=\u00a0\u00bb{}\u00a0\u00bb]<\/p>\n<h2><span style=\"color: #ff0000;\">\u2014<\/span> LE baccalaur\u00e9at<\/h2>\n<p>[\/et_pb_text][et_pb_text _builder_version=\u00a0\u00bb4.13.1&Prime; text_font=\u00a0\u00bbLora||||||||\u00a0\u00bb text_text_color=\u00a0\u00bb#676879&Prime; text_font_size=\u00a0\u00bb16px\u00a0\u00bb text_line_height=\u00a0\u00bb2em\u00a0\u00bb header_2_font=\u00a0\u00bbRoboto Condensed|700||on|||||\u00a0\u00bb header_2_font_size=\u00a0\u00bb80px\u00a0\u00bb header_2_line_height=\u00a0\u00bb1.1em\u00a0\u00bb width=\u00a0\u00bb123.3%\u00a0\u00bb custom_margin=\u00a0\u00bb|-88px|||false|false\u00a0\u00bb text_font_size_tablet=\u00a0\u00bb15px\u00a0\u00bb text_font_size_phone=\u00a0\u00bb14px\u00a0\u00bb text_font_size_last_edited=\u00a0\u00bbon|phone\u00a0\u00bb header_2_font_size_tablet=\u00a0\u00bb50px\u00a0\u00bb header_2_font_size_phone=\u00a0\u00bb30px\u00a0\u00bb header_2_font_size_last_edited=\u00a0\u00bbon|phone\u00a0\u00bb locked=\u00a0\u00bboff\u00a0\u00bb global_colors_info=\u00a0\u00bb{}\u00a0\u00bb]<\/p>\n<h2><span style=\"color: #000000;\"><span style=\"color: #4a00d8;\"><span style=\"color: #000000;\">L&rsquo;\u00e9preuve \u00e9crite<\/span><\/span><\/span><\/h2>\n<p><span style=\"font-weight: 400;\"><\/span><\/p>\n<p><span style=\"font-weight: 400;\"><\/span><\/p>\n<p>[\/et_pb_text][et_pb_text _builder_version=\u00a0\u00bb4.13.1&Prime; _module_preset=\u00a0\u00bbdefault\u00a0\u00bb min_height=\u00a0\u00bb26px\u00a0\u00bb custom_margin=\u00a0\u00bb||6px||false|false\u00a0\u00bb global_colors_info=\u00a0\u00bb{}\u00a0\u00bb]<\/p>\n<h2><span style=\"color: #ffffff;\">\u2014\u00a0<\/span><\/h2>\n<p>[\/et_pb_text][\/et_pb_column][et_pb_column type=\u00a0\u00bb1_2&Prime; specialty_columns=\u00a0\u00bb2&Prime; _builder_version=\u00a0\u00bb3.25&Prime; custom_padding=\u00a0\u00bb|||\u00a0\u00bb global_colors_info=\u00a0\u00bb{}\u00a0\u00bb custom_padding__hover=\u00a0\u00bb|||\u00a0\u00bb][\/et_pb_column][\/et_pb_section][et_pb_section fb_built=\u00a0\u00bb1&Prime; _builder_version=\u00a0\u00bb4.13.1&Prime; _module_preset=\u00a0\u00bbdefault\u00a0\u00bb background_color=\u00a0\u00bb#BD7376&Prime; min_height=\u00a0\u00bb100px\u00a0\u00bb height=\u00a0\u00bb100px\u00a0\u00bb max_height=\u00a0\u00bb100px\u00a0\u00bb custom_padding=\u00a0\u00bb||0px|||\u00a0\u00bb global_colors_info=\u00a0\u00bb{}\u00a0\u00bb][\/et_pb_section][et_pb_section fb_built=\u00a0\u00bb1&Prime; _builder_version=\u00a0\u00bb4.13.1&Prime; _module_preset=\u00a0\u00bbdefault\u00a0\u00bb use_background_color_gradient=\u00a0\u00bbon\u00a0\u00bb background_color_gradient_start=\u00a0\u00bbrgba(0,0,0,0)\u00a0\u00bb background_color_gradient_end=\u00a0\u00bbrgba(0,0,0,0)\u00a0\u00bb background_color_gradient_direction=\u00a0\u00bb90deg\u00a0\u00bb background_color_gradient_start_position=\u00a0\u00bb20%\u00a0\u00bb background_color_gradient_end_position=\u00a0\u00bb12%\u00a0\u00bb min_height=\u00a0\u00bb1428px\u00a0\u00bb custom_margin=\u00a0\u00bb-6px||||false|false\u00a0\u00bb custom_padding=\u00a0\u00bb0px||||false|false\u00a0\u00bb global_colors_info=\u00a0\u00bb{}\u00a0\u00bb][et_pb_row _builder_version=\u00a0\u00bb4.13.1&Prime; _module_preset=\u00a0\u00bbdefault\u00a0\u00bb global_colors_info=\u00a0\u00bb{}\u00a0\u00bb][et_pb_column type=\u00a0\u00bb4_4&Prime; _builder_version=\u00a0\u00bb4.13.1&Prime; _module_preset=\u00a0\u00bbdefault\u00a0\u00bb global_colors_info=\u00a0\u00bb{}\u00a0\u00bb][et_pb_text _builder_version=\u00a0\u00bb4.13.1&Prime; _module_preset=\u00a0\u00bbdefault\u00a0\u00bb global_colors_info=\u00a0\u00bb{}\u00a0\u00bb][\/et_pb_text][\/et_pb_column][\/et_pb_row][et_pb_row _builder_version=\u00a0\u00bb4.0.8&Prime; global_colors_info=\u00a0\u00bb{}\u00a0\u00bb][et_pb_column type=\u00a0\u00bb4_4&Prime; _builder_version=\u00a0\u00bb4.0.8&Prime; global_colors_info=\u00a0\u00bb{}\u00a0\u00bb][et_pb_text _builder_version=\u00a0\u00bb4.13.1&Prime; text_font=\u00a0\u00bbLora||||||||\u00a0\u00bb text_text_color=\u00a0\u00bb#676879&Prime; text_font_size=\u00a0\u00bb16px\u00a0\u00bb text_line_height=\u00a0\u00bb2em\u00a0\u00bb header_2_font=\u00a0\u00bbRoboto Condensed|700||on|||||\u00a0\u00bb header_2_font_size=\u00a0\u00bb80px\u00a0\u00bb header_2_line_height=\u00a0\u00bb1.1em\u00a0\u00bb custom_margin=\u00a0\u00bb||||false|false\u00a0\u00bb text_font_size_tablet=\u00a0\u00bb15px\u00a0\u00bb text_font_size_phone=\u00a0\u00bb14px\u00a0\u00bb text_font_size_last_edited=\u00a0\u00bbon|phone\u00a0\u00bb header_2_font_size_tablet=\u00a0\u00bb50px\u00a0\u00bb header_2_font_size_phone=\u00a0\u00bb30px\u00a0\u00bb header_2_font_size_last_edited=\u00a0\u00bbon|phone\u00a0\u00bb locked=\u00a0\u00bboff\u00a0\u00bb global_colors_info=\u00a0\u00bb{}\u00a0\u00bb]<\/p>\n<h1><span style=\"color: #ff0000;\">\u2014<\/span> Partie 1<\/h1>\n<p><span>La\u00a0premi\u00e8re partie consiste \u00e0 analyser un extrait\u00a0de quelques minutes du film de l\u2019ann\u00e9e qui\u00a0vous sera projet\u00e9\u00a0plusieurs fois\u00a0au tout d\u00e9but de l\u2019\u00e9preuve. Que faut\u2013il dire? Eh bien, ce que vous\u00a0savez!\u00a0C\u2019est un film que vous avez d\u00e9j\u00e0 visionn\u00e9 et analys\u00e9, donc vous savez dans quoi vous vous\u00a0embarqu\u00e9.\u00a0Pour\u00a0arriver confiant le jour\u00a0J, regardez\u2013le une nouvelle fois dans la semaine pour bien\u00a0vous le rem\u00e9morer et vous assurer que vous\u00a0les points \u00e0 aborder pour\u00a0chaque chapitre du film.\u00a0C\u2019est inutile de vous inqui\u00e9ter\u00a0: les films ont tous une th\u00e9matique principale, des grands\u00a0th\u00e8mes qui sont abord\u00e9s tout au long de l\u2019histoire,\u00a0et\u00a0c\u2019est\u00a0de \u00e7a dont il faut parler\u00a0: qu\u2019est\u2013ce que le\u00a0r\u00e9alisateur veut dire ici, le message qu\u2019il veut faire passer ?\u00a0Comment: les moyens pour faire\u00a0passer ce message,\u00a0\u00a0la construction des plans, le cadrage,\u00a0la musique, les dialogues\u2026 ?\u00a0Le temps\u00a0indicatif\u00a0pour cette partie est de 1h30 environ<\/span><span>.<\/span><\/p>\n<p><span style=\"font-weight: 400;\"><\/span><\/p>\n<p><span style=\"font-weight: 400;\"><\/span><\/p>\n<p>[\/et_pb_text][\/et_pb_column][\/et_pb_row][et_pb_row _builder_version=\u00a0\u00bb4.0.8&Prime; global_colors_info=\u00a0\u00bb{}\u00a0\u00bb][et_pb_column type=\u00a0\u00bb4_4&Prime; _builder_version=\u00a0\u00bb4.0.8&Prime; global_colors_info=\u00a0\u00bb{}\u00a0\u00bb][et_pb_text _builder_version=\u00a0\u00bb4.13.1&Prime; text_font=\u00a0\u00bbLora||||||||\u00a0\u00bb text_text_color=\u00a0\u00bb#676879&Prime; text_font_size=\u00a0\u00bb16px\u00a0\u00bb text_line_height=\u00a0\u00bb2em\u00a0\u00bb header_2_font=\u00a0\u00bbRoboto Condensed|700||on|||||\u00a0\u00bb header_2_font_size=\u00a0\u00bb80px\u00a0\u00bb header_2_line_height=\u00a0\u00bb1.1em\u00a0\u00bb custom_margin=\u00a0\u00bb||||false|false\u00a0\u00bb text_font_size_tablet=\u00a0\u00bb15px\u00a0\u00bb text_font_size_phone=\u00a0\u00bb14px\u00a0\u00bb text_font_size_last_edited=\u00a0\u00bbon|phone\u00a0\u00bb header_2_font_size_tablet=\u00a0\u00bb50px\u00a0\u00bb header_2_font_size_phone=\u00a0\u00bb30px\u00a0\u00bb header_2_font_size_last_edited=\u00a0\u00bbon|phone\u00a0\u00bb locked=\u00a0\u00bboff\u00a0\u00bb global_colors_info=\u00a0\u00bb{}\u00a0\u00bb]<\/p>\n<h1><span style=\"color: #ff0000;\">\u2014<\/span> Partie 2<\/h1>\n<p><span>Une fois la partie d\u2019analyse termine\u0301e, il vous reste environ 2h pour vous occuper de la fin du sujet. Ici, on vous demande de choisir entre un sujet cre\u0301atif ou re\u0301flexif.<\/span><\/p>\n<p><span>La consigne du sujet cre\u0301atif est de vous faire re\u0301e\u0301crire la sce\u0300ne projete\u0301e a\u0300 la premie\u0300re partie de l\u2019e\u0301preuve mais en la remettant a\u0300 votre sauce : on vous fournit la consigne pour vous expliquer ce qu\u2019il faut dire, et ensuite vous e\u0302tes libre de faire votre premier bout de sce\u0301nario hollywoodien. Bon, c\u2019est vrai qu\u2019il est simplement e\u0301crit sur une feuille d\u2019examen\u2026 Mais ce qui est important ici, c\u2019est que vous pouvez laisser votre imaginaire s\u2019exprimer. Vous n\u2019e\u0302tes pas limite\u0301 par des moyens techniques puisque c\u2019est sur papier ! Expliquez clairement ce que vous pensez, les gestes des personnages, leurs de\u0301placements, l\u2019angle de la came\u0301ra, son traveling, le genre de musique qu\u2019il faudrait ajouter, les sons\u2026 bref, tout ce qui permet de justifier votre re\u0301e\u0301criture. Veillez simplement a\u0300 ne pas vous e\u0301garer de la consigne. On attend de vous des e\u0301le\u0301ments visuels et sonores permettant d\u2019expliciter votre ide\u0301e (extraits de sce\u0301nario, fragments de de\u0301coupage, e\u0301le\u0301ments de story-board, plans au sol, sche\u0301mas, indications sonores et musicales, etc.).<\/span><\/p>\n<p><span>Le sujet re\u0301flexif, quant a\u0300 lui, est plus acade\u0301mique. Un corpus de 2 a\u0300 4 documents lie\u0301 une nouvelle fois a\u0300 l\u2019\u0153uvre projete\u0301e plus to\u0302t vous est fourni, et en utilisant ce corpus et vos connaissances vous devez re\u0301pondre a\u0300 une question. Cela ressemble a\u0300 une composition scolaire classique, mais vous avez quand me\u0302me un petit avantage: les documents fournis. Eh oui, habituellement, faire une composition se base sur vos seules connaissances du sujet : \u00ab Qu\u2019est-ce que le bonheur ? Vous avez 4 heures \u00bb. Mais ici, vous pouvez utiliser ce que l\u2019on vous fournit pour vous aider a\u0300 orienter votre re\u0301flexion. Il vous suffit simplement d\u2019utiliser les documents comme justification de vos propos (un peu comme une preuve de ce que vous avancez) ou comme tremplin pour vous permettre d\u2019e\u0301taler votre savoir. En re\u0301sume\u0301, et sche\u0301matiquement, vous fonctionnez soit comme c\u0327a : \u00ab Dans cette \u0153uvre, il est dit bla bla bla comme le montre ce document \u00bb, soit comme c\u0327a : \u00ab Ce document montre c\u0327a, et en effet, dans cette \u0153uvre bla bla bla \u00bb.<\/span><\/p>\n<p><span>En re\u0301sume\u0301, si vous e\u0302tes pluto\u0302t a\u0300 imaginer des histoires ou des sce\u0300nes avec des plans, des musiques etc. pre\u0301fe\u0301rez le premier sujet, et si au contraire vous e\u0302tes pluto\u0302t dans la re\u0301flexion et la compre\u0301hension un peu plus profonde de l\u2019\u0153uvre, orientez-vous vers le second sujet.<\/span><\/p>\n<p><span>Ne\u0301anmoins, ne choisissez pas avant me\u0302me d\u2019avoir bien les sujets. Prenez 5 ou 10 minutes au de\u0301but de l\u2019e\u0301preuve pour faire le tour des 2 consignes en essayant de voir ce qu\u2019elles vous inspirent.<\/span><\/p>\n<p><span>N\u2019oubliez pas que vous avez 2h, donc mieux vaut prendre son temps au de\u0301part pour e\u0302tre certain de ce que vous faites, pluto\u0302t que de partir comme une fle\u0300che et ne plus savoir quoi e\u0301crire au bout de 30 minutes.<\/span><\/p>\n<p><span style=\"font-weight: 400;\"><\/span><\/p>\n<p><span style=\"font-weight: 400;\"><\/span><\/p>\n<p>[\/et_pb_text][et_pb_button button_url=\u00a0\u00bbhttps:\/\/fonderie-infocom.net\/premieresepreuvesentrevuesbelfort\/?page_id=216798&Prime; button_text=\u00a0\u00bbL&rsquo;\u00c9preuve orale \u00a0\u00bb button_alignment=\u00a0\u00bbleft\u00a0\u00bb button_alignment_tablet=\u00a0\u00bbleft\u00a0\u00bb button_alignment_phone=\u00a0\u00bb\u00a0\u00bb button_alignment_last_edited=\u00a0\u00bbon|phone\u00a0\u00bb _builder_version=\u00a0\u00bb4.13.1&Prime; custom_button=\u00a0\u00bbon\u00a0\u00bb button_text_size=\u00a0\u00bb14px\u00a0\u00bb button_text_color=\u00a0\u00bb#ffffff\u00a0\u00bb button_bg_color=\u00a0\u00bb#fc3f3f\u00a0\u00bb button_border_width=\u00a0\u00bb0px\u00a0\u00bb button_border_radius=\u00a0\u00bb0px\u00a0\u00bb button_letter_spacing=\u00a0\u00bb2px\u00a0\u00bb button_font=\u00a0\u00bbRoboto Condensed|700||on|||||\u00a0\u00bb button_icon=\u00a0\u00bb&#x24;||divi||400&Prime; button_on_hover=\u00a0\u00bboff\u00a0\u00bb custom_padding=\u00a0\u00bb16px|36px|16px|22px|true|false\u00a0\u00bb box_shadow_style=\u00a0\u00bbpreset3&Prime; box_shadow_color=\u00a0\u00bbrgba(252,63,63,0.48)\u00a0\u00bb locked=\u00a0\u00bboff\u00a0\u00bb global_colors_info=\u00a0\u00bb{}\u00a0\u00bb custom_padding__hover_enabled=\u00a0\u00bbon|hover\u00a0\u00bb custom_padding__hover=\u00a0\u00bb|40px||26px|true|false\u00a0\u00bb][\/et_pb_button][\/et_pb_column][\/et_pb_row][\/et_pb_section][et_pb_section fb_built=\u00a0\u00bb1&Prime; _builder_version=\u00a0\u00bb4.13.1&Prime; _module_preset=\u00a0\u00bbdefault\u00a0\u00bb min_height=\u00a0\u00bb706px\u00a0\u00bb global_colors_info=\u00a0\u00bb{}\u00a0\u00bb][et_pb_row _builder_version=\u00a0\u00bb4.13.1&Prime; _module_preset=\u00a0\u00bbdefault\u00a0\u00bb global_colors_info=\u00a0\u00bb{}\u00a0\u00bb][et_pb_column type=\u00a0\u00bb4_4&Prime; _builder_version=\u00a0\u00bb4.13.1&Prime; _module_preset=\u00a0\u00bbdefault\u00a0\u00bb global_colors_info=\u00a0\u00bb{}\u00a0\u00bb][et_pb_text _builder_version=\u00a0\u00bb4.13.1&Prime; text_font=\u00a0\u00bbLora||||||||\u00a0\u00bb text_text_color=\u00a0\u00bb#676879&Prime; text_font_size=\u00a0\u00bb16px\u00a0\u00bb text_line_height=\u00a0\u00bb2em\u00a0\u00bb header_2_font=\u00a0\u00bbRoboto Condensed|700||on|||||\u00a0\u00bb header_2_font_size=\u00a0\u00bb80px\u00a0\u00bb header_2_line_height=\u00a0\u00bb1.1em\u00a0\u00bb custom_margin=\u00a0\u00bb||||false|false\u00a0\u00bb text_font_size_tablet=\u00a0\u00bb15px\u00a0\u00bb text_font_size_phone=\u00a0\u00bb14px\u00a0\u00bb text_font_size_last_edited=\u00a0\u00bbon|phone\u00a0\u00bb header_2_font_size_tablet=\u00a0\u00bb50px\u00a0\u00bb header_2_font_size_phone=\u00a0\u00bb30px\u00a0\u00bb header_2_font_size_last_edited=\u00a0\u00bbon|phone\u00a0\u00bb locked=\u00a0\u00bboff\u00a0\u00bb global_colors_info=\u00a0\u00bb{}\u00a0\u00bb]<\/p>\n<h1 style=\"text-align: left;\"><span style=\"color: #000000;\"><span style=\"color: #4a00d8;\"><span style=\"color: #000000;\">Les 3 films de 2022-2023<\/span><\/span><\/span><\/h1>\n<p><span style=\"font-weight: 400;\"><\/span><\/p>\n<p><span style=\"font-weight: 400;\"><\/span><\/p>\n<p>[\/et_pb_text][\/et_pb_column][\/et_pb_row][et_pb_row column_structure=\u00a0\u00bb1_3,1_3,1_3&Prime; _builder_version=\u00a0\u00bb4.13.1&Prime; _module_preset=\u00a0\u00bbdefault\u00a0\u00bb global_colors_info=\u00a0\u00bb{}\u00a0\u00bb][et_pb_column type=\u00a0\u00bb1_3&Prime; _builder_version=\u00a0\u00bb4.13.1&Prime; _module_preset=\u00a0\u00bbdefault\u00a0\u00bb global_colors_info=\u00a0\u00bb{}\u00a0\u00bb][et_pb_image src=\u00a0\u00bbhttps:\/\/fonderie-infocom.net\/premieresepreuvesentrevuesbelfort\/wp-content\/uploads\/2021\/11\/Affiche-Ready-Player-One.jpg\u00a0\u00bb alt=\u00a0\u00bbAffiche Ready Player One\u00a0\u00bb title_text=\u00a0\u00bbAffiche Ready Player One\u00a0\u00bb url=\u00a0\u00bbhttps:\/\/fonderie-infocom.net\/premieresepreuvesentrevuesbelfort\/?page_id=216831&Prime; force_fullwidth=\u00a0\u00bbon\u00a0\u00bb _builder_version=\u00a0\u00bb4.13.1&Prime; _module_preset=\u00a0\u00bbdefault\u00a0\u00bb max_height=\u00a0\u00bb422px\u00a0\u00bb hover_enabled=\u00a0\u00bb0&Prime; global_colors_info=\u00a0\u00bb{}\u00a0\u00bb sticky_enabled=\u00a0\u00bb0&Prime;][\/et_pb_image][\/et_pb_column][et_pb_column type=\u00a0\u00bb1_3&Prime; _builder_version=\u00a0\u00bb4.13.1&Prime; _module_preset=\u00a0\u00bbdefault\u00a0\u00bb global_colors_info=\u00a0\u00bb{}\u00a0\u00bb][et_pb_image src=\u00a0\u00bbhttps:\/\/fonderie-infocom.net\/premieresepreuvesentrevuesbelfort\/wp-content\/uploads\/2022\/11\/images.jpeg\u00a0\u00bb alt=\u00a0\u00bbAffiche Cle\u0301o de 5 a\u0300 7&Prime; title_text=\u00a0\u00bbimages\u00a0\u00bb url=\u00a0\u00bbhttps:\/\/fonderie-infocom.net\/premieresepreuvesentrevuesbelfort\/?page_id=216866&Prime; align=\u00a0\u00bbcenter\u00a0\u00bb _builder_version=\u00a0\u00bb4.13.1&Prime; _module_preset=\u00a0\u00bbdefault\u00a0\u00bb max_height=\u00a0\u00bb422px\u00a0\u00bb global_colors_info=\u00a0\u00bb{}\u00a0\u00bb][\/et_pb_image][\/et_pb_column][et_pb_column type=\u00a0\u00bb1_3&Prime; _builder_version=\u00a0\u00bb4.13.1&Prime; _module_preset=\u00a0\u00bbdefault\u00a0\u00bb global_colors_info=\u00a0\u00bb{}\u00a0\u00bb][et_pb_image src=\u00a0\u00bbhttps:\/\/fonderie-infocom.net\/premieresepreuvesentrevuesbelfort\/wp-content\/uploads\/2021\/11\/Affiche-Secret-Beyond-the-door.jpg.jpeg\u00a0\u00bb alt=\u00a0\u00bbAffiche Secret Beyond the door.jpg\u00a0\u00bb title_text=\u00a0\u00bbAffiche Secret Beyond the door.jpg\u00a0\u00bb url=\u00a0\u00bbhttps:\/\/fonderie-infocom.net\/premieresepreuvesentrevuesbelfort\/?page_id=216876&Prime; align=\u00a0\u00bbright\u00a0\u00bb _builder_version=\u00a0\u00bb4.13.1&Prime; _module_preset=\u00a0\u00bbdefault\u00a0\u00bb max_height=\u00a0\u00bb422px\u00a0\u00bb global_colors_info=\u00a0\u00bb{}\u00a0\u00bb][\/et_pb_image][\/et_pb_column][\/et_pb_row][\/et_pb_section]<\/p>\n","protected":false},"excerpt":{"rendered":"<p>\u2014\u00a0\u2014 LE baccalaur\u00e9atL&rsquo;\u00e9preuve \u00e9crite \u2014\u00a0\u2014 Partie 1 La\u00a0premi\u00e8re partie consiste \u00e0 analyser un extrait\u00a0de quelques minutes du film de l\u2019ann\u00e9e qui\u00a0vous sera projet\u00e9\u00a0plusieurs fois\u00a0au tout d\u00e9but de l\u2019\u00e9preuve. Que faut\u2013il dire? Eh bien, ce que vous\u00a0savez!\u00a0C\u2019est un film que vous avez d\u00e9j\u00e0 visionn\u00e9 et analys\u00e9, donc vous savez dans quoi vous vous\u00a0embarqu\u00e9.\u00a0Pour\u00a0arriver confiant le jour\u00a0J, [&hellip;]<\/p>\n","protected":false},"author":1,"featured_media":0,"parent":0,"menu_order":0,"comment_status":"closed","ping_status":"closed","template":"","meta":{"_et_pb_use_builder":"on","_et_pb_old_content":"","_et_gb_content_width":""},"_links":{"self":[{"href":"https:\/\/fonderie-infocom.net\/premieresepreuvesentrevuesbelfort\/index.php?rest_route=\/wp\/v2\/pages\/216807"}],"collection":[{"href":"https:\/\/fonderie-infocom.net\/premieresepreuvesentrevuesbelfort\/index.php?rest_route=\/wp\/v2\/pages"}],"about":[{"href":"https:\/\/fonderie-infocom.net\/premieresepreuvesentrevuesbelfort\/index.php?rest_route=\/wp\/v2\/types\/page"}],"author":[{"embeddable":true,"href":"https:\/\/fonderie-infocom.net\/premieresepreuvesentrevuesbelfort\/index.php?rest_route=\/wp\/v2\/users\/1"}],"replies":[{"embeddable":true,"href":"https:\/\/fonderie-infocom.net\/premieresepreuvesentrevuesbelfort\/index.php?rest_route=%2Fwp%2Fv2%2Fcomments&post=216807"}],"version-history":[{"count":8,"href":"https:\/\/fonderie-infocom.net\/premieresepreuvesentrevuesbelfort\/index.php?rest_route=\/wp\/v2\/pages\/216807\/revisions"}],"predecessor-version":[{"id":217111,"href":"https:\/\/fonderie-infocom.net\/premieresepreuvesentrevuesbelfort\/index.php?rest_route=\/wp\/v2\/pages\/216807\/revisions\/217111"}],"wp:attachment":[{"href":"https:\/\/fonderie-infocom.net\/premieresepreuvesentrevuesbelfort\/index.php?rest_route=%2Fwp%2Fv2%2Fmedia&parent=216807"}],"curies":[{"name":"wp","href":"https:\/\/api.w.org\/{rel}","templated":true}]}}